{"id":7158,"date":"2016-08-27T16:19:01","date_gmt":"2016-08-27T16:19:01","guid":{"rendered":"https:\/\/feidt-paris.com\/?product=creoles-a-pointe-les-eternels"},"modified":"2025-05-27T10:23:05","modified_gmt":"2025-05-27T10:23:05","slug":"creole-pic-diamants-feidt-paris","status":"publish","type":"product","link":"https:\/\/www.feidt-paris.com\/en\/product\/creole-pic-diamants-feidt-paris\/","title":{"rendered":"Cr\u00e9ole pic"},"content":{"rendered":"","protected":false},"excerpt":{"rendered":"<p>La cr\u00e9ole pic diamants en or 18 carats est sertie\u00a0 de 8 diamants VS1.<\/p>\n<p><strong><em>Cr\u00e9ole vendue \u00e0 l&rsquo;unit\u00e9.\u00a0<\/em><\/strong><\/p>","protected":false},"featured_media":33959,"template":"","meta":[],"product_brand":[],"product_cat":[313,452],"product_tag":[],"class_list":{"0":"post-7158","1":"product","2":"type-product","3":"status-publish","4":"has-post-thumbnail","6":"product_cat-bo","7":"product_cat-bo-creoles","8":"pa_couleur-dor-blanc","9":"pa_couleur-dor-jaune","10":"pa_type-de-bijoux-boucles-doreilles","11":"pa_type-de-pierres-diamants-blancs","12":"pa_type-de-pierres-diamants-noir","13":"pa_type-dor-18-carats","15":"first","16":"instock","17":"taxable","18":"shipping-taxable","19":"purchasable","20":"product-type-variable"},"yoast_head":"<!-- This site is optimized with the Yoast SEO plugin v27.4 - https:\/\/yoast.com\/product\/yoast-seo-wordpress\/ -->\n<title>Cr\u00e9ole pic - Feidt<\/title>\n<meta name=\"robots\" content=\"index, follow, max-snippet:-1, max-image-preview:large, max-video-preview:-1\" \/>\n<link rel=\"canonical\" href=\"https:\/\/www.feidt-paris.com\/en\/product\/creole-pic-diamants-feidt-paris\/\" \/>\n<meta property=\"og:locale\" content=\"en_US\" \/>\n<meta property=\"og:type\" content=\"article\" \/>\n<meta property=\"og:title\" content=\"Cr\u00e9ole pic - Feidt\" \/>\n<meta property=\"og:description\" content=\"La cr\u00e9ole pic diamants en or 18 carats est sertie\u00a0 de 8 diamants VS1.  Cr\u00e9ole vendue \u00e0 l&#039;unit\u00e9.\u00a0\" \/>\n<meta property=\"og:url\" content=\"https:\/\/www.feidt-paris.com\/en\/product\/creole-pic-diamants-feidt-paris\/\" \/>\n<meta property=\"og:site_name\" content=\"Feidt\" \/>\n<meta property=\"article:publisher\" content=\"https:\/\/fr-fr.facebook.com\/pages\/category\/Local-Business\/Feidt-Paris-179956148711302\/\" \/>\n<meta property=\"article:modified_time\" content=\"2025-05-27T10:23:05+00:00\" \/>\n<meta property=\"og:image\" content=\"https:\/\/www.feidt-paris.com\/wp-content\/uploads\/2016\/08\/Creole-pointe-diamant.jpg\" \/>\n\t<meta property=\"og:image:width\" content=\"2048\" \/>\n\t<meta property=\"og:image:height\" content=\"2048\" \/>\n\t<meta property=\"og:image:type\" content=\"image\/jpeg\" \/>\n<meta name=\"twitter:label1\" content=\"Est. reading time\" \/>\n\t<meta name=\"twitter:data1\" content=\"1 minute\" \/>\n<script type=\"application\/ld+json\" class=\"yoast-schema-graph\">{\"@context\":\"https:\\\/\\\/schema.org\",\"@graph\":[{\"@type\":\"WebPage\",\"@id\":\"https:\\\/\\\/www.feidt-paris.com\\\/produit\\\/creole-pic-diamants-feidt-paris\\\/\",\"url\":\"https:\\\/\\\/www.feidt-paris.com\\\/produit\\\/creole-pic-diamants-feidt-paris\\\/\",\"name\":\"Cr\u00e9ole pic - Feidt\",\"isPartOf\":{\"@id\":\"https:\\\/\\\/www.feidt-paris.com\\\/#website\"},\"primaryImageOfPage\":{\"@id\":\"https:\\\/\\\/www.feidt-paris.com\\\/produit\\\/creole-pic-diamants-feidt-paris\\\/#primaryimage\"},\"image\":{\"@id\":\"https:\\\/\\\/www.feidt-paris.com\\\/produit\\\/creole-pic-diamants-feidt-paris\\\/#primaryimage\"},\"thumbnailUrl\":\"https:\\\/\\\/www.feidt-paris.com\\\/wp-content\\\/uploads\\\/2016\\\/08\\\/Creole-pointe-diamant.jpg\",\"datePublished\":\"2016-08-27T16:19:01+00:00\",\"dateModified\":\"2025-05-27T10:23:05+00:00\",\"breadcrumb\":{\"@id\":\"https:\\\/\\\/www.feidt-paris.com\\\/produit\\\/creole-pic-diamants-feidt-paris\\\/#breadcrumb\"},\"inLanguage\":\"en-US\",\"potentialAction\":[{\"@type\":\"ReadAction\",\"target\":[\"https:\\\/\\\/www.feidt-paris.com\\\/produit\\\/creole-pic-diamants-feidt-paris\\\/\"]}]},{\"@type\":\"ImageObject\",\"inLanguage\":\"en-US\",\"@id\":\"https:\\\/\\\/www.feidt-paris.com\\\/produit\\\/creole-pic-diamants-feidt-paris\\\/#primaryimage\",\"url\":\"https:\\\/\\\/www.feidt-paris.com\\\/wp-content\\\/uploads\\\/2016\\\/08\\\/Creole-pointe-diamant.jpg\",\"contentUrl\":\"https:\\\/\\\/www.feidt-paris.com\\\/wp-content\\\/uploads\\\/2016\\\/08\\\/Creole-pointe-diamant.jpg\",\"width\":2048,\"height\":2048},{\"@type\":\"BreadcrumbList\",\"@id\":\"https:\\\/\\\/www.feidt-paris.com\\\/produit\\\/creole-pic-diamants-feidt-paris\\\/#breadcrumb\",\"itemListElement\":[{\"@type\":\"ListItem\",\"position\":1,\"name\":\"Accueil\",\"item\":\"https:\\\/\\\/www.feidt-paris.com\\\/\"},{\"@type\":\"ListItem\",\"position\":2,\"name\":\"Boutique\",\"item\":\"https:\\\/\\\/www.feidt-paris.com\\\/boutique\\\/\"},{\"@type\":\"ListItem\",\"position\":3,\"name\":\"Cr\u00e9ole pic\"}]},{\"@type\":\"WebSite\",\"@id\":\"https:\\\/\\\/www.feidt-paris.com\\\/#website\",\"url\":\"https:\\\/\\\/www.feidt-paris.com\\\/\",\"name\":\"Feidt\",\"description\":\"Boutique officielle\",\"potentialAction\":[{\"@type\":\"SearchAction\",\"target\":{\"@type\":\"EntryPoint\",\"urlTemplate\":\"https:\\\/\\\/www.feidt-paris.com\\\/?s={search_term_string}\"},\"query-input\":{\"@type\":\"PropertyValueSpecification\",\"valueRequired\":true,\"valueName\":\"search_term_string\"}}],\"inLanguage\":\"en-US\"}]}<\/script>\n<!-- \/ Yoast SEO plugin. -->","yoast_head_json":{"title":"Cr\u00e9ole pic - Feidt","robots":{"index":"index","follow":"follow","max-snippet":"max-snippet:-1","max-image-preview":"max-image-preview:large","max-video-preview":"max-video-preview:-1"},"canonical":"https:\/\/www.feidt-paris.com\/en\/product\/creole-pic-diamants-feidt-paris\/","og_locale":"en_US","og_type":"article","og_title":"Cr\u00e9ole pic - Feidt","og_description":"La cr\u00e9ole pic diamants en or 18 carats est sertie\u00a0 de 8 diamants VS1.  Cr\u00e9ole vendue \u00e0 l'unit\u00e9.\u00a0","og_url":"https:\/\/www.feidt-paris.com\/en\/product\/creole-pic-diamants-feidt-paris\/","og_site_name":"Feidt","article_publisher":"https:\/\/fr-fr.facebook.com\/pages\/category\/Local-Business\/Feidt-Paris-179956148711302\/","article_modified_time":"2025-05-27T10:23:05+00:00","og_image":[{"width":2048,"height":2048,"url":"https:\/\/www.feidt-paris.com\/wp-content\/uploads\/2016\/08\/Creole-pointe-diamant.jpg","type":"image\/jpeg"}],"twitter_misc":{"Est. reading time":"1 minute"},"schema":{"@context":"https:\/\/schema.org","@graph":[{"@type":"WebPage","@id":"https:\/\/www.feidt-paris.com\/produit\/creole-pic-diamants-feidt-paris\/","url":"https:\/\/www.feidt-paris.com\/produit\/creole-pic-diamants-feidt-paris\/","name":"Cr\u00e9ole pic - Feidt","isPartOf":{"@id":"https:\/\/www.feidt-paris.com\/#website"},"primaryImageOfPage":{"@id":"https:\/\/www.feidt-paris.com\/produit\/creole-pic-diamants-feidt-paris\/#primaryimage"},"image":{"@id":"https:\/\/www.feidt-paris.com\/produit\/creole-pic-diamants-feidt-paris\/#primaryimage"},"thumbnailUrl":"https:\/\/www.feidt-paris.com\/wp-content\/uploads\/2016\/08\/Creole-pointe-diamant.jpg","datePublished":"2016-08-27T16:19:01+00:00","dateModified":"2025-05-27T10:23:05+00:00","breadcrumb":{"@id":"https:\/\/www.feidt-paris.com\/produit\/creole-pic-diamants-feidt-paris\/#breadcrumb"},"inLanguage":"en-US","potentialAction":[{"@type":"ReadAction","target":["https:\/\/www.feidt-paris.com\/produit\/creole-pic-diamants-feidt-paris\/"]}]},{"@type":"ImageObject","inLanguage":"en-US","@id":"https:\/\/www.feidt-paris.com\/produit\/creole-pic-diamants-feidt-paris\/#primaryimage","url":"https:\/\/www.feidt-paris.com\/wp-content\/uploads\/2016\/08\/Creole-pointe-diamant.jpg","contentUrl":"https:\/\/www.feidt-paris.com\/wp-content\/uploads\/2016\/08\/Creole-pointe-diamant.jpg","width":2048,"height":2048},{"@type":"BreadcrumbList","@id":"https:\/\/www.feidt-paris.com\/produit\/creole-pic-diamants-feidt-paris\/#breadcrumb","itemListElement":[{"@type":"ListItem","position":1,"name":"Accueil","item":"https:\/\/www.feidt-paris.com\/"},{"@type":"ListItem","position":2,"name":"Boutique","item":"https:\/\/www.feidt-paris.com\/boutique\/"},{"@type":"ListItem","position":3,"name":"Cr\u00e9ole pic"}]},{"@type":"WebSite","@id":"https:\/\/www.feidt-paris.com\/#website","url":"https:\/\/www.feidt-paris.com\/","name":"Feidt","description":"Boutique officielle","potentialAction":[{"@type":"SearchAction","target":{"@type":"EntryPoint","urlTemplate":"https:\/\/www.feidt-paris.com\/?s={search_term_string}"},"query-input":{"@type":"PropertyValueSpecification","valueRequired":true,"valueName":"search_term_string"}}],"inLanguage":"en-US"}]}},"_links":{"self":[{"href":"https:\/\/www.feidt-paris.com\/en\/wp-json\/wp\/v2\/product\/7158","targetHints":{"allow":["GET"]}}],"collection":[{"href":"https:\/\/www.feidt-paris.com\/en\/wp-json\/wp\/v2\/product"}],"about":[{"href":"https:\/\/www.feidt-paris.com\/en\/wp-json\/wp\/v2\/types\/product"}],"wp:featuredmedia":[{"embeddable":true,"href":"https:\/\/www.feidt-paris.com\/en\/wp-json\/wp\/v2\/media\/33959"}],"wp:attachment":[{"href":"https:\/\/www.feidt-paris.com\/en\/wp-json\/wp\/v2\/media?parent=7158"}],"wp:term":[{"taxonomy":"product_brand","embeddable":true,"href":"https:\/\/www.feidt-paris.com\/en\/wp-json\/wp\/v2\/product_brand?post=7158"},{"taxonomy":"product_cat","embeddable":true,"href":"https:\/\/www.feidt-paris.com\/en\/wp-json\/wp\/v2\/product_cat?post=7158"},{"taxonomy":"product_tag","embeddable":true,"href":"https:\/\/www.feidt-paris.com\/en\/wp-json\/wp\/v2\/product_tag?post=7158"}],"curies":[{"name":"wp","href":"https:\/\/api.w.org\/{rel}","templated":true}]}}