{"id":38154,"date":"2025-11-17T15:52:11","date_gmt":"2025-11-17T15:52:11","guid":{"rendered":"https:\/\/www.feidt-paris.com\/?post_type=product&#038;p=38154"},"modified":"2025-11-27T10:49:39","modified_gmt":"2025-11-27T10:49:39","slug":"symboles-magic-medal","status":"publish","type":"product","link":"https:\/\/www.feidt-paris.com\/en\/product\/symboles-magic-medal\/","title":{"rendered":"Symboles Magic Medal"},"content":{"rendered":"","protected":false},"excerpt":{"rendered":"<p>Les symboles interchangeables FEIDT Paris sont compos\u00e9s d&rsquo;or\u00a0 carats et pav\u00e9s de saphirs blancs pour certains d&rsquo;entre eux<br \/>\nChangez de symbole au gr\u00e9 de vos envies, de vos humeurs ou de vos histoires.<br \/>\nUne cr\u00e9ation ludique, \u00e9l\u00e9gante et infiniment personnalisable, pens\u00e9e pour accompagner chaque instant de votre vie.<\/p>\n<p><strong><em>Le pins Constellation est adaptable exclusivement sur la Magic Medal grand mod\u00e8le<br \/>\nSymbole vendu s\u00e9par\u00e9ment &#8211; \u00e0 associer avec une\u00a0 Magic Medal<\/em><\/strong><\/p>\n<p>&nbsp;<\/p>\n<p>&nbsp;<\/p>","protected":false},"featured_media":38110,"template":"","meta":[],"product_brand":[],"product_cat":[443,494],"product_tag":[],"class_list":{"0":"post-38154","1":"product","2":"type-product","3":"status-publish","4":"has-post-thumbnail","6":"product_cat-medailles","7":"product_cat-nouveautes","8":"pa_couleur-dor-jaune","9":"pa_type-de-pierres-saphirs-blancs","10":"pa_type-dor-14-carats","12":"first","13":"instock","14":"taxable","15":"shipping-taxable","16":"purchasable","17":"product-type-variable"},"yoast_head":"<!-- This site is optimized with the Yoast SEO plugin v27.5 - https:\/\/yoast.com\/product\/yoast-seo-wordpress\/ -->\n<title>Symboles Magic Medal - Feidt<\/title>\n<meta name=\"robots\" content=\"index, follow, max-snippet:-1, max-image-preview:large, max-video-preview:-1\" \/>\n<link rel=\"canonical\" href=\"https:\/\/www.feidt-paris.com\/en\/product\/symboles-magic-medal\/\" \/>\n<meta property=\"og:locale\" content=\"en_US\" \/>\n<meta property=\"og:type\" content=\"article\" \/>\n<meta property=\"og:title\" content=\"Symboles Magic Medal - Feidt\" \/>\n<meta property=\"og:description\" content=\"Les symboles interchangeables FEIDT Paris sont compos\u00e9s d&#039;or\u00a0 carats et pav\u00e9s de saphirs blancs pour certains d&#039;entre eux Changez de symbole au gr\u00e9 de vos envies, de vos humeurs ou de vos histoires. Une cr\u00e9ation ludique, \u00e9l\u00e9gante et infiniment personnalisable, pens\u00e9e pour accompagner chaque instant de votre vie.  Le pins Constellation est adaptable exclusivement sur la Magic Medal grand mod\u00e8le Symbole vendu s\u00e9par\u00e9ment - \u00e0 associer avec une\u00a0 Magic Medal  &nbsp;  &nbsp;\" \/>\n<meta property=\"og:url\" content=\"https:\/\/www.feidt-paris.com\/en\/product\/symboles-magic-medal\/\" \/>\n<meta property=\"og:site_name\" content=\"Feidt\" \/>\n<meta property=\"article:publisher\" content=\"https:\/\/fr-fr.facebook.com\/pages\/category\/Local-Business\/Feidt-Paris-179956148711302\/\" \/>\n<meta property=\"article:modified_time\" content=\"2025-11-27T10:49:39+00:00\" \/>\n<meta property=\"og:image\" content=\"https:\/\/www.feidt-paris.com\/wp-content\/uploads\/2025\/07\/MAGIC-MEDAL-3.jpg\" \/>\n\t<meta property=\"og:image:width\" content=\"2048\" \/>\n\t<meta property=\"og:image:height\" content=\"2048\" \/>\n\t<meta property=\"og:image:type\" content=\"image\/jpeg\" \/>\n<meta name=\"twitter:label1\" content=\"Est. reading time\" \/>\n\t<meta name=\"twitter:data1\" content=\"1 minute\" \/>\n<script type=\"application\/ld+json\" class=\"yoast-schema-graph\">{\"@context\":\"https:\\\/\\\/schema.org\",\"@graph\":[{\"@type\":\"WebPage\",\"@id\":\"https:\\\/\\\/www.feidt-paris.com\\\/produit\\\/symboles-magic-medal\\\/\",\"url\":\"https:\\\/\\\/www.feidt-paris.com\\\/produit\\\/symboles-magic-medal\\\/\",\"name\":\"Symboles Magic Medal - Feidt\",\"isPartOf\":{\"@id\":\"https:\\\/\\\/www.feidt-paris.com\\\/#website\"},\"primaryImageOfPage\":{\"@id\":\"https:\\\/\\\/www.feidt-paris.com\\\/produit\\\/symboles-magic-medal\\\/#primaryimage\"},\"image\":{\"@id\":\"https:\\\/\\\/www.feidt-paris.com\\\/produit\\\/symboles-magic-medal\\\/#primaryimage\"},\"thumbnailUrl\":\"https:\\\/\\\/www.feidt-paris.com\\\/wp-content\\\/uploads\\\/2025\\\/07\\\/MAGIC-MEDAL-3.jpg\",\"datePublished\":\"2025-11-17T15:52:11+00:00\",\"dateModified\":\"2025-11-27T10:49:39+00:00\",\"breadcrumb\":{\"@id\":\"https:\\\/\\\/www.feidt-paris.com\\\/produit\\\/symboles-magic-medal\\\/#breadcrumb\"},\"inLanguage\":\"en-US\",\"potentialAction\":[{\"@type\":\"ReadAction\",\"target\":[\"https:\\\/\\\/www.feidt-paris.com\\\/produit\\\/symboles-magic-medal\\\/\"]}]},{\"@type\":\"ImageObject\",\"inLanguage\":\"en-US\",\"@id\":\"https:\\\/\\\/www.feidt-paris.com\\\/produit\\\/symboles-magic-medal\\\/#primaryimage\",\"url\":\"https:\\\/\\\/www.feidt-paris.com\\\/wp-content\\\/uploads\\\/2025\\\/07\\\/MAGIC-MEDAL-3.jpg\",\"contentUrl\":\"https:\\\/\\\/www.feidt-paris.com\\\/wp-content\\\/uploads\\\/2025\\\/07\\\/MAGIC-MEDAL-3.jpg\",\"width\":2048,\"height\":2048},{\"@type\":\"BreadcrumbList\",\"@id\":\"https:\\\/\\\/www.feidt-paris.com\\\/produit\\\/symboles-magic-medal\\\/#breadcrumb\",\"itemListElement\":[{\"@type\":\"ListItem\",\"position\":1,\"name\":\"Accueil\",\"item\":\"https:\\\/\\\/www.feidt-paris.com\\\/\"},{\"@type\":\"ListItem\",\"position\":2,\"name\":\"Boutique\",\"item\":\"https:\\\/\\\/www.feidt-paris.com\\\/boutique\\\/\"},{\"@type\":\"ListItem\",\"position\":3,\"name\":\"Symboles Magic Medal\"}]},{\"@type\":\"WebSite\",\"@id\":\"https:\\\/\\\/www.feidt-paris.com\\\/#website\",\"url\":\"https:\\\/\\\/www.feidt-paris.com\\\/\",\"name\":\"Feidt\",\"description\":\"Boutique officielle\",\"potentialAction\":[{\"@type\":\"SearchAction\",\"target\":{\"@type\":\"EntryPoint\",\"urlTemplate\":\"https:\\\/\\\/www.feidt-paris.com\\\/?s={search_term_string}\"},\"query-input\":{\"@type\":\"PropertyValueSpecification\",\"valueRequired\":true,\"valueName\":\"search_term_string\"}}],\"inLanguage\":\"en-US\"}]}<\/script>\n<!-- \/ Yoast SEO plugin. -->","yoast_head_json":{"title":"Symboles Magic Medal - Feidt","robots":{"index":"index","follow":"follow","max-snippet":"max-snippet:-1","max-image-preview":"max-image-preview:large","max-video-preview":"max-video-preview:-1"},"canonical":"https:\/\/www.feidt-paris.com\/en\/product\/symboles-magic-medal\/","og_locale":"en_US","og_type":"article","og_title":"Symboles Magic Medal - Feidt","og_description":"Les symboles interchangeables FEIDT Paris sont compos\u00e9s d'or\u00a0 carats et pav\u00e9s de saphirs blancs pour certains d'entre eux Changez de symbole au gr\u00e9 de vos envies, de vos humeurs ou de vos histoires. Une cr\u00e9ation ludique, \u00e9l\u00e9gante et infiniment personnalisable, pens\u00e9e pour accompagner chaque instant de votre vie.  Le pins Constellation est adaptable exclusivement sur la Magic Medal grand mod\u00e8le Symbole vendu s\u00e9par\u00e9ment - \u00e0 associer avec une\u00a0 Magic Medal  &nbsp;  &nbsp;","og_url":"https:\/\/www.feidt-paris.com\/en\/product\/symboles-magic-medal\/","og_site_name":"Feidt","article_publisher":"https:\/\/fr-fr.facebook.com\/pages\/category\/Local-Business\/Feidt-Paris-179956148711302\/","article_modified_time":"2025-11-27T10:49:39+00:00","og_image":[{"width":2048,"height":2048,"url":"https:\/\/www.feidt-paris.com\/wp-content\/uploads\/2025\/07\/MAGIC-MEDAL-3.jpg","type":"image\/jpeg"}],"twitter_misc":{"Est. reading time":"1 minute"},"schema":{"@context":"https:\/\/schema.org","@graph":[{"@type":"WebPage","@id":"https:\/\/www.feidt-paris.com\/produit\/symboles-magic-medal\/","url":"https:\/\/www.feidt-paris.com\/produit\/symboles-magic-medal\/","name":"Symboles Magic Medal - Feidt","isPartOf":{"@id":"https:\/\/www.feidt-paris.com\/#website"},"primaryImageOfPage":{"@id":"https:\/\/www.feidt-paris.com\/produit\/symboles-magic-medal\/#primaryimage"},"image":{"@id":"https:\/\/www.feidt-paris.com\/produit\/symboles-magic-medal\/#primaryimage"},"thumbnailUrl":"https:\/\/www.feidt-paris.com\/wp-content\/uploads\/2025\/07\/MAGIC-MEDAL-3.jpg","datePublished":"2025-11-17T15:52:11+00:00","dateModified":"2025-11-27T10:49:39+00:00","breadcrumb":{"@id":"https:\/\/www.feidt-paris.com\/produit\/symboles-magic-medal\/#breadcrumb"},"inLanguage":"en-US","potentialAction":[{"@type":"ReadAction","target":["https:\/\/www.feidt-paris.com\/produit\/symboles-magic-medal\/"]}]},{"@type":"ImageObject","inLanguage":"en-US","@id":"https:\/\/www.feidt-paris.com\/produit\/symboles-magic-medal\/#primaryimage","url":"https:\/\/www.feidt-paris.com\/wp-content\/uploads\/2025\/07\/MAGIC-MEDAL-3.jpg","contentUrl":"https:\/\/www.feidt-paris.com\/wp-content\/uploads\/2025\/07\/MAGIC-MEDAL-3.jpg","width":2048,"height":2048},{"@type":"BreadcrumbList","@id":"https:\/\/www.feidt-paris.com\/produit\/symboles-magic-medal\/#breadcrumb","itemListElement":[{"@type":"ListItem","position":1,"name":"Accueil","item":"https:\/\/www.feidt-paris.com\/"},{"@type":"ListItem","position":2,"name":"Boutique","item":"https:\/\/www.feidt-paris.com\/boutique\/"},{"@type":"ListItem","position":3,"name":"Symboles Magic Medal"}]},{"@type":"WebSite","@id":"https:\/\/www.feidt-paris.com\/#website","url":"https:\/\/www.feidt-paris.com\/","name":"Feidt","description":"Boutique officielle","potentialAction":[{"@type":"SearchAction","target":{"@type":"EntryPoint","urlTemplate":"https:\/\/www.feidt-paris.com\/?s={search_term_string}"},"query-input":{"@type":"PropertyValueSpecification","valueRequired":true,"valueName":"search_term_string"}}],"inLanguage":"en-US"}]}},"_links":{"self":[{"href":"https:\/\/www.feidt-paris.com\/en\/wp-json\/wp\/v2\/product\/38154","targetHints":{"allow":["GET"]}}],"collection":[{"href":"https:\/\/www.feidt-paris.com\/en\/wp-json\/wp\/v2\/product"}],"about":[{"href":"https:\/\/www.feidt-paris.com\/en\/wp-json\/wp\/v2\/types\/product"}],"wp:featuredmedia":[{"embeddable":true,"href":"https:\/\/www.feidt-paris.com\/en\/wp-json\/wp\/v2\/media\/38110"}],"wp:attachment":[{"href":"https:\/\/www.feidt-paris.com\/en\/wp-json\/wp\/v2\/media?parent=38154"}],"wp:term":[{"taxonomy":"product_brand","embeddable":true,"href":"https:\/\/www.feidt-paris.com\/en\/wp-json\/wp\/v2\/product_brand?post=38154"},{"taxonomy":"product_cat","embeddable":true,"href":"https:\/\/www.feidt-paris.com\/en\/wp-json\/wp\/v2\/product_cat?post=38154"},{"taxonomy":"product_tag","embeddable":true,"href":"https:\/\/www.feidt-paris.com\/en\/wp-json\/wp\/v2\/product_tag?post=38154"}],"curies":[{"name":"wp","href":"https:\/\/api.w.org\/{rel}","templated":true}]}}