{"id":37657,"date":"2025-07-22T15:09:56","date_gmt":"2025-07-22T15:09:56","guid":{"rendered":"https:\/\/www.feidt-paris.com\/?post_type=product&#038;p=37657"},"modified":"2025-11-26T14:02:10","modified_gmt":"2025-11-26T14:02:10","slug":"magic-medal-copie","status":"publish","type":"product","link":"https:\/\/www.feidt-paris.com\/en\/product\/magic-medal-copie\/","title":{"rendered":"Magic Medal"},"content":{"rendered":"","protected":false},"excerpt":{"rendered":"<p>La m\u00e9daille symbole personnalisable est une m\u00e9daille en or 14 carats et saphirs blancs sur lequel vous pouvez fixer le symbole de votre choix.<\/p>\n<p>Chiffre f\u00e9tiche, lettre favorite, oeil, tr\u00e8fle ou coeur mais encore notre incontournable constellation.<\/p>\n<p>Une m\u00e9daille au gr\u00e8s de vos envies<\/p>\n<p><strong><em>M\u00e9daille vendue seule<br \/>\nChoix du symbole : fiche \u00ab\u00a0Symbole interchangeable Magic Medal<\/em><\/strong><\/p>","protected":false},"featured_media":38107,"template":"","meta":[],"product_brand":[],"product_cat":[443,494],"product_tag":[],"class_list":{"0":"post-37657","1":"product","2":"type-product","3":"status-publish","4":"has-post-thumbnail","6":"product_cat-medailles","7":"product_cat-nouveautes","8":"pa_couleur-dor-jaune","9":"pa_type-de-bijoux-medaille","10":"pa_type-de-pierres-saphirs-blancs","11":"pa_type-dor-14-carats","13":"first","14":"onbackorder","15":"taxable","16":"shipping-taxable","17":"purchasable","18":"product-type-simple"},"yoast_head":"<!-- This site is optimized with the Yoast SEO plugin v27.5 - https:\/\/yoast.com\/product\/yoast-seo-wordpress\/ -->\n<title>Magic Medal - Feidt<\/title>\n<meta name=\"robots\" content=\"index, follow, max-snippet:-1, max-image-preview:large, max-video-preview:-1\" \/>\n<link rel=\"canonical\" href=\"https:\/\/www.feidt-paris.com\/en\/product\/magic-medal-copie\/\" \/>\n<meta property=\"og:locale\" content=\"en_US\" \/>\n<meta property=\"og:type\" content=\"article\" \/>\n<meta property=\"og:title\" content=\"Magic Medal - Feidt\" \/>\n<meta property=\"og:description\" content=\"La m\u00e9daille symbole personnalisable est une m\u00e9daille en or 14 carats et saphirs blancs sur lequel vous pouvez fixer le symbole de votre choix.  Chiffre f\u00e9tiche, lettre favorite, oeil, tr\u00e8fle ou coeur mais encore notre incontournable constellation.  Une m\u00e9daille au gr\u00e8s de vos envies  M\u00e9daille vendue seule Choix du symbole : fiche &quot;Symbole interchangeable Magic Medal\" \/>\n<meta property=\"og:url\" content=\"https:\/\/www.feidt-paris.com\/en\/product\/magic-medal-copie\/\" \/>\n<meta property=\"og:site_name\" content=\"Feidt\" \/>\n<meta property=\"article:publisher\" content=\"https:\/\/fr-fr.facebook.com\/pages\/category\/Local-Business\/Feidt-Paris-179956148711302\/\" \/>\n<meta property=\"article:modified_time\" content=\"2025-11-26T14:02:10+00:00\" \/>\n<meta property=\"og:image\" content=\"https:\/\/www.feidt-paris.com\/wp-content\/uploads\/2025\/07\/MAGIC501.jpg\" \/>\n\t<meta property=\"og:image:width\" content=\"2048\" \/>\n\t<meta property=\"og:image:height\" content=\"2048\" \/>\n\t<meta property=\"og:image:type\" content=\"image\/jpeg\" \/>\n<meta name=\"twitter:label1\" content=\"Est. reading time\" \/>\n\t<meta name=\"twitter:data1\" content=\"1 minute\" \/>\n<script type=\"application\/ld+json\" class=\"yoast-schema-graph\">{\"@context\":\"https:\\\/\\\/schema.org\",\"@graph\":[{\"@type\":\"WebPage\",\"@id\":\"https:\\\/\\\/www.feidt-paris.com\\\/produit\\\/magic-medal-copie\\\/\",\"url\":\"https:\\\/\\\/www.feidt-paris.com\\\/produit\\\/magic-medal-copie\\\/\",\"name\":\"Magic Medal - Feidt\",\"isPartOf\":{\"@id\":\"https:\\\/\\\/www.feidt-paris.com\\\/#website\"},\"primaryImageOfPage\":{\"@id\":\"https:\\\/\\\/www.feidt-paris.com\\\/produit\\\/magic-medal-copie\\\/#primaryimage\"},\"image\":{\"@id\":\"https:\\\/\\\/www.feidt-paris.com\\\/produit\\\/magic-medal-copie\\\/#primaryimage\"},\"thumbnailUrl\":\"https:\\\/\\\/www.feidt-paris.com\\\/wp-content\\\/uploads\\\/2025\\\/07\\\/MAGIC501.jpg\",\"datePublished\":\"2025-07-22T15:09:56+00:00\",\"dateModified\":\"2025-11-26T14:02:10+00:00\",\"breadcrumb\":{\"@id\":\"https:\\\/\\\/www.feidt-paris.com\\\/produit\\\/magic-medal-copie\\\/#breadcrumb\"},\"inLanguage\":\"en-US\",\"potentialAction\":[{\"@type\":\"ReadAction\",\"target\":[\"https:\\\/\\\/www.feidt-paris.com\\\/produit\\\/magic-medal-copie\\\/\"]}]},{\"@type\":\"ImageObject\",\"inLanguage\":\"en-US\",\"@id\":\"https:\\\/\\\/www.feidt-paris.com\\\/produit\\\/magic-medal-copie\\\/#primaryimage\",\"url\":\"https:\\\/\\\/www.feidt-paris.com\\\/wp-content\\\/uploads\\\/2025\\\/07\\\/MAGIC501.jpg\",\"contentUrl\":\"https:\\\/\\\/www.feidt-paris.com\\\/wp-content\\\/uploads\\\/2025\\\/07\\\/MAGIC501.jpg\",\"width\":2048,\"height\":2048},{\"@type\":\"BreadcrumbList\",\"@id\":\"https:\\\/\\\/www.feidt-paris.com\\\/produit\\\/magic-medal-copie\\\/#breadcrumb\",\"itemListElement\":[{\"@type\":\"ListItem\",\"position\":1,\"name\":\"Accueil\",\"item\":\"https:\\\/\\\/www.feidt-paris.com\\\/\"},{\"@type\":\"ListItem\",\"position\":2,\"name\":\"Boutique\",\"item\":\"https:\\\/\\\/www.feidt-paris.com\\\/boutique\\\/\"},{\"@type\":\"ListItem\",\"position\":3,\"name\":\"Magic Medal\"}]},{\"@type\":\"WebSite\",\"@id\":\"https:\\\/\\\/www.feidt-paris.com\\\/#website\",\"url\":\"https:\\\/\\\/www.feidt-paris.com\\\/\",\"name\":\"Feidt\",\"description\":\"Boutique officielle\",\"potentialAction\":[{\"@type\":\"SearchAction\",\"target\":{\"@type\":\"EntryPoint\",\"urlTemplate\":\"https:\\\/\\\/www.feidt-paris.com\\\/?s={search_term_string}\"},\"query-input\":{\"@type\":\"PropertyValueSpecification\",\"valueRequired\":true,\"valueName\":\"search_term_string\"}}],\"inLanguage\":\"en-US\"}]}<\/script>\n<!-- \/ Yoast SEO plugin. -->","yoast_head_json":{"title":"Magic Medal - Feidt","robots":{"index":"index","follow":"follow","max-snippet":"max-snippet:-1","max-image-preview":"max-image-preview:large","max-video-preview":"max-video-preview:-1"},"canonical":"https:\/\/www.feidt-paris.com\/en\/product\/magic-medal-copie\/","og_locale":"en_US","og_type":"article","og_title":"Magic Medal - Feidt","og_description":"La m\u00e9daille symbole personnalisable est une m\u00e9daille en or 14 carats et saphirs blancs sur lequel vous pouvez fixer le symbole de votre choix.  Chiffre f\u00e9tiche, lettre favorite, oeil, tr\u00e8fle ou coeur mais encore notre incontournable constellation.  Une m\u00e9daille au gr\u00e8s de vos envies  M\u00e9daille vendue seule Choix du symbole : fiche \"Symbole interchangeable Magic Medal","og_url":"https:\/\/www.feidt-paris.com\/en\/product\/magic-medal-copie\/","og_site_name":"Feidt","article_publisher":"https:\/\/fr-fr.facebook.com\/pages\/category\/Local-Business\/Feidt-Paris-179956148711302\/","article_modified_time":"2025-11-26T14:02:10+00:00","og_image":[{"width":2048,"height":2048,"url":"https:\/\/www.feidt-paris.com\/wp-content\/uploads\/2025\/07\/MAGIC501.jpg","type":"image\/jpeg"}],"twitter_misc":{"Est. reading time":"1 minute"},"schema":{"@context":"https:\/\/schema.org","@graph":[{"@type":"WebPage","@id":"https:\/\/www.feidt-paris.com\/produit\/magic-medal-copie\/","url":"https:\/\/www.feidt-paris.com\/produit\/magic-medal-copie\/","name":"Magic Medal - Feidt","isPartOf":{"@id":"https:\/\/www.feidt-paris.com\/#website"},"primaryImageOfPage":{"@id":"https:\/\/www.feidt-paris.com\/produit\/magic-medal-copie\/#primaryimage"},"image":{"@id":"https:\/\/www.feidt-paris.com\/produit\/magic-medal-copie\/#primaryimage"},"thumbnailUrl":"https:\/\/www.feidt-paris.com\/wp-content\/uploads\/2025\/07\/MAGIC501.jpg","datePublished":"2025-07-22T15:09:56+00:00","dateModified":"2025-11-26T14:02:10+00:00","breadcrumb":{"@id":"https:\/\/www.feidt-paris.com\/produit\/magic-medal-copie\/#breadcrumb"},"inLanguage":"en-US","potentialAction":[{"@type":"ReadAction","target":["https:\/\/www.feidt-paris.com\/produit\/magic-medal-copie\/"]}]},{"@type":"ImageObject","inLanguage":"en-US","@id":"https:\/\/www.feidt-paris.com\/produit\/magic-medal-copie\/#primaryimage","url":"https:\/\/www.feidt-paris.com\/wp-content\/uploads\/2025\/07\/MAGIC501.jpg","contentUrl":"https:\/\/www.feidt-paris.com\/wp-content\/uploads\/2025\/07\/MAGIC501.jpg","width":2048,"height":2048},{"@type":"BreadcrumbList","@id":"https:\/\/www.feidt-paris.com\/produit\/magic-medal-copie\/#breadcrumb","itemListElement":[{"@type":"ListItem","position":1,"name":"Accueil","item":"https:\/\/www.feidt-paris.com\/"},{"@type":"ListItem","position":2,"name":"Boutique","item":"https:\/\/www.feidt-paris.com\/boutique\/"},{"@type":"ListItem","position":3,"name":"Magic Medal"}]},{"@type":"WebSite","@id":"https:\/\/www.feidt-paris.com\/#website","url":"https:\/\/www.feidt-paris.com\/","name":"Feidt","description":"Boutique officielle","potentialAction":[{"@type":"SearchAction","target":{"@type":"EntryPoint","urlTemplate":"https:\/\/www.feidt-paris.com\/?s={search_term_string}"},"query-input":{"@type":"PropertyValueSpecification","valueRequired":true,"valueName":"search_term_string"}}],"inLanguage":"en-US"}]}},"_links":{"self":[{"href":"https:\/\/www.feidt-paris.com\/en\/wp-json\/wp\/v2\/product\/37657","targetHints":{"allow":["GET"]}}],"collection":[{"href":"https:\/\/www.feidt-paris.com\/en\/wp-json\/wp\/v2\/product"}],"about":[{"href":"https:\/\/www.feidt-paris.com\/en\/wp-json\/wp\/v2\/types\/product"}],"wp:featuredmedia":[{"embeddable":true,"href":"https:\/\/www.feidt-paris.com\/en\/wp-json\/wp\/v2\/media\/38107"}],"wp:attachment":[{"href":"https:\/\/www.feidt-paris.com\/en\/wp-json\/wp\/v2\/media?parent=37657"}],"wp:term":[{"taxonomy":"product_brand","embeddable":true,"href":"https:\/\/www.feidt-paris.com\/en\/wp-json\/wp\/v2\/product_brand?post=37657"},{"taxonomy":"product_cat","embeddable":true,"href":"https:\/\/www.feidt-paris.com\/en\/wp-json\/wp\/v2\/product_cat?post=37657"},{"taxonomy":"product_tag","embeddable":true,"href":"https:\/\/www.feidt-paris.com\/en\/wp-json\/wp\/v2\/product_tag?post=37657"}],"curies":[{"name":"wp","href":"https:\/\/api.w.org\/{rel}","templated":true}]}}