{"id":36509,"date":"2024-07-01T15:39:32","date_gmt":"2024-07-01T15:39:32","guid":{"rendered":"https:\/\/www.feidt-paris.com\/?post_type=product&#038;p=36509"},"modified":"2025-11-17T15:41:21","modified_gmt":"2025-11-17T15:41:21","slug":"mini-trefle-abecedaire","status":"publish","type":"product","link":"https:\/\/www.feidt-paris.com\/en\/product\/mini-trefle-abecedaire\/","title":{"rendered":"M\u00e9daille ab\u00e9c\u00e9daire"},"content":{"rendered":"","protected":false},"excerpt":{"rendered":"<p>La m\u00e9daille mini plaque ab\u00e9c\u00e9daire de 1 cm en or 14 carats est pav\u00e9e de saphirs blancs.<\/p>\n<p>S\u00e9lectionnez le symbole et la lettre de votre choix<\/p>\n<p>&nbsp;<\/p>","protected":false},"featured_media":36537,"template":"","meta":[],"product_brand":[],"product_cat":[443],"product_tag":[],"class_list":{"0":"post-36509","1":"product","2":"type-product","3":"status-publish","4":"has-post-thumbnail","6":"product_cat-medailles","7":"pa_couleur-dor-jaune","8":"pa_type-de-bijoux-medaille","9":"pa_type-de-pierres-saphirs-blancs","10":"pa_type-dor-14-carats","12":"first","13":"instock","14":"taxable","15":"shipping-taxable","16":"purchasable","17":"product-type-variable"},"yoast_head":"<!-- This site is optimized with the Yoast SEO plugin v27.4 - https:\/\/yoast.com\/product\/yoast-seo-wordpress\/ -->\n<title>M\u00e9daille ab\u00e9c\u00e9daire - Feidt<\/title>\n<meta name=\"robots\" content=\"index, follow, max-snippet:-1, max-image-preview:large, max-video-preview:-1\" \/>\n<link rel=\"canonical\" href=\"https:\/\/www.feidt-paris.com\/en\/product\/mini-trefle-abecedaire\/\" \/>\n<meta property=\"og:locale\" content=\"en_US\" \/>\n<meta property=\"og:type\" content=\"article\" \/>\n<meta property=\"og:title\" content=\"M\u00e9daille ab\u00e9c\u00e9daire - Feidt\" \/>\n<meta property=\"og:description\" content=\"La m\u00e9daille mini plaque ab\u00e9c\u00e9daire de 1 cm en or 14 carats est pav\u00e9e de saphirs blancs.  S\u00e9lectionnez le symbole et la lettre de votre choix  &nbsp;\" \/>\n<meta property=\"og:url\" content=\"https:\/\/www.feidt-paris.com\/en\/product\/mini-trefle-abecedaire\/\" \/>\n<meta property=\"og:site_name\" content=\"Feidt\" \/>\n<meta property=\"article:publisher\" content=\"https:\/\/fr-fr.facebook.com\/pages\/category\/Local-Business\/Feidt-Paris-179956148711302\/\" \/>\n<meta property=\"article:modified_time\" content=\"2025-11-17T15:41:21+00:00\" \/>\n<meta property=\"og:image\" content=\"https:\/\/www.feidt-paris.com\/wp-content\/uploads\/2024\/07\/Plaque-trefle-M.jpg\" \/>\n\t<meta property=\"og:image:width\" content=\"2048\" \/>\n\t<meta property=\"og:image:height\" content=\"2048\" \/>\n\t<meta property=\"og:image:type\" content=\"image\/jpeg\" \/>\n<meta name=\"twitter:label1\" content=\"Est. reading time\" \/>\n\t<meta name=\"twitter:data1\" content=\"1 minute\" \/>\n<script type=\"application\/ld+json\" class=\"yoast-schema-graph\">{\"@context\":\"https:\\\/\\\/schema.org\",\"@graph\":[{\"@type\":\"WebPage\",\"@id\":\"https:\\\/\\\/www.feidt-paris.com\\\/produit\\\/mini-trefle-abecedaire\\\/\",\"url\":\"https:\\\/\\\/www.feidt-paris.com\\\/produit\\\/mini-trefle-abecedaire\\\/\",\"name\":\"M\u00e9daille ab\u00e9c\u00e9daire - Feidt\",\"isPartOf\":{\"@id\":\"https:\\\/\\\/www.feidt-paris.com\\\/#website\"},\"primaryImageOfPage\":{\"@id\":\"https:\\\/\\\/www.feidt-paris.com\\\/produit\\\/mini-trefle-abecedaire\\\/#primaryimage\"},\"image\":{\"@id\":\"https:\\\/\\\/www.feidt-paris.com\\\/produit\\\/mini-trefle-abecedaire\\\/#primaryimage\"},\"thumbnailUrl\":\"https:\\\/\\\/www.feidt-paris.com\\\/wp-content\\\/uploads\\\/2024\\\/07\\\/Plaque-trefle-M.jpg\",\"datePublished\":\"2024-07-01T15:39:32+00:00\",\"dateModified\":\"2025-11-17T15:41:21+00:00\",\"breadcrumb\":{\"@id\":\"https:\\\/\\\/www.feidt-paris.com\\\/produit\\\/mini-trefle-abecedaire\\\/#breadcrumb\"},\"inLanguage\":\"en-US\",\"potentialAction\":[{\"@type\":\"ReadAction\",\"target\":[\"https:\\\/\\\/www.feidt-paris.com\\\/produit\\\/mini-trefle-abecedaire\\\/\"]}]},{\"@type\":\"ImageObject\",\"inLanguage\":\"en-US\",\"@id\":\"https:\\\/\\\/www.feidt-paris.com\\\/produit\\\/mini-trefle-abecedaire\\\/#primaryimage\",\"url\":\"https:\\\/\\\/www.feidt-paris.com\\\/wp-content\\\/uploads\\\/2024\\\/07\\\/Plaque-trefle-M.jpg\",\"contentUrl\":\"https:\\\/\\\/www.feidt-paris.com\\\/wp-content\\\/uploads\\\/2024\\\/07\\\/Plaque-trefle-M.jpg\",\"width\":2048,\"height\":2048},{\"@type\":\"BreadcrumbList\",\"@id\":\"https:\\\/\\\/www.feidt-paris.com\\\/produit\\\/mini-trefle-abecedaire\\\/#breadcrumb\",\"itemListElement\":[{\"@type\":\"ListItem\",\"position\":1,\"name\":\"Accueil\",\"item\":\"https:\\\/\\\/www.feidt-paris.com\\\/\"},{\"@type\":\"ListItem\",\"position\":2,\"name\":\"Boutique\",\"item\":\"https:\\\/\\\/www.feidt-paris.com\\\/boutique\\\/\"},{\"@type\":\"ListItem\",\"position\":3,\"name\":\"M\u00e9daille ab\u00e9c\u00e9daire\"}]},{\"@type\":\"WebSite\",\"@id\":\"https:\\\/\\\/www.feidt-paris.com\\\/#website\",\"url\":\"https:\\\/\\\/www.feidt-paris.com\\\/\",\"name\":\"Feidt\",\"description\":\"Boutique officielle\",\"potentialAction\":[{\"@type\":\"SearchAction\",\"target\":{\"@type\":\"EntryPoint\",\"urlTemplate\":\"https:\\\/\\\/www.feidt-paris.com\\\/?s={search_term_string}\"},\"query-input\":{\"@type\":\"PropertyValueSpecification\",\"valueRequired\":true,\"valueName\":\"search_term_string\"}}],\"inLanguage\":\"en-US\"}]}<\/script>\n<!-- \/ Yoast SEO plugin. -->","yoast_head_json":{"title":"M\u00e9daille ab\u00e9c\u00e9daire - Feidt","robots":{"index":"index","follow":"follow","max-snippet":"max-snippet:-1","max-image-preview":"max-image-preview:large","max-video-preview":"max-video-preview:-1"},"canonical":"https:\/\/www.feidt-paris.com\/en\/product\/mini-trefle-abecedaire\/","og_locale":"en_US","og_type":"article","og_title":"M\u00e9daille ab\u00e9c\u00e9daire - Feidt","og_description":"La m\u00e9daille mini plaque ab\u00e9c\u00e9daire de 1 cm en or 14 carats est pav\u00e9e de saphirs blancs.  S\u00e9lectionnez le symbole et la lettre de votre choix  &nbsp;","og_url":"https:\/\/www.feidt-paris.com\/en\/product\/mini-trefle-abecedaire\/","og_site_name":"Feidt","article_publisher":"https:\/\/fr-fr.facebook.com\/pages\/category\/Local-Business\/Feidt-Paris-179956148711302\/","article_modified_time":"2025-11-17T15:41:21+00:00","og_image":[{"width":2048,"height":2048,"url":"https:\/\/www.feidt-paris.com\/wp-content\/uploads\/2024\/07\/Plaque-trefle-M.jpg","type":"image\/jpeg"}],"twitter_misc":{"Est. reading time":"1 minute"},"schema":{"@context":"https:\/\/schema.org","@graph":[{"@type":"WebPage","@id":"https:\/\/www.feidt-paris.com\/produit\/mini-trefle-abecedaire\/","url":"https:\/\/www.feidt-paris.com\/produit\/mini-trefle-abecedaire\/","name":"M\u00e9daille ab\u00e9c\u00e9daire - Feidt","isPartOf":{"@id":"https:\/\/www.feidt-paris.com\/#website"},"primaryImageOfPage":{"@id":"https:\/\/www.feidt-paris.com\/produit\/mini-trefle-abecedaire\/#primaryimage"},"image":{"@id":"https:\/\/www.feidt-paris.com\/produit\/mini-trefle-abecedaire\/#primaryimage"},"thumbnailUrl":"https:\/\/www.feidt-paris.com\/wp-content\/uploads\/2024\/07\/Plaque-trefle-M.jpg","datePublished":"2024-07-01T15:39:32+00:00","dateModified":"2025-11-17T15:41:21+00:00","breadcrumb":{"@id":"https:\/\/www.feidt-paris.com\/produit\/mini-trefle-abecedaire\/#breadcrumb"},"inLanguage":"en-US","potentialAction":[{"@type":"ReadAction","target":["https:\/\/www.feidt-paris.com\/produit\/mini-trefle-abecedaire\/"]}]},{"@type":"ImageObject","inLanguage":"en-US","@id":"https:\/\/www.feidt-paris.com\/produit\/mini-trefle-abecedaire\/#primaryimage","url":"https:\/\/www.feidt-paris.com\/wp-content\/uploads\/2024\/07\/Plaque-trefle-M.jpg","contentUrl":"https:\/\/www.feidt-paris.com\/wp-content\/uploads\/2024\/07\/Plaque-trefle-M.jpg","width":2048,"height":2048},{"@type":"BreadcrumbList","@id":"https:\/\/www.feidt-paris.com\/produit\/mini-trefle-abecedaire\/#breadcrumb","itemListElement":[{"@type":"ListItem","position":1,"name":"Accueil","item":"https:\/\/www.feidt-paris.com\/"},{"@type":"ListItem","position":2,"name":"Boutique","item":"https:\/\/www.feidt-paris.com\/boutique\/"},{"@type":"ListItem","position":3,"name":"M\u00e9daille ab\u00e9c\u00e9daire"}]},{"@type":"WebSite","@id":"https:\/\/www.feidt-paris.com\/#website","url":"https:\/\/www.feidt-paris.com\/","name":"Feidt","description":"Boutique officielle","potentialAction":[{"@type":"SearchAction","target":{"@type":"EntryPoint","urlTemplate":"https:\/\/www.feidt-paris.com\/?s={search_term_string}"},"query-input":{"@type":"PropertyValueSpecification","valueRequired":true,"valueName":"search_term_string"}}],"inLanguage":"en-US"}]}},"_links":{"self":[{"href":"https:\/\/www.feidt-paris.com\/en\/wp-json\/wp\/v2\/product\/36509","targetHints":{"allow":["GET"]}}],"collection":[{"href":"https:\/\/www.feidt-paris.com\/en\/wp-json\/wp\/v2\/product"}],"about":[{"href":"https:\/\/www.feidt-paris.com\/en\/wp-json\/wp\/v2\/types\/product"}],"wp:featuredmedia":[{"embeddable":true,"href":"https:\/\/www.feidt-paris.com\/en\/wp-json\/wp\/v2\/media\/36537"}],"wp:attachment":[{"href":"https:\/\/www.feidt-paris.com\/en\/wp-json\/wp\/v2\/media?parent=36509"}],"wp:term":[{"taxonomy":"product_brand","embeddable":true,"href":"https:\/\/www.feidt-paris.com\/en\/wp-json\/wp\/v2\/product_brand?post=36509"},{"taxonomy":"product_cat","embeddable":true,"href":"https:\/\/www.feidt-paris.com\/en\/wp-json\/wp\/v2\/product_cat?post=36509"},{"taxonomy":"product_tag","embeddable":true,"href":"https:\/\/www.feidt-paris.com\/en\/wp-json\/wp\/v2\/product_tag?post=36509"}],"curies":[{"name":"wp","href":"https:\/\/api.w.org\/{rel}","templated":true}]}}