{"id":36110,"date":"2024-03-21T11:10:08","date_gmt":"2024-03-21T11:10:08","guid":{"rendered":"https:\/\/www.feidt-paris.com\/?post_type=product&#038;p=36110"},"modified":"2025-11-04T15:30:12","modified_gmt":"2025-11-04T15:30:12","slug":"medaillon-coeur-secret","status":"publish","type":"product","link":"https:\/\/www.feidt-paris.com\/en\/product\/medaillon-coeur-secret\/","title":{"rendered":"M\u00e9daillon coeur secret"},"content":{"rendered":"","protected":false},"excerpt":{"rendered":"<p>Le m\u00e9daillon c\u0153ur secret, en or jaune bross\u00e9 14 carats, est pav\u00e9 de 37 saphirs formant le mot LOVE et s&rsquo;ouvre sur un c\u0153ur en rubis.<\/p>\n<p>&nbsp;<\/p>","protected":false},"featured_media":37240,"template":"","meta":[],"product_brand":[],"product_cat":[443,494],"product_tag":[],"class_list":{"0":"post-36110","1":"product","2":"type-product","3":"status-publish","4":"has-post-thumbnail","6":"product_cat-medailles","7":"product_cat-nouveautes","8":"pa_couleur-dor-jaune","9":"pa_type-de-bijoux-medaille","10":"pa_type-de-pierres-saphirs-blancs","11":"pa_type-dor-14-carats","13":"first","14":"instock","15":"taxable","16":"shipping-taxable","17":"purchasable","18":"product-type-simple"},"yoast_head":"<!-- This site is optimized with the Yoast SEO plugin v27.4 - https:\/\/yoast.com\/product\/yoast-seo-wordpress\/ -->\n<title>M\u00e9daillon coeur secret - Feidt<\/title>\n<meta name=\"robots\" content=\"index, follow, max-snippet:-1, max-image-preview:large, max-video-preview:-1\" \/>\n<link rel=\"canonical\" href=\"https:\/\/www.feidt-paris.com\/en\/product\/medaillon-coeur-secret\/\" \/>\n<meta property=\"og:locale\" content=\"en_US\" \/>\n<meta property=\"og:type\" content=\"article\" \/>\n<meta property=\"og:title\" content=\"M\u00e9daillon coeur secret - Feidt\" \/>\n<meta property=\"og:description\" content=\"Le m\u00e9daillon c\u0153ur secret, en or jaune bross\u00e9 14 carats, est pav\u00e9 de 37 saphirs formant le mot LOVE et s&#039;ouvre sur un c\u0153ur en rubis.  &nbsp;\" \/>\n<meta property=\"og:url\" content=\"https:\/\/www.feidt-paris.com\/en\/product\/medaillon-coeur-secret\/\" \/>\n<meta property=\"og:site_name\" content=\"Feidt\" \/>\n<meta property=\"article:publisher\" content=\"https:\/\/fr-fr.facebook.com\/pages\/category\/Local-Business\/Feidt-Paris-179956148711302\/\" \/>\n<meta property=\"article:modified_time\" content=\"2025-11-04T15:30:12+00:00\" \/>\n<meta property=\"og:image\" content=\"https:\/\/www.feidt-paris.com\/wp-content\/uploads\/2024\/03\/coeur-Love-Pave-Blanc-1.jpg\" \/>\n\t<meta property=\"og:image:width\" content=\"2048\" \/>\n\t<meta property=\"og:image:height\" content=\"2048\" \/>\n\t<meta property=\"og:image:type\" content=\"image\/jpeg\" \/>\n<meta name=\"twitter:label1\" content=\"Est. reading time\" \/>\n\t<meta name=\"twitter:data1\" content=\"1 minute\" \/>\n<script type=\"application\/ld+json\" class=\"yoast-schema-graph\">{\"@context\":\"https:\\\/\\\/schema.org\",\"@graph\":[{\"@type\":\"WebPage\",\"@id\":\"https:\\\/\\\/www.feidt-paris.com\\\/produit\\\/medaillon-coeur-secret\\\/\",\"url\":\"https:\\\/\\\/www.feidt-paris.com\\\/produit\\\/medaillon-coeur-secret\\\/\",\"name\":\"M\u00e9daillon coeur secret - Feidt\",\"isPartOf\":{\"@id\":\"https:\\\/\\\/www.feidt-paris.com\\\/#website\"},\"primaryImageOfPage\":{\"@id\":\"https:\\\/\\\/www.feidt-paris.com\\\/produit\\\/medaillon-coeur-secret\\\/#primaryimage\"},\"image\":{\"@id\":\"https:\\\/\\\/www.feidt-paris.com\\\/produit\\\/medaillon-coeur-secret\\\/#primaryimage\"},\"thumbnailUrl\":\"https:\\\/\\\/www.feidt-paris.com\\\/wp-content\\\/uploads\\\/2024\\\/03\\\/coeur-Love-Pave-Blanc-1.jpg\",\"datePublished\":\"2024-03-21T11:10:08+00:00\",\"dateModified\":\"2025-11-04T15:30:12+00:00\",\"breadcrumb\":{\"@id\":\"https:\\\/\\\/www.feidt-paris.com\\\/produit\\\/medaillon-coeur-secret\\\/#breadcrumb\"},\"inLanguage\":\"en-US\",\"potentialAction\":[{\"@type\":\"ReadAction\",\"target\":[\"https:\\\/\\\/www.feidt-paris.com\\\/produit\\\/medaillon-coeur-secret\\\/\"]}]},{\"@type\":\"ImageObject\",\"inLanguage\":\"en-US\",\"@id\":\"https:\\\/\\\/www.feidt-paris.com\\\/produit\\\/medaillon-coeur-secret\\\/#primaryimage\",\"url\":\"https:\\\/\\\/www.feidt-paris.com\\\/wp-content\\\/uploads\\\/2024\\\/03\\\/coeur-Love-Pave-Blanc-1.jpg\",\"contentUrl\":\"https:\\\/\\\/www.feidt-paris.com\\\/wp-content\\\/uploads\\\/2024\\\/03\\\/coeur-Love-Pave-Blanc-1.jpg\",\"width\":2048,\"height\":2048},{\"@type\":\"BreadcrumbList\",\"@id\":\"https:\\\/\\\/www.feidt-paris.com\\\/produit\\\/medaillon-coeur-secret\\\/#breadcrumb\",\"itemListElement\":[{\"@type\":\"ListItem\",\"position\":1,\"name\":\"Accueil\",\"item\":\"https:\\\/\\\/www.feidt-paris.com\\\/\"},{\"@type\":\"ListItem\",\"position\":2,\"name\":\"Boutique\",\"item\":\"https:\\\/\\\/www.feidt-paris.com\\\/boutique\\\/\"},{\"@type\":\"ListItem\",\"position\":3,\"name\":\"M\u00e9daillon coeur secret\"}]},{\"@type\":\"WebSite\",\"@id\":\"https:\\\/\\\/www.feidt-paris.com\\\/#website\",\"url\":\"https:\\\/\\\/www.feidt-paris.com\\\/\",\"name\":\"Feidt\",\"description\":\"Boutique officielle\",\"potentialAction\":[{\"@type\":\"SearchAction\",\"target\":{\"@type\":\"EntryPoint\",\"urlTemplate\":\"https:\\\/\\\/www.feidt-paris.com\\\/?s={search_term_string}\"},\"query-input\":{\"@type\":\"PropertyValueSpecification\",\"valueRequired\":true,\"valueName\":\"search_term_string\"}}],\"inLanguage\":\"en-US\"}]}<\/script>\n<!-- \/ Yoast SEO plugin. -->","yoast_head_json":{"title":"M\u00e9daillon coeur secret - Feidt","robots":{"index":"index","follow":"follow","max-snippet":"max-snippet:-1","max-image-preview":"max-image-preview:large","max-video-preview":"max-video-preview:-1"},"canonical":"https:\/\/www.feidt-paris.com\/en\/product\/medaillon-coeur-secret\/","og_locale":"en_US","og_type":"article","og_title":"M\u00e9daillon coeur secret - Feidt","og_description":"Le m\u00e9daillon c\u0153ur secret, en or jaune bross\u00e9 14 carats, est pav\u00e9 de 37 saphirs formant le mot LOVE et s'ouvre sur un c\u0153ur en rubis.  &nbsp;","og_url":"https:\/\/www.feidt-paris.com\/en\/product\/medaillon-coeur-secret\/","og_site_name":"Feidt","article_publisher":"https:\/\/fr-fr.facebook.com\/pages\/category\/Local-Business\/Feidt-Paris-179956148711302\/","article_modified_time":"2025-11-04T15:30:12+00:00","og_image":[{"width":2048,"height":2048,"url":"https:\/\/www.feidt-paris.com\/wp-content\/uploads\/2024\/03\/coeur-Love-Pave-Blanc-1.jpg","type":"image\/jpeg"}],"twitter_misc":{"Est. reading time":"1 minute"},"schema":{"@context":"https:\/\/schema.org","@graph":[{"@type":"WebPage","@id":"https:\/\/www.feidt-paris.com\/produit\/medaillon-coeur-secret\/","url":"https:\/\/www.feidt-paris.com\/produit\/medaillon-coeur-secret\/","name":"M\u00e9daillon coeur secret - Feidt","isPartOf":{"@id":"https:\/\/www.feidt-paris.com\/#website"},"primaryImageOfPage":{"@id":"https:\/\/www.feidt-paris.com\/produit\/medaillon-coeur-secret\/#primaryimage"},"image":{"@id":"https:\/\/www.feidt-paris.com\/produit\/medaillon-coeur-secret\/#primaryimage"},"thumbnailUrl":"https:\/\/www.feidt-paris.com\/wp-content\/uploads\/2024\/03\/coeur-Love-Pave-Blanc-1.jpg","datePublished":"2024-03-21T11:10:08+00:00","dateModified":"2025-11-04T15:30:12+00:00","breadcrumb":{"@id":"https:\/\/www.feidt-paris.com\/produit\/medaillon-coeur-secret\/#breadcrumb"},"inLanguage":"en-US","potentialAction":[{"@type":"ReadAction","target":["https:\/\/www.feidt-paris.com\/produit\/medaillon-coeur-secret\/"]}]},{"@type":"ImageObject","inLanguage":"en-US","@id":"https:\/\/www.feidt-paris.com\/produit\/medaillon-coeur-secret\/#primaryimage","url":"https:\/\/www.feidt-paris.com\/wp-content\/uploads\/2024\/03\/coeur-Love-Pave-Blanc-1.jpg","contentUrl":"https:\/\/www.feidt-paris.com\/wp-content\/uploads\/2024\/03\/coeur-Love-Pave-Blanc-1.jpg","width":2048,"height":2048},{"@type":"BreadcrumbList","@id":"https:\/\/www.feidt-paris.com\/produit\/medaillon-coeur-secret\/#breadcrumb","itemListElement":[{"@type":"ListItem","position":1,"name":"Accueil","item":"https:\/\/www.feidt-paris.com\/"},{"@type":"ListItem","position":2,"name":"Boutique","item":"https:\/\/www.feidt-paris.com\/boutique\/"},{"@type":"ListItem","position":3,"name":"M\u00e9daillon coeur secret"}]},{"@type":"WebSite","@id":"https:\/\/www.feidt-paris.com\/#website","url":"https:\/\/www.feidt-paris.com\/","name":"Feidt","description":"Boutique officielle","potentialAction":[{"@type":"SearchAction","target":{"@type":"EntryPoint","urlTemplate":"https:\/\/www.feidt-paris.com\/?s={search_term_string}"},"query-input":{"@type":"PropertyValueSpecification","valueRequired":true,"valueName":"search_term_string"}}],"inLanguage":"en-US"}]}},"_links":{"self":[{"href":"https:\/\/www.feidt-paris.com\/en\/wp-json\/wp\/v2\/product\/36110","targetHints":{"allow":["GET"]}}],"collection":[{"href":"https:\/\/www.feidt-paris.com\/en\/wp-json\/wp\/v2\/product"}],"about":[{"href":"https:\/\/www.feidt-paris.com\/en\/wp-json\/wp\/v2\/types\/product"}],"wp:featuredmedia":[{"embeddable":true,"href":"https:\/\/www.feidt-paris.com\/en\/wp-json\/wp\/v2\/media\/37240"}],"wp:attachment":[{"href":"https:\/\/www.feidt-paris.com\/en\/wp-json\/wp\/v2\/media?parent=36110"}],"wp:term":[{"taxonomy":"product_brand","embeddable":true,"href":"https:\/\/www.feidt-paris.com\/en\/wp-json\/wp\/v2\/product_brand?post=36110"},{"taxonomy":"product_cat","embeddable":true,"href":"https:\/\/www.feidt-paris.com\/en\/wp-json\/wp\/v2\/product_cat?post=36110"},{"taxonomy":"product_tag","embeddable":true,"href":"https:\/\/www.feidt-paris.com\/en\/wp-json\/wp\/v2\/product_tag?post=36110"}],"curies":[{"name":"wp","href":"https:\/\/api.w.org\/{rel}","templated":true}]}}