{"id":35469,"date":"2023-09-05T08:54:19","date_gmt":"2023-09-05T08:54:19","guid":{"rendered":"https:\/\/www.feidt-paris.com\/?post_type=product&#038;p=35469"},"modified":"2025-11-06T15:36:24","modified_gmt":"2025-11-06T15:36:24","slug":"jonc-oeil","status":"publish","type":"product","link":"https:\/\/www.feidt-paris.com\/en\/product\/jonc-oeil\/","title":{"rendered":"Jonc oeil"},"content":{"rendered":"","protected":false},"excerpt":{"rendered":"<p>Le jonc \u0153il est compos\u00e9 d\u2019or bross\u00e9 9 carats\u00a0 et pav\u00e9 de 33 saphirs blancs.<\/p>\n<p>L&rsquo;\u0153il mesure 2 cm par 1,5cm<\/p>\n<p>Il se d\u00e9cline en version toute or ou en version \u00e9mail noir<\/p>\n<p>&nbsp;<\/p>\n<p>&nbsp;<\/p>\n<p>&nbsp;<\/p>","protected":false},"featured_media":35473,"template":"","meta":[],"product_brand":[],"product_cat":[310,454,494],"product_tag":[],"class_list":{"0":"post-35469","1":"product","2":"type-product","3":"status-publish","4":"has-post-thumbnail","6":"product_cat-bracelets","7":"product_cat-bracelets-joncs","8":"product_cat-nouveautes","9":"pa_couleur-dor-jaune","10":"pa_type-de-bijoux-bracelets","11":"pa_type-de-pierres-saphirs-blancs","12":"pa_type-dor-9-carats","14":"first","15":"instock","16":"taxable","17":"shipping-taxable","18":"purchasable","19":"product-type-variable"},"yoast_head":"<!-- This site is optimized with the Yoast SEO plugin v27.4 - https:\/\/yoast.com\/product\/yoast-seo-wordpress\/ -->\n<title>Jonc oeil - Feidt<\/title>\n<meta name=\"robots\" content=\"index, follow, max-snippet:-1, max-image-preview:large, max-video-preview:-1\" \/>\n<link rel=\"canonical\" href=\"https:\/\/www.feidt-paris.com\/en\/product\/jonc-oeil\/\" \/>\n<meta property=\"og:locale\" content=\"en_US\" \/>\n<meta property=\"og:type\" content=\"article\" \/>\n<meta property=\"og:title\" content=\"Jonc oeil - Feidt\" \/>\n<meta property=\"og:description\" content=\"Le jonc \u0153il est compos\u00e9 d\u2019or bross\u00e9 9 carats\u00a0 et pav\u00e9 de 33 saphirs blancs.  L&#039;\u0153il mesure 2 cm par 1,5cm  Il se d\u00e9cline en version toute or ou en version \u00e9mail noir  &nbsp;  &nbsp;  &nbsp;\" \/>\n<meta property=\"og:url\" content=\"https:\/\/www.feidt-paris.com\/en\/product\/jonc-oeil\/\" \/>\n<meta property=\"og:site_name\" content=\"Feidt\" \/>\n<meta property=\"article:publisher\" content=\"https:\/\/fr-fr.facebook.com\/pages\/category\/Local-Business\/Feidt-Paris-179956148711302\/\" \/>\n<meta property=\"article:modified_time\" content=\"2025-11-06T15:36:24+00:00\" \/>\n<meta property=\"og:image\" content=\"https:\/\/www.feidt-paris.com\/wp-content\/uploads\/2023\/09\/BANGLE-oeil-or-scaled.jpg\" \/>\n\t<meta property=\"og:image:width\" content=\"2560\" \/>\n\t<meta property=\"og:image:height\" content=\"2560\" \/>\n\t<meta property=\"og:image:type\" content=\"image\/jpeg\" \/>\n<meta name=\"twitter:label1\" content=\"Est. reading time\" \/>\n\t<meta name=\"twitter:data1\" content=\"1 minute\" \/>\n<script type=\"application\/ld+json\" class=\"yoast-schema-graph\">{\"@context\":\"https:\\\/\\\/schema.org\",\"@graph\":[{\"@type\":\"WebPage\",\"@id\":\"https:\\\/\\\/www.feidt-paris.com\\\/produit\\\/jonc-oeil\\\/\",\"url\":\"https:\\\/\\\/www.feidt-paris.com\\\/produit\\\/jonc-oeil\\\/\",\"name\":\"Jonc oeil - Feidt\",\"isPartOf\":{\"@id\":\"https:\\\/\\\/www.feidt-paris.com\\\/#website\"},\"primaryImageOfPage\":{\"@id\":\"https:\\\/\\\/www.feidt-paris.com\\\/produit\\\/jonc-oeil\\\/#primaryimage\"},\"image\":{\"@id\":\"https:\\\/\\\/www.feidt-paris.com\\\/produit\\\/jonc-oeil\\\/#primaryimage\"},\"thumbnailUrl\":\"https:\\\/\\\/www.feidt-paris.com\\\/wp-content\\\/uploads\\\/2023\\\/09\\\/BANGLE-oeil-or-scaled.jpg\",\"datePublished\":\"2023-09-05T08:54:19+00:00\",\"dateModified\":\"2025-11-06T15:36:24+00:00\",\"breadcrumb\":{\"@id\":\"https:\\\/\\\/www.feidt-paris.com\\\/produit\\\/jonc-oeil\\\/#breadcrumb\"},\"inLanguage\":\"en-US\",\"potentialAction\":[{\"@type\":\"ReadAction\",\"target\":[\"https:\\\/\\\/www.feidt-paris.com\\\/produit\\\/jonc-oeil\\\/\"]}]},{\"@type\":\"ImageObject\",\"inLanguage\":\"en-US\",\"@id\":\"https:\\\/\\\/www.feidt-paris.com\\\/produit\\\/jonc-oeil\\\/#primaryimage\",\"url\":\"https:\\\/\\\/www.feidt-paris.com\\\/wp-content\\\/uploads\\\/2023\\\/09\\\/BANGLE-oeil-or-scaled.jpg\",\"contentUrl\":\"https:\\\/\\\/www.feidt-paris.com\\\/wp-content\\\/uploads\\\/2023\\\/09\\\/BANGLE-oeil-or-scaled.jpg\",\"width\":2560,\"height\":2560},{\"@type\":\"BreadcrumbList\",\"@id\":\"https:\\\/\\\/www.feidt-paris.com\\\/produit\\\/jonc-oeil\\\/#breadcrumb\",\"itemListElement\":[{\"@type\":\"ListItem\",\"position\":1,\"name\":\"Accueil\",\"item\":\"https:\\\/\\\/www.feidt-paris.com\\\/\"},{\"@type\":\"ListItem\",\"position\":2,\"name\":\"Boutique\",\"item\":\"https:\\\/\\\/www.feidt-paris.com\\\/boutique\\\/\"},{\"@type\":\"ListItem\",\"position\":3,\"name\":\"Jonc oeil\"}]},{\"@type\":\"WebSite\",\"@id\":\"https:\\\/\\\/www.feidt-paris.com\\\/#website\",\"url\":\"https:\\\/\\\/www.feidt-paris.com\\\/\",\"name\":\"Feidt\",\"description\":\"Boutique officielle\",\"potentialAction\":[{\"@type\":\"SearchAction\",\"target\":{\"@type\":\"EntryPoint\",\"urlTemplate\":\"https:\\\/\\\/www.feidt-paris.com\\\/?s={search_term_string}\"},\"query-input\":{\"@type\":\"PropertyValueSpecification\",\"valueRequired\":true,\"valueName\":\"search_term_string\"}}],\"inLanguage\":\"en-US\"}]}<\/script>\n<!-- \/ Yoast SEO plugin. -->","yoast_head_json":{"title":"Jonc oeil - Feidt","robots":{"index":"index","follow":"follow","max-snippet":"max-snippet:-1","max-image-preview":"max-image-preview:large","max-video-preview":"max-video-preview:-1"},"canonical":"https:\/\/www.feidt-paris.com\/en\/product\/jonc-oeil\/","og_locale":"en_US","og_type":"article","og_title":"Jonc oeil - Feidt","og_description":"Le jonc \u0153il est compos\u00e9 d\u2019or bross\u00e9 9 carats\u00a0 et pav\u00e9 de 33 saphirs blancs.  L'\u0153il mesure 2 cm par 1,5cm  Il se d\u00e9cline en version toute or ou en version \u00e9mail noir  &nbsp;  &nbsp;  &nbsp;","og_url":"https:\/\/www.feidt-paris.com\/en\/product\/jonc-oeil\/","og_site_name":"Feidt","article_publisher":"https:\/\/fr-fr.facebook.com\/pages\/category\/Local-Business\/Feidt-Paris-179956148711302\/","article_modified_time":"2025-11-06T15:36:24+00:00","og_image":[{"width":2560,"height":2560,"url":"https:\/\/www.feidt-paris.com\/wp-content\/uploads\/2023\/09\/BANGLE-oeil-or-scaled.jpg","type":"image\/jpeg"}],"twitter_misc":{"Est. reading time":"1 minute"},"schema":{"@context":"https:\/\/schema.org","@graph":[{"@type":"WebPage","@id":"https:\/\/www.feidt-paris.com\/produit\/jonc-oeil\/","url":"https:\/\/www.feidt-paris.com\/produit\/jonc-oeil\/","name":"Jonc oeil - Feidt","isPartOf":{"@id":"https:\/\/www.feidt-paris.com\/#website"},"primaryImageOfPage":{"@id":"https:\/\/www.feidt-paris.com\/produit\/jonc-oeil\/#primaryimage"},"image":{"@id":"https:\/\/www.feidt-paris.com\/produit\/jonc-oeil\/#primaryimage"},"thumbnailUrl":"https:\/\/www.feidt-paris.com\/wp-content\/uploads\/2023\/09\/BANGLE-oeil-or-scaled.jpg","datePublished":"2023-09-05T08:54:19+00:00","dateModified":"2025-11-06T15:36:24+00:00","breadcrumb":{"@id":"https:\/\/www.feidt-paris.com\/produit\/jonc-oeil\/#breadcrumb"},"inLanguage":"en-US","potentialAction":[{"@type":"ReadAction","target":["https:\/\/www.feidt-paris.com\/produit\/jonc-oeil\/"]}]},{"@type":"ImageObject","inLanguage":"en-US","@id":"https:\/\/www.feidt-paris.com\/produit\/jonc-oeil\/#primaryimage","url":"https:\/\/www.feidt-paris.com\/wp-content\/uploads\/2023\/09\/BANGLE-oeil-or-scaled.jpg","contentUrl":"https:\/\/www.feidt-paris.com\/wp-content\/uploads\/2023\/09\/BANGLE-oeil-or-scaled.jpg","width":2560,"height":2560},{"@type":"BreadcrumbList","@id":"https:\/\/www.feidt-paris.com\/produit\/jonc-oeil\/#breadcrumb","itemListElement":[{"@type":"ListItem","position":1,"name":"Accueil","item":"https:\/\/www.feidt-paris.com\/"},{"@type":"ListItem","position":2,"name":"Boutique","item":"https:\/\/www.feidt-paris.com\/boutique\/"},{"@type":"ListItem","position":3,"name":"Jonc oeil"}]},{"@type":"WebSite","@id":"https:\/\/www.feidt-paris.com\/#website","url":"https:\/\/www.feidt-paris.com\/","name":"Feidt","description":"Boutique officielle","potentialAction":[{"@type":"SearchAction","target":{"@type":"EntryPoint","urlTemplate":"https:\/\/www.feidt-paris.com\/?s={search_term_string}"},"query-input":{"@type":"PropertyValueSpecification","valueRequired":true,"valueName":"search_term_string"}}],"inLanguage":"en-US"}]}},"_links":{"self":[{"href":"https:\/\/www.feidt-paris.com\/en\/wp-json\/wp\/v2\/product\/35469","targetHints":{"allow":["GET"]}}],"collection":[{"href":"https:\/\/www.feidt-paris.com\/en\/wp-json\/wp\/v2\/product"}],"about":[{"href":"https:\/\/www.feidt-paris.com\/en\/wp-json\/wp\/v2\/types\/product"}],"wp:featuredmedia":[{"embeddable":true,"href":"https:\/\/www.feidt-paris.com\/en\/wp-json\/wp\/v2\/media\/35473"}],"wp:attachment":[{"href":"https:\/\/www.feidt-paris.com\/en\/wp-json\/wp\/v2\/media?parent=35469"}],"wp:term":[{"taxonomy":"product_brand","embeddable":true,"href":"https:\/\/www.feidt-paris.com\/en\/wp-json\/wp\/v2\/product_brand?post=35469"},{"taxonomy":"product_cat","embeddable":true,"href":"https:\/\/www.feidt-paris.com\/en\/wp-json\/wp\/v2\/product_cat?post=35469"},{"taxonomy":"product_tag","embeddable":true,"href":"https:\/\/www.feidt-paris.com\/en\/wp-json\/wp\/v2\/product_tag?post=35469"}],"curies":[{"name":"wp","href":"https:\/\/api.w.org\/{rel}","templated":true}]}}