{"id":27799,"date":"2020-07-13T14:26:19","date_gmt":"2020-07-13T14:26:19","guid":{"rendered":"https:\/\/www.feidt-paris.com\/?post_type=product&#038;p=27799"},"modified":"2025-01-28T16:27:26","modified_gmt":"2025-01-28T16:27:26","slug":"bague-mini-oiseau","status":"publish","type":"product","link":"https:\/\/www.feidt-paris.com\/en\/product\/bague-mini-oiseau\/","title":{"rendered":"Bague mini oiseaux"},"content":{"rendered":"","protected":false},"excerpt":{"rendered":"<p>La bague ronde mini oiseau est compos\u00e9e d\u2019or 14 carats et de 18 saphirs gris.<\/p>\n<p>Cette mini bague mesure 1 cm de diam\u00e8tre.<\/p>\n<p><strong><em>Votre taille n\u2019est pas propos\u00e9e ? N\u2019h\u00e9sitez pas \u00e0 contacter notre service clients \u00e0 l\u2019adresse suivante: contact@feidt-paris.com<\/em><\/strong><\/p>","protected":false},"featured_media":34348,"template":"","meta":[],"product_brand":[],"product_cat":[311,449],"product_tag":[],"class_list":{"0":"post-27799","1":"product","2":"type-product","3":"status-publish","4":"has-post-thumbnail","6":"product_cat-bagues","7":"product_cat-bague-medaille","8":"pa_collection-icone-oiseau","9":"pa_couleur-dor-blanc","10":"pa_couleur-dor-jaune","11":"pa_taille-de-bague-256","12":"pa_taille-de-bague-264","13":"pa_taille-de-bague-265","14":"pa_type-de-bijoux-bagues","15":"pa_type-de-pierres-saphir-gris","16":"pa_type-dor-14-carats","18":"first","19":"onbackorder","20":"taxable","21":"shipping-taxable","22":"purchasable","23":"product-type-variable"},"yoast_head":"<!-- This site is optimized with the Yoast SEO plugin v27.3 - https:\/\/yoast.com\/product\/yoast-seo-wordpress\/ -->\n<title>Bague mini oiseaux - Feidt 9 carats<\/title>\n<meta name=\"description\" content=\"La bague ic\u00f4ne oiseau de Feidt Paris est compos\u00e9e d&#039;or 9 carats, sertie de pierres semi-pr\u00e9cieuses et recouverte d&#039;\u00e9mail.\" \/>\n<meta name=\"robots\" content=\"index, follow, max-snippet:-1, max-image-preview:large, max-video-preview:-1\" \/>\n<link rel=\"canonical\" href=\"https:\/\/www.feidt-paris.com\/en\/product\/bague-mini-oiseau\/\" \/>\n<meta property=\"og:locale\" content=\"en_US\" \/>\n<meta property=\"og:type\" content=\"article\" \/>\n<meta property=\"og:title\" content=\"Bague mini oiseaux - Feidt 9 carats\" \/>\n<meta property=\"og:description\" content=\"La bague ic\u00f4ne oiseau de Feidt Paris est compos\u00e9e d&#039;or 9 carats, sertie de pierres semi-pr\u00e9cieuses et recouverte d&#039;\u00e9mail.\" \/>\n<meta property=\"og:url\" content=\"https:\/\/www.feidt-paris.com\/en\/product\/bague-mini-oiseau\/\" \/>\n<meta property=\"og:site_name\" content=\"Feidt\" \/>\n<meta property=\"article:publisher\" content=\"https:\/\/fr-fr.facebook.com\/pages\/category\/Local-Business\/Feidt-Paris-179956148711302\/\" \/>\n<meta property=\"article:modified_time\" content=\"2025-01-28T16:27:26+00:00\" \/>\n<meta property=\"og:image\" content=\"https:\/\/www.feidt-paris.com\/wp-content\/uploads\/2020\/07\/Bague-mini-oiseaux.jpg\" \/>\n\t<meta property=\"og:image:width\" content=\"2048\" \/>\n\t<meta property=\"og:image:height\" content=\"2048\" \/>\n\t<meta property=\"og:image:type\" content=\"image\/jpeg\" \/>\n<meta name=\"twitter:label1\" content=\"Est. reading time\" \/>\n\t<meta name=\"twitter:data1\" content=\"1 minute\" \/>\n<script type=\"application\/ld+json\" class=\"yoast-schema-graph\">{\"@context\":\"https:\\\/\\\/schema.org\",\"@graph\":[{\"@type\":\"WebPage\",\"@id\":\"https:\\\/\\\/www.feidt-paris.com\\\/produit\\\/bague-mini-oiseau\\\/\",\"url\":\"https:\\\/\\\/www.feidt-paris.com\\\/produit\\\/bague-mini-oiseau\\\/\",\"name\":\"Bague mini oiseaux - Feidt 9 carats\",\"isPartOf\":{\"@id\":\"https:\\\/\\\/www.feidt-paris.com\\\/#website\"},\"primaryImageOfPage\":{\"@id\":\"https:\\\/\\\/www.feidt-paris.com\\\/produit\\\/bague-mini-oiseau\\\/#primaryimage\"},\"image\":{\"@id\":\"https:\\\/\\\/www.feidt-paris.com\\\/produit\\\/bague-mini-oiseau\\\/#primaryimage\"},\"thumbnailUrl\":\"https:\\\/\\\/www.feidt-paris.com\\\/wp-content\\\/uploads\\\/2020\\\/07\\\/Bague-mini-oiseaux.jpg\",\"datePublished\":\"2020-07-13T14:26:19+00:00\",\"dateModified\":\"2025-01-28T16:27:26+00:00\",\"description\":\"La bague ic\u00f4ne oiseau de Feidt Paris est compos\u00e9e d'or 9 carats, sertie de pierres semi-pr\u00e9cieuses et recouverte d'\u00e9mail.\",\"breadcrumb\":{\"@id\":\"https:\\\/\\\/www.feidt-paris.com\\\/produit\\\/bague-mini-oiseau\\\/#breadcrumb\"},\"inLanguage\":\"en-US\",\"potentialAction\":[{\"@type\":\"ReadAction\",\"target\":[\"https:\\\/\\\/www.feidt-paris.com\\\/produit\\\/bague-mini-oiseau\\\/\"]}]},{\"@type\":\"ImageObject\",\"inLanguage\":\"en-US\",\"@id\":\"https:\\\/\\\/www.feidt-paris.com\\\/produit\\\/bague-mini-oiseau\\\/#primaryimage\",\"url\":\"https:\\\/\\\/www.feidt-paris.com\\\/wp-content\\\/uploads\\\/2020\\\/07\\\/Bague-mini-oiseaux.jpg\",\"contentUrl\":\"https:\\\/\\\/www.feidt-paris.com\\\/wp-content\\\/uploads\\\/2020\\\/07\\\/Bague-mini-oiseaux.jpg\",\"width\":2048,\"height\":2048},{\"@type\":\"BreadcrumbList\",\"@id\":\"https:\\\/\\\/www.feidt-paris.com\\\/produit\\\/bague-mini-oiseau\\\/#breadcrumb\",\"itemListElement\":[{\"@type\":\"ListItem\",\"position\":1,\"name\":\"Accueil\",\"item\":\"https:\\\/\\\/www.feidt-paris.com\\\/\"},{\"@type\":\"ListItem\",\"position\":2,\"name\":\"Boutique\",\"item\":\"https:\\\/\\\/www.feidt-paris.com\\\/boutique\\\/\"},{\"@type\":\"ListItem\",\"position\":3,\"name\":\"Bague mini oiseaux\"}]},{\"@type\":\"WebSite\",\"@id\":\"https:\\\/\\\/www.feidt-paris.com\\\/#website\",\"url\":\"https:\\\/\\\/www.feidt-paris.com\\\/\",\"name\":\"Feidt\",\"description\":\"Boutique officielle\",\"potentialAction\":[{\"@type\":\"SearchAction\",\"target\":{\"@type\":\"EntryPoint\",\"urlTemplate\":\"https:\\\/\\\/www.feidt-paris.com\\\/?s={search_term_string}\"},\"query-input\":{\"@type\":\"PropertyValueSpecification\",\"valueRequired\":true,\"valueName\":\"search_term_string\"}}],\"inLanguage\":\"en-US\"}]}<\/script>\n<!-- \/ Yoast SEO plugin. -->","yoast_head_json":{"title":"Bague mini oiseaux - Feidt 9 carats","description":"La bague ic\u00f4ne oiseau de Feidt Paris est compos\u00e9e d'or 9 carats, sertie de pierres semi-pr\u00e9cieuses et recouverte d'\u00e9mail.","robots":{"index":"index","follow":"follow","max-snippet":"max-snippet:-1","max-image-preview":"max-image-preview:large","max-video-preview":"max-video-preview:-1"},"canonical":"https:\/\/www.feidt-paris.com\/en\/product\/bague-mini-oiseau\/","og_locale":"en_US","og_type":"article","og_title":"Bague mini oiseaux - Feidt 9 carats","og_description":"La bague ic\u00f4ne oiseau de Feidt Paris est compos\u00e9e d'or 9 carats, sertie de pierres semi-pr\u00e9cieuses et recouverte d'\u00e9mail.","og_url":"https:\/\/www.feidt-paris.com\/en\/product\/bague-mini-oiseau\/","og_site_name":"Feidt","article_publisher":"https:\/\/fr-fr.facebook.com\/pages\/category\/Local-Business\/Feidt-Paris-179956148711302\/","article_modified_time":"2025-01-28T16:27:26+00:00","og_image":[{"width":2048,"height":2048,"url":"https:\/\/www.feidt-paris.com\/wp-content\/uploads\/2020\/07\/Bague-mini-oiseaux.jpg","type":"image\/jpeg"}],"twitter_misc":{"Est. reading time":"1 minute"},"schema":{"@context":"https:\/\/schema.org","@graph":[{"@type":"WebPage","@id":"https:\/\/www.feidt-paris.com\/produit\/bague-mini-oiseau\/","url":"https:\/\/www.feidt-paris.com\/produit\/bague-mini-oiseau\/","name":"Bague mini oiseaux - Feidt 9 carats","isPartOf":{"@id":"https:\/\/www.feidt-paris.com\/#website"},"primaryImageOfPage":{"@id":"https:\/\/www.feidt-paris.com\/produit\/bague-mini-oiseau\/#primaryimage"},"image":{"@id":"https:\/\/www.feidt-paris.com\/produit\/bague-mini-oiseau\/#primaryimage"},"thumbnailUrl":"https:\/\/www.feidt-paris.com\/wp-content\/uploads\/2020\/07\/Bague-mini-oiseaux.jpg","datePublished":"2020-07-13T14:26:19+00:00","dateModified":"2025-01-28T16:27:26+00:00","description":"La bague ic\u00f4ne oiseau de Feidt Paris est compos\u00e9e d'or 9 carats, sertie de pierres semi-pr\u00e9cieuses et recouverte d'\u00e9mail.","breadcrumb":{"@id":"https:\/\/www.feidt-paris.com\/produit\/bague-mini-oiseau\/#breadcrumb"},"inLanguage":"en-US","potentialAction":[{"@type":"ReadAction","target":["https:\/\/www.feidt-paris.com\/produit\/bague-mini-oiseau\/"]}]},{"@type":"ImageObject","inLanguage":"en-US","@id":"https:\/\/www.feidt-paris.com\/produit\/bague-mini-oiseau\/#primaryimage","url":"https:\/\/www.feidt-paris.com\/wp-content\/uploads\/2020\/07\/Bague-mini-oiseaux.jpg","contentUrl":"https:\/\/www.feidt-paris.com\/wp-content\/uploads\/2020\/07\/Bague-mini-oiseaux.jpg","width":2048,"height":2048},{"@type":"BreadcrumbList","@id":"https:\/\/www.feidt-paris.com\/produit\/bague-mini-oiseau\/#breadcrumb","itemListElement":[{"@type":"ListItem","position":1,"name":"Accueil","item":"https:\/\/www.feidt-paris.com\/"},{"@type":"ListItem","position":2,"name":"Boutique","item":"https:\/\/www.feidt-paris.com\/boutique\/"},{"@type":"ListItem","position":3,"name":"Bague mini oiseaux"}]},{"@type":"WebSite","@id":"https:\/\/www.feidt-paris.com\/#website","url":"https:\/\/www.feidt-paris.com\/","name":"Feidt","description":"Boutique officielle","potentialAction":[{"@type":"SearchAction","target":{"@type":"EntryPoint","urlTemplate":"https:\/\/www.feidt-paris.com\/?s={search_term_string}"},"query-input":{"@type":"PropertyValueSpecification","valueRequired":true,"valueName":"search_term_string"}}],"inLanguage":"en-US"}]}},"_links":{"self":[{"href":"https:\/\/www.feidt-paris.com\/en\/wp-json\/wp\/v2\/product\/27799","targetHints":{"allow":["GET"]}}],"collection":[{"href":"https:\/\/www.feidt-paris.com\/en\/wp-json\/wp\/v2\/product"}],"about":[{"href":"https:\/\/www.feidt-paris.com\/en\/wp-json\/wp\/v2\/types\/product"}],"wp:featuredmedia":[{"embeddable":true,"href":"https:\/\/www.feidt-paris.com\/en\/wp-json\/wp\/v2\/media\/34348"}],"wp:attachment":[{"href":"https:\/\/www.feidt-paris.com\/en\/wp-json\/wp\/v2\/media?parent=27799"}],"wp:term":[{"taxonomy":"product_brand","embeddable":true,"href":"https:\/\/www.feidt-paris.com\/en\/wp-json\/wp\/v2\/product_brand?post=27799"},{"taxonomy":"product_cat","embeddable":true,"href":"https:\/\/www.feidt-paris.com\/en\/wp-json\/wp\/v2\/product_cat?post=27799"},{"taxonomy":"product_tag","embeddable":true,"href":"https:\/\/www.feidt-paris.com\/en\/wp-json\/wp\/v2\/product_tag?post=27799"}],"curies":[{"name":"wp","href":"https:\/\/api.w.org\/{rel}","templated":true}]}}