{"id":27718,"date":"2020-07-06T13:08:40","date_gmt":"2020-07-06T13:08:40","guid":{"rendered":"https:\/\/feidt-paris.com\/?post_type=product&#038;p=27718"},"modified":"2025-08-08T09:56:23","modified_gmt":"2025-08-08T09:56:23","slug":"alliance-sertie-de-diamants-feidt","status":"publish","type":"product","link":"https:\/\/www.feidt-paris.com\/en\/product\/alliance-sertie-de-diamants-feidt\/","title":{"rendered":"Alliance diamants"},"content":{"rendered":"","protected":false},"excerpt":{"rendered":"<p>L&rsquo;alliance est compos\u00e9e d&rsquo;or 18 carats et de diamants class\u00e9s VS1.<\/p>\n<div class=\"woocommerce-product-details__short-description\">\n<p><strong><em>Votre taille n\u2019est pas propos\u00e9e ? N\u2019h\u00e9sitez pas \u00e0 contacter notre service clients \u00e0 l\u2019adresse suivante: contact@feidt-paris.com<\/em><\/strong><\/p>\n<\/div>","protected":false},"featured_media":34363,"template":"","meta":[],"product_brand":[],"product_cat":[311,450],"product_tag":[],"class_list":{"0":"post-27718","1":"product","2":"type-product","3":"status-publish","4":"has-post-thumbnail","6":"product_cat-bagues","7":"product_cat-bagues-joncs","8":"pa_collection-les-eternels","9":"pa_couleur-dor-blanc","10":"pa_couleur-dor-jaune","11":"pa_diamants-diamants-blanc","12":"pa_diamants-diamants-noir","13":"pa_taille-de-bague-256","14":"pa_taille-de-bague-264","15":"pa_taille-de-bague-265","16":"pa_taille-de-bague-266","17":"pa_type-de-bijoux-bagues","18":"pa_type-dor-18-carats","20":"first","21":"outofstock","22":"taxable","23":"shipping-taxable","24":"purchasable","25":"product-type-variable"},"yoast_head":"<!-- This site is optimized with the Yoast SEO plugin v27.4 - https:\/\/yoast.com\/product\/yoast-seo-wordpress\/ -->\n<title>Alliance diamants - Feidt<\/title>\n<meta name=\"robots\" content=\"index, follow, max-snippet:-1, max-image-preview:large, max-video-preview:-1\" \/>\n<link rel=\"canonical\" href=\"https:\/\/www.feidt-paris.com\/en\/product\/alliance-sertie-de-diamants-feidt\/\" \/>\n<meta property=\"og:locale\" content=\"en_US\" \/>\n<meta property=\"og:type\" content=\"article\" \/>\n<meta property=\"og:title\" content=\"Alliance diamants - Feidt\" \/>\n<meta property=\"og:description\" content=\"L&#039;alliance est compos\u00e9e d&#039;or 18 carats et de diamants class\u00e9s VS1.   Votre taille n\u2019est pas propos\u00e9e ? N\u2019h\u00e9sitez pas \u00e0 contacter notre service clients \u00e0 l\u2019adresse suivante: contact@feidt-paris.com\" \/>\n<meta property=\"og:url\" content=\"https:\/\/www.feidt-paris.com\/en\/product\/alliance-sertie-de-diamants-feidt\/\" \/>\n<meta property=\"og:site_name\" content=\"Feidt\" \/>\n<meta property=\"article:publisher\" content=\"https:\/\/fr-fr.facebook.com\/pages\/category\/Local-Business\/Feidt-Paris-179956148711302\/\" \/>\n<meta property=\"article:modified_time\" content=\"2025-08-08T09:56:23+00:00\" \/>\n<meta property=\"og:image\" content=\"https:\/\/www.feidt-paris.com\/wp-content\/uploads\/2020\/07\/Alliance-diamants.jpg\" \/>\n\t<meta property=\"og:image:width\" content=\"2048\" \/>\n\t<meta property=\"og:image:height\" content=\"2048\" \/>\n\t<meta property=\"og:image:type\" content=\"image\/jpeg\" \/>\n<meta name=\"twitter:label1\" content=\"Est. reading time\" \/>\n\t<meta name=\"twitter:data1\" content=\"1 minute\" \/>\n<script type=\"application\/ld+json\" class=\"yoast-schema-graph\">{\"@context\":\"https:\\\/\\\/schema.org\",\"@graph\":[{\"@type\":\"WebPage\",\"@id\":\"https:\\\/\\\/www.feidt-paris.com\\\/produit\\\/alliance-sertie-de-diamants-feidt\\\/\",\"url\":\"https:\\\/\\\/www.feidt-paris.com\\\/produit\\\/alliance-sertie-de-diamants-feidt\\\/\",\"name\":\"Alliance diamants - Feidt\",\"isPartOf\":{\"@id\":\"https:\\\/\\\/www.feidt-paris.com\\\/#website\"},\"primaryImageOfPage\":{\"@id\":\"https:\\\/\\\/www.feidt-paris.com\\\/produit\\\/alliance-sertie-de-diamants-feidt\\\/#primaryimage\"},\"image\":{\"@id\":\"https:\\\/\\\/www.feidt-paris.com\\\/produit\\\/alliance-sertie-de-diamants-feidt\\\/#primaryimage\"},\"thumbnailUrl\":\"https:\\\/\\\/www.feidt-paris.com\\\/wp-content\\\/uploads\\\/2020\\\/07\\\/Alliance-diamants.jpg\",\"datePublished\":\"2020-07-06T13:08:40+00:00\",\"dateModified\":\"2025-08-08T09:56:23+00:00\",\"breadcrumb\":{\"@id\":\"https:\\\/\\\/www.feidt-paris.com\\\/produit\\\/alliance-sertie-de-diamants-feidt\\\/#breadcrumb\"},\"inLanguage\":\"en-US\",\"potentialAction\":[{\"@type\":\"ReadAction\",\"target\":[\"https:\\\/\\\/www.feidt-paris.com\\\/produit\\\/alliance-sertie-de-diamants-feidt\\\/\"]}]},{\"@type\":\"ImageObject\",\"inLanguage\":\"en-US\",\"@id\":\"https:\\\/\\\/www.feidt-paris.com\\\/produit\\\/alliance-sertie-de-diamants-feidt\\\/#primaryimage\",\"url\":\"https:\\\/\\\/www.feidt-paris.com\\\/wp-content\\\/uploads\\\/2020\\\/07\\\/Alliance-diamants.jpg\",\"contentUrl\":\"https:\\\/\\\/www.feidt-paris.com\\\/wp-content\\\/uploads\\\/2020\\\/07\\\/Alliance-diamants.jpg\",\"width\":2048,\"height\":2048},{\"@type\":\"BreadcrumbList\",\"@id\":\"https:\\\/\\\/www.feidt-paris.com\\\/produit\\\/alliance-sertie-de-diamants-feidt\\\/#breadcrumb\",\"itemListElement\":[{\"@type\":\"ListItem\",\"position\":1,\"name\":\"Accueil\",\"item\":\"https:\\\/\\\/www.feidt-paris.com\\\/\"},{\"@type\":\"ListItem\",\"position\":2,\"name\":\"Boutique\",\"item\":\"https:\\\/\\\/www.feidt-paris.com\\\/boutique\\\/\"},{\"@type\":\"ListItem\",\"position\":3,\"name\":\"Alliance diamants\"}]},{\"@type\":\"WebSite\",\"@id\":\"https:\\\/\\\/www.feidt-paris.com\\\/#website\",\"url\":\"https:\\\/\\\/www.feidt-paris.com\\\/\",\"name\":\"Feidt\",\"description\":\"Boutique officielle\",\"potentialAction\":[{\"@type\":\"SearchAction\",\"target\":{\"@type\":\"EntryPoint\",\"urlTemplate\":\"https:\\\/\\\/www.feidt-paris.com\\\/?s={search_term_string}\"},\"query-input\":{\"@type\":\"PropertyValueSpecification\",\"valueRequired\":true,\"valueName\":\"search_term_string\"}}],\"inLanguage\":\"en-US\"}]}<\/script>\n<!-- \/ Yoast SEO plugin. -->","yoast_head_json":{"title":"Alliance diamants - Feidt","robots":{"index":"index","follow":"follow","max-snippet":"max-snippet:-1","max-image-preview":"max-image-preview:large","max-video-preview":"max-video-preview:-1"},"canonical":"https:\/\/www.feidt-paris.com\/en\/product\/alliance-sertie-de-diamants-feidt\/","og_locale":"en_US","og_type":"article","og_title":"Alliance diamants - Feidt","og_description":"L'alliance est compos\u00e9e d'or 18 carats et de diamants class\u00e9s VS1.   Votre taille n\u2019est pas propos\u00e9e ? N\u2019h\u00e9sitez pas \u00e0 contacter notre service clients \u00e0 l\u2019adresse suivante: contact@feidt-paris.com","og_url":"https:\/\/www.feidt-paris.com\/en\/product\/alliance-sertie-de-diamants-feidt\/","og_site_name":"Feidt","article_publisher":"https:\/\/fr-fr.facebook.com\/pages\/category\/Local-Business\/Feidt-Paris-179956148711302\/","article_modified_time":"2025-08-08T09:56:23+00:00","og_image":[{"width":2048,"height":2048,"url":"https:\/\/www.feidt-paris.com\/wp-content\/uploads\/2020\/07\/Alliance-diamants.jpg","type":"image\/jpeg"}],"twitter_misc":{"Est. reading time":"1 minute"},"schema":{"@context":"https:\/\/schema.org","@graph":[{"@type":"WebPage","@id":"https:\/\/www.feidt-paris.com\/produit\/alliance-sertie-de-diamants-feidt\/","url":"https:\/\/www.feidt-paris.com\/produit\/alliance-sertie-de-diamants-feidt\/","name":"Alliance diamants - Feidt","isPartOf":{"@id":"https:\/\/www.feidt-paris.com\/#website"},"primaryImageOfPage":{"@id":"https:\/\/www.feidt-paris.com\/produit\/alliance-sertie-de-diamants-feidt\/#primaryimage"},"image":{"@id":"https:\/\/www.feidt-paris.com\/produit\/alliance-sertie-de-diamants-feidt\/#primaryimage"},"thumbnailUrl":"https:\/\/www.feidt-paris.com\/wp-content\/uploads\/2020\/07\/Alliance-diamants.jpg","datePublished":"2020-07-06T13:08:40+00:00","dateModified":"2025-08-08T09:56:23+00:00","breadcrumb":{"@id":"https:\/\/www.feidt-paris.com\/produit\/alliance-sertie-de-diamants-feidt\/#breadcrumb"},"inLanguage":"en-US","potentialAction":[{"@type":"ReadAction","target":["https:\/\/www.feidt-paris.com\/produit\/alliance-sertie-de-diamants-feidt\/"]}]},{"@type":"ImageObject","inLanguage":"en-US","@id":"https:\/\/www.feidt-paris.com\/produit\/alliance-sertie-de-diamants-feidt\/#primaryimage","url":"https:\/\/www.feidt-paris.com\/wp-content\/uploads\/2020\/07\/Alliance-diamants.jpg","contentUrl":"https:\/\/www.feidt-paris.com\/wp-content\/uploads\/2020\/07\/Alliance-diamants.jpg","width":2048,"height":2048},{"@type":"BreadcrumbList","@id":"https:\/\/www.feidt-paris.com\/produit\/alliance-sertie-de-diamants-feidt\/#breadcrumb","itemListElement":[{"@type":"ListItem","position":1,"name":"Accueil","item":"https:\/\/www.feidt-paris.com\/"},{"@type":"ListItem","position":2,"name":"Boutique","item":"https:\/\/www.feidt-paris.com\/boutique\/"},{"@type":"ListItem","position":3,"name":"Alliance diamants"}]},{"@type":"WebSite","@id":"https:\/\/www.feidt-paris.com\/#website","url":"https:\/\/www.feidt-paris.com\/","name":"Feidt","description":"Boutique officielle","potentialAction":[{"@type":"SearchAction","target":{"@type":"EntryPoint","urlTemplate":"https:\/\/www.feidt-paris.com\/?s={search_term_string}"},"query-input":{"@type":"PropertyValueSpecification","valueRequired":true,"valueName":"search_term_string"}}],"inLanguage":"en-US"}]}},"_links":{"self":[{"href":"https:\/\/www.feidt-paris.com\/en\/wp-json\/wp\/v2\/product\/27718","targetHints":{"allow":["GET"]}}],"collection":[{"href":"https:\/\/www.feidt-paris.com\/en\/wp-json\/wp\/v2\/product"}],"about":[{"href":"https:\/\/www.feidt-paris.com\/en\/wp-json\/wp\/v2\/types\/product"}],"wp:featuredmedia":[{"embeddable":true,"href":"https:\/\/www.feidt-paris.com\/en\/wp-json\/wp\/v2\/media\/34363"}],"wp:attachment":[{"href":"https:\/\/www.feidt-paris.com\/en\/wp-json\/wp\/v2\/media?parent=27718"}],"wp:term":[{"taxonomy":"product_brand","embeddable":true,"href":"https:\/\/www.feidt-paris.com\/en\/wp-json\/wp\/v2\/product_brand?post=27718"},{"taxonomy":"product_cat","embeddable":true,"href":"https:\/\/www.feidt-paris.com\/en\/wp-json\/wp\/v2\/product_cat?post=27718"},{"taxonomy":"product_tag","embeddable":true,"href":"https:\/\/www.feidt-paris.com\/en\/wp-json\/wp\/v2\/product_tag?post=27718"}],"curies":[{"name":"wp","href":"https:\/\/api.w.org\/{rel}","templated":true}]}}