{"id":22431,"date":"2020-05-02T15:41:15","date_gmt":"2020-05-02T15:41:15","guid":{"rendered":"https:\/\/feidt-paris.com\/?post_type=product&#038;p=22431"},"modified":"2025-11-24T09:50:16","modified_gmt":"2025-11-24T09:50:16","slug":"brcelet-oeil-saphirs-gris-feidt-paris","status":"publish","type":"product","link":"https:\/\/www.feidt-paris.com\/en\/product\/brcelet-oeil-saphirs-gris-feidt-paris\/","title":{"rendered":"Bracelet oeil"},"content":{"rendered":"","protected":false},"excerpt":{"rendered":"<p>Le bracelet \u0153il est compos\u00e9 d\u2019or 14 carats et pav\u00e9 de 15 saphirs gris de 0.5cm de diam\u00e8tre.<\/p>\n<p>Il est mont\u00e9 sur une cha\u00eene r\u00e9glable, ce qui lui permet d\u2019\u00eatre ajust\u00e9 \u00e0 3 tailles diff\u00e9rentes : 15.5 cm,16.5 cm ou 17.5 cm.<\/p>","protected":false},"featured_media":22444,"template":"","meta":[],"product_brand":[],"product_cat":[310,455],"product_tag":[],"class_list":{"0":"post-22431","1":"product","2":"type-product","3":"status-publish","4":"has-post-thumbnail","6":"product_cat-bracelets","7":"product_cat-bracelets-chaines","8":"pa_couleur-dor-blanc","9":"pa_couleur-dor-jaune","10":"pa_type-de-bijoux-bracelets","11":"pa_type-de-pierres-saphir-gris","12":"pa_type-dor-14-carats","14":"first","15":"onbackorder","16":"taxable","17":"shipping-taxable","18":"purchasable","19":"product-type-variable"},"yoast_head":"<!-- This site is optimized with the Yoast SEO plugin v27.4 - https:\/\/yoast.com\/product\/yoast-seo-wordpress\/ -->\n<title>Bracelet oeil - Feidt<\/title>\n<meta name=\"robots\" content=\"index, follow, max-snippet:-1, max-image-preview:large, max-video-preview:-1\" \/>\n<link rel=\"canonical\" href=\"https:\/\/www.feidt-paris.com\/en\/product\/brcelet-oeil-saphirs-gris-feidt-paris\/\" \/>\n<meta property=\"og:locale\" content=\"en_US\" \/>\n<meta property=\"og:type\" content=\"article\" \/>\n<meta property=\"og:title\" content=\"Bracelet oeil - Feidt\" \/>\n<meta property=\"og:description\" content=\"Le bracelet \u0153il est compos\u00e9 d\u2019or 14 carats et pav\u00e9 de 15 saphirs gris de 0.5cm de diam\u00e8tre.  Il est mont\u00e9 sur une cha\u00eene r\u00e9glable, ce qui lui permet d\u2019\u00eatre ajust\u00e9 \u00e0 3 tailles diff\u00e9rentes : 15.5 cm,16.5 cm ou 17.5 cm.\" \/>\n<meta property=\"og:url\" content=\"https:\/\/www.feidt-paris.com\/en\/product\/brcelet-oeil-saphirs-gris-feidt-paris\/\" \/>\n<meta property=\"og:site_name\" content=\"Feidt\" \/>\n<meta property=\"article:publisher\" content=\"https:\/\/fr-fr.facebook.com\/pages\/category\/Local-Business\/Feidt-Paris-179956148711302\/\" \/>\n<meta property=\"article:modified_time\" content=\"2025-11-24T09:50:16+00:00\" \/>\n<meta property=\"og:image\" content=\"https:\/\/www.feidt-paris.com\/wp-content\/uploads\/2020\/05\/EYE201J.png\" \/>\n\t<meta property=\"og:image:width\" content=\"1000\" \/>\n\t<meta property=\"og:image:height\" content=\"1000\" \/>\n\t<meta property=\"og:image:type\" content=\"image\/png\" \/>\n<meta name=\"twitter:label1\" content=\"Est. reading time\" \/>\n\t<meta name=\"twitter:data1\" content=\"1 minute\" \/>\n<script type=\"application\/ld+json\" class=\"yoast-schema-graph\">{\"@context\":\"https:\\\/\\\/schema.org\",\"@graph\":[{\"@type\":\"WebPage\",\"@id\":\"https:\\\/\\\/www.feidt-paris.com\\\/produit\\\/brcelet-oeil-saphirs-gris-feidt-paris\\\/\",\"url\":\"https:\\\/\\\/www.feidt-paris.com\\\/produit\\\/brcelet-oeil-saphirs-gris-feidt-paris\\\/\",\"name\":\"Bracelet oeil - Feidt\",\"isPartOf\":{\"@id\":\"https:\\\/\\\/www.feidt-paris.com\\\/#website\"},\"primaryImageOfPage\":{\"@id\":\"https:\\\/\\\/www.feidt-paris.com\\\/produit\\\/brcelet-oeil-saphirs-gris-feidt-paris\\\/#primaryimage\"},\"image\":{\"@id\":\"https:\\\/\\\/www.feidt-paris.com\\\/produit\\\/brcelet-oeil-saphirs-gris-feidt-paris\\\/#primaryimage\"},\"thumbnailUrl\":\"https:\\\/\\\/www.feidt-paris.com\\\/wp-content\\\/uploads\\\/2020\\\/05\\\/EYE201J.png\",\"datePublished\":\"2020-05-02T15:41:15+00:00\",\"dateModified\":\"2025-11-24T09:50:16+00:00\",\"breadcrumb\":{\"@id\":\"https:\\\/\\\/www.feidt-paris.com\\\/produit\\\/brcelet-oeil-saphirs-gris-feidt-paris\\\/#breadcrumb\"},\"inLanguage\":\"en-US\",\"potentialAction\":[{\"@type\":\"ReadAction\",\"target\":[\"https:\\\/\\\/www.feidt-paris.com\\\/produit\\\/brcelet-oeil-saphirs-gris-feidt-paris\\\/\"]}]},{\"@type\":\"ImageObject\",\"inLanguage\":\"en-US\",\"@id\":\"https:\\\/\\\/www.feidt-paris.com\\\/produit\\\/brcelet-oeil-saphirs-gris-feidt-paris\\\/#primaryimage\",\"url\":\"https:\\\/\\\/www.feidt-paris.com\\\/wp-content\\\/uploads\\\/2020\\\/05\\\/EYE201J.png\",\"contentUrl\":\"https:\\\/\\\/www.feidt-paris.com\\\/wp-content\\\/uploads\\\/2020\\\/05\\\/EYE201J.png\",\"width\":1000,\"height\":1000,\"caption\":\"L'oeil de ce bracelet mesure 1cm de longueur sur 0.3cm de largeur, il est compos\u00e9 d'or 9 carats et pav\u00e9 de 15 saphirs gris dont un plus large en son centre.\"},{\"@type\":\"BreadcrumbList\",\"@id\":\"https:\\\/\\\/www.feidt-paris.com\\\/produit\\\/brcelet-oeil-saphirs-gris-feidt-paris\\\/#breadcrumb\",\"itemListElement\":[{\"@type\":\"ListItem\",\"position\":1,\"name\":\"Accueil\",\"item\":\"https:\\\/\\\/www.feidt-paris.com\\\/\"},{\"@type\":\"ListItem\",\"position\":2,\"name\":\"Boutique\",\"item\":\"https:\\\/\\\/www.feidt-paris.com\\\/boutique\\\/\"},{\"@type\":\"ListItem\",\"position\":3,\"name\":\"Bracelet oeil\"}]},{\"@type\":\"WebSite\",\"@id\":\"https:\\\/\\\/www.feidt-paris.com\\\/#website\",\"url\":\"https:\\\/\\\/www.feidt-paris.com\\\/\",\"name\":\"Feidt\",\"description\":\"Boutique officielle\",\"potentialAction\":[{\"@type\":\"SearchAction\",\"target\":{\"@type\":\"EntryPoint\",\"urlTemplate\":\"https:\\\/\\\/www.feidt-paris.com\\\/?s={search_term_string}\"},\"query-input\":{\"@type\":\"PropertyValueSpecification\",\"valueRequired\":true,\"valueName\":\"search_term_string\"}}],\"inLanguage\":\"en-US\"}]}<\/script>\n<!-- \/ Yoast SEO plugin. -->","yoast_head_json":{"title":"Bracelet oeil - Feidt","robots":{"index":"index","follow":"follow","max-snippet":"max-snippet:-1","max-image-preview":"max-image-preview:large","max-video-preview":"max-video-preview:-1"},"canonical":"https:\/\/www.feidt-paris.com\/en\/product\/brcelet-oeil-saphirs-gris-feidt-paris\/","og_locale":"en_US","og_type":"article","og_title":"Bracelet oeil - Feidt","og_description":"Le bracelet \u0153il est compos\u00e9 d\u2019or 14 carats et pav\u00e9 de 15 saphirs gris de 0.5cm de diam\u00e8tre.  Il est mont\u00e9 sur une cha\u00eene r\u00e9glable, ce qui lui permet d\u2019\u00eatre ajust\u00e9 \u00e0 3 tailles diff\u00e9rentes : 15.5 cm,16.5 cm ou 17.5 cm.","og_url":"https:\/\/www.feidt-paris.com\/en\/product\/brcelet-oeil-saphirs-gris-feidt-paris\/","og_site_name":"Feidt","article_publisher":"https:\/\/fr-fr.facebook.com\/pages\/category\/Local-Business\/Feidt-Paris-179956148711302\/","article_modified_time":"2025-11-24T09:50:16+00:00","og_image":[{"width":1000,"height":1000,"url":"https:\/\/www.feidt-paris.com\/wp-content\/uploads\/2020\/05\/EYE201J.png","type":"image\/png"}],"twitter_misc":{"Est. reading time":"1 minute"},"schema":{"@context":"https:\/\/schema.org","@graph":[{"@type":"WebPage","@id":"https:\/\/www.feidt-paris.com\/produit\/brcelet-oeil-saphirs-gris-feidt-paris\/","url":"https:\/\/www.feidt-paris.com\/produit\/brcelet-oeil-saphirs-gris-feidt-paris\/","name":"Bracelet oeil - Feidt","isPartOf":{"@id":"https:\/\/www.feidt-paris.com\/#website"},"primaryImageOfPage":{"@id":"https:\/\/www.feidt-paris.com\/produit\/brcelet-oeil-saphirs-gris-feidt-paris\/#primaryimage"},"image":{"@id":"https:\/\/www.feidt-paris.com\/produit\/brcelet-oeil-saphirs-gris-feidt-paris\/#primaryimage"},"thumbnailUrl":"https:\/\/www.feidt-paris.com\/wp-content\/uploads\/2020\/05\/EYE201J.png","datePublished":"2020-05-02T15:41:15+00:00","dateModified":"2025-11-24T09:50:16+00:00","breadcrumb":{"@id":"https:\/\/www.feidt-paris.com\/produit\/brcelet-oeil-saphirs-gris-feidt-paris\/#breadcrumb"},"inLanguage":"en-US","potentialAction":[{"@type":"ReadAction","target":["https:\/\/www.feidt-paris.com\/produit\/brcelet-oeil-saphirs-gris-feidt-paris\/"]}]},{"@type":"ImageObject","inLanguage":"en-US","@id":"https:\/\/www.feidt-paris.com\/produit\/brcelet-oeil-saphirs-gris-feidt-paris\/#primaryimage","url":"https:\/\/www.feidt-paris.com\/wp-content\/uploads\/2020\/05\/EYE201J.png","contentUrl":"https:\/\/www.feidt-paris.com\/wp-content\/uploads\/2020\/05\/EYE201J.png","width":1000,"height":1000,"caption":"L'oeil de ce bracelet mesure 1cm de longueur sur 0.3cm de largeur, il est compos\u00e9 d'or 9 carats et pav\u00e9 de 15 saphirs gris dont un plus large en son centre."},{"@type":"BreadcrumbList","@id":"https:\/\/www.feidt-paris.com\/produit\/brcelet-oeil-saphirs-gris-feidt-paris\/#breadcrumb","itemListElement":[{"@type":"ListItem","position":1,"name":"Accueil","item":"https:\/\/www.feidt-paris.com\/"},{"@type":"ListItem","position":2,"name":"Boutique","item":"https:\/\/www.feidt-paris.com\/boutique\/"},{"@type":"ListItem","position":3,"name":"Bracelet oeil"}]},{"@type":"WebSite","@id":"https:\/\/www.feidt-paris.com\/#website","url":"https:\/\/www.feidt-paris.com\/","name":"Feidt","description":"Boutique officielle","potentialAction":[{"@type":"SearchAction","target":{"@type":"EntryPoint","urlTemplate":"https:\/\/www.feidt-paris.com\/?s={search_term_string}"},"query-input":{"@type":"PropertyValueSpecification","valueRequired":true,"valueName":"search_term_string"}}],"inLanguage":"en-US"}]}},"_links":{"self":[{"href":"https:\/\/www.feidt-paris.com\/en\/wp-json\/wp\/v2\/product\/22431","targetHints":{"allow":["GET"]}}],"collection":[{"href":"https:\/\/www.feidt-paris.com\/en\/wp-json\/wp\/v2\/product"}],"about":[{"href":"https:\/\/www.feidt-paris.com\/en\/wp-json\/wp\/v2\/types\/product"}],"wp:featuredmedia":[{"embeddable":true,"href":"https:\/\/www.feidt-paris.com\/en\/wp-json\/wp\/v2\/media\/22444"}],"wp:attachment":[{"href":"https:\/\/www.feidt-paris.com\/en\/wp-json\/wp\/v2\/media?parent=22431"}],"wp:term":[{"taxonomy":"product_brand","embeddable":true,"href":"https:\/\/www.feidt-paris.com\/en\/wp-json\/wp\/v2\/product_brand?post=22431"},{"taxonomy":"product_cat","embeddable":true,"href":"https:\/\/www.feidt-paris.com\/en\/wp-json\/wp\/v2\/product_cat?post=22431"},{"taxonomy":"product_tag","embeddable":true,"href":"https:\/\/www.feidt-paris.com\/en\/wp-json\/wp\/v2\/product_tag?post=22431"}],"curies":[{"name":"wp","href":"https:\/\/api.w.org\/{rel}","templated":true}]}}