{"id":22314,"date":"2020-04-18T20:25:20","date_gmt":"2020-04-18T20:25:20","guid":{"rendered":"https:\/\/feidt-paris.com\/?post_type=product&#038;p=22314"},"modified":"2026-02-02T16:52:58","modified_gmt":"2026-02-02T16:52:58","slug":"chaine-feidt-paris","status":"publish","type":"product","link":"https:\/\/www.feidt-paris.com\/en\/product\/chaine-feidt-paris\/","title":{"rendered":"Cha\u00eene"},"content":{"rendered":"","protected":false},"excerpt":{"rendered":"<p>La chaine \u00e9paisse Feidt Paris est compos\u00e9e d&rsquo;or jaune 9 carats.<\/p>\n<p>Elle se d\u00e9cline en plusieurs tailles :\u00a0 50 cm, 60 cm, 70cm.<\/p>","protected":false},"featured_media":36163,"template":"","meta":[],"product_brand":[],"product_cat":[506],"product_tag":[],"class_list":{"0":"post-22314","1":"product","2":"type-product","3":"status-publish","4":"has-post-thumbnail","6":"product_cat-chaines","7":"pa_taille-de-chaine-42-cm","8":"pa_taille-de-chaine-50-cm","9":"pa_taille-de-chaine-60-cm","10":"pa_taille-de-chaine-70-cm","11":"pa_taille-de-chaine-80-cm","12":"pa_type-de-bijoux-colliers","13":"pa_type-dor-9-carats","15":"first","16":"outofstock","17":"taxable","18":"shipping-taxable","19":"purchasable","20":"product-type-variable"},"yoast_head":"<!-- This site is optimized with the Yoast SEO plugin v27.5 - https:\/\/yoast.com\/product\/yoast-seo-wordpress\/ -->\n<title>Cha\u00eene - Feidt<\/title>\n<meta name=\"robots\" content=\"index, follow, max-snippet:-1, max-image-preview:large, max-video-preview:-1\" \/>\n<link rel=\"canonical\" href=\"https:\/\/www.feidt-paris.com\/en\/product\/chaine-feidt-paris\/\" \/>\n<meta property=\"og:locale\" content=\"en_US\" \/>\n<meta property=\"og:type\" content=\"article\" \/>\n<meta property=\"og:title\" content=\"Cha\u00eene - Feidt\" \/>\n<meta property=\"og:description\" content=\"La chaine \u00e9paisse Feidt Paris est compos\u00e9e d&#039;or jaune 9 carats.  Elle se d\u00e9cline en plusieurs tailles :\u00a0 50 cm, 60 cm, 70cm.\" \/>\n<meta property=\"og:url\" content=\"https:\/\/www.feidt-paris.com\/en\/product\/chaine-feidt-paris\/\" \/>\n<meta property=\"og:site_name\" content=\"Feidt\" \/>\n<meta property=\"article:publisher\" content=\"https:\/\/fr-fr.facebook.com\/pages\/category\/Local-Business\/Feidt-Paris-179956148711302\/\" \/>\n<meta property=\"article:modified_time\" content=\"2026-02-02T16:52:58+00:00\" \/>\n<meta property=\"og:image\" content=\"https:\/\/www.feidt-paris.com\/wp-content\/uploads\/2023\/10\/CHAI302J.jpg\" \/>\n\t<meta property=\"og:image:width\" content=\"2048\" \/>\n\t<meta property=\"og:image:height\" content=\"2048\" \/>\n\t<meta property=\"og:image:type\" content=\"image\/jpeg\" \/>\n<meta name=\"twitter:label1\" content=\"Est. reading time\" \/>\n\t<meta name=\"twitter:data1\" content=\"1 minute\" \/>\n<script type=\"application\/ld+json\" class=\"yoast-schema-graph\">{\"@context\":\"https:\\\/\\\/schema.org\",\"@graph\":[{\"@type\":\"WebPage\",\"@id\":\"https:\\\/\\\/www.feidt-paris.com\\\/produit\\\/chaine-feidt-paris\\\/\",\"url\":\"https:\\\/\\\/www.feidt-paris.com\\\/produit\\\/chaine-feidt-paris\\\/\",\"name\":\"Cha\u00eene - Feidt\",\"isPartOf\":{\"@id\":\"https:\\\/\\\/www.feidt-paris.com\\\/#website\"},\"primaryImageOfPage\":{\"@id\":\"https:\\\/\\\/www.feidt-paris.com\\\/produit\\\/chaine-feidt-paris\\\/#primaryimage\"},\"image\":{\"@id\":\"https:\\\/\\\/www.feidt-paris.com\\\/produit\\\/chaine-feidt-paris\\\/#primaryimage\"},\"thumbnailUrl\":\"https:\\\/\\\/www.feidt-paris.com\\\/wp-content\\\/uploads\\\/2023\\\/10\\\/CHAI302J.jpg\",\"datePublished\":\"2020-04-18T20:25:20+00:00\",\"dateModified\":\"2026-02-02T16:52:58+00:00\",\"breadcrumb\":{\"@id\":\"https:\\\/\\\/www.feidt-paris.com\\\/produit\\\/chaine-feidt-paris\\\/#breadcrumb\"},\"inLanguage\":\"en-US\",\"potentialAction\":[{\"@type\":\"ReadAction\",\"target\":[\"https:\\\/\\\/www.feidt-paris.com\\\/produit\\\/chaine-feidt-paris\\\/\"]}]},{\"@type\":\"ImageObject\",\"inLanguage\":\"en-US\",\"@id\":\"https:\\\/\\\/www.feidt-paris.com\\\/produit\\\/chaine-feidt-paris\\\/#primaryimage\",\"url\":\"https:\\\/\\\/www.feidt-paris.com\\\/wp-content\\\/uploads\\\/2023\\\/10\\\/CHAI302J.jpg\",\"contentUrl\":\"https:\\\/\\\/www.feidt-paris.com\\\/wp-content\\\/uploads\\\/2023\\\/10\\\/CHAI302J.jpg\",\"width\":2048,\"height\":2048},{\"@type\":\"BreadcrumbList\",\"@id\":\"https:\\\/\\\/www.feidt-paris.com\\\/produit\\\/chaine-feidt-paris\\\/#breadcrumb\",\"itemListElement\":[{\"@type\":\"ListItem\",\"position\":1,\"name\":\"Accueil\",\"item\":\"https:\\\/\\\/www.feidt-paris.com\\\/\"},{\"@type\":\"ListItem\",\"position\":2,\"name\":\"Boutique\",\"item\":\"https:\\\/\\\/www.feidt-paris.com\\\/boutique\\\/\"},{\"@type\":\"ListItem\",\"position\":3,\"name\":\"Cha\u00eene\"}]},{\"@type\":\"WebSite\",\"@id\":\"https:\\\/\\\/www.feidt-paris.com\\\/#website\",\"url\":\"https:\\\/\\\/www.feidt-paris.com\\\/\",\"name\":\"Feidt\",\"description\":\"Boutique officielle\",\"potentialAction\":[{\"@type\":\"SearchAction\",\"target\":{\"@type\":\"EntryPoint\",\"urlTemplate\":\"https:\\\/\\\/www.feidt-paris.com\\\/?s={search_term_string}\"},\"query-input\":{\"@type\":\"PropertyValueSpecification\",\"valueRequired\":true,\"valueName\":\"search_term_string\"}}],\"inLanguage\":\"en-US\"}]}<\/script>\n<!-- \/ Yoast SEO plugin. -->","yoast_head_json":{"title":"Cha\u00eene - Feidt","robots":{"index":"index","follow":"follow","max-snippet":"max-snippet:-1","max-image-preview":"max-image-preview:large","max-video-preview":"max-video-preview:-1"},"canonical":"https:\/\/www.feidt-paris.com\/en\/product\/chaine-feidt-paris\/","og_locale":"en_US","og_type":"article","og_title":"Cha\u00eene - Feidt","og_description":"La chaine \u00e9paisse Feidt Paris est compos\u00e9e d'or jaune 9 carats.  Elle se d\u00e9cline en plusieurs tailles :\u00a0 50 cm, 60 cm, 70cm.","og_url":"https:\/\/www.feidt-paris.com\/en\/product\/chaine-feidt-paris\/","og_site_name":"Feidt","article_publisher":"https:\/\/fr-fr.facebook.com\/pages\/category\/Local-Business\/Feidt-Paris-179956148711302\/","article_modified_time":"2026-02-02T16:52:58+00:00","og_image":[{"width":2048,"height":2048,"url":"https:\/\/www.feidt-paris.com\/wp-content\/uploads\/2023\/10\/CHAI302J.jpg","type":"image\/jpeg"}],"twitter_misc":{"Est. reading time":"1 minute"},"schema":{"@context":"https:\/\/schema.org","@graph":[{"@type":"WebPage","@id":"https:\/\/www.feidt-paris.com\/produit\/chaine-feidt-paris\/","url":"https:\/\/www.feidt-paris.com\/produit\/chaine-feidt-paris\/","name":"Cha\u00eene - Feidt","isPartOf":{"@id":"https:\/\/www.feidt-paris.com\/#website"},"primaryImageOfPage":{"@id":"https:\/\/www.feidt-paris.com\/produit\/chaine-feidt-paris\/#primaryimage"},"image":{"@id":"https:\/\/www.feidt-paris.com\/produit\/chaine-feidt-paris\/#primaryimage"},"thumbnailUrl":"https:\/\/www.feidt-paris.com\/wp-content\/uploads\/2023\/10\/CHAI302J.jpg","datePublished":"2020-04-18T20:25:20+00:00","dateModified":"2026-02-02T16:52:58+00:00","breadcrumb":{"@id":"https:\/\/www.feidt-paris.com\/produit\/chaine-feidt-paris\/#breadcrumb"},"inLanguage":"en-US","potentialAction":[{"@type":"ReadAction","target":["https:\/\/www.feidt-paris.com\/produit\/chaine-feidt-paris\/"]}]},{"@type":"ImageObject","inLanguage":"en-US","@id":"https:\/\/www.feidt-paris.com\/produit\/chaine-feidt-paris\/#primaryimage","url":"https:\/\/www.feidt-paris.com\/wp-content\/uploads\/2023\/10\/CHAI302J.jpg","contentUrl":"https:\/\/www.feidt-paris.com\/wp-content\/uploads\/2023\/10\/CHAI302J.jpg","width":2048,"height":2048},{"@type":"BreadcrumbList","@id":"https:\/\/www.feidt-paris.com\/produit\/chaine-feidt-paris\/#breadcrumb","itemListElement":[{"@type":"ListItem","position":1,"name":"Accueil","item":"https:\/\/www.feidt-paris.com\/"},{"@type":"ListItem","position":2,"name":"Boutique","item":"https:\/\/www.feidt-paris.com\/boutique\/"},{"@type":"ListItem","position":3,"name":"Cha\u00eene"}]},{"@type":"WebSite","@id":"https:\/\/www.feidt-paris.com\/#website","url":"https:\/\/www.feidt-paris.com\/","name":"Feidt","description":"Boutique officielle","potentialAction":[{"@type":"SearchAction","target":{"@type":"EntryPoint","urlTemplate":"https:\/\/www.feidt-paris.com\/?s={search_term_string}"},"query-input":{"@type":"PropertyValueSpecification","valueRequired":true,"valueName":"search_term_string"}}],"inLanguage":"en-US"}]}},"_links":{"self":[{"href":"https:\/\/www.feidt-paris.com\/en\/wp-json\/wp\/v2\/product\/22314","targetHints":{"allow":["GET"]}}],"collection":[{"href":"https:\/\/www.feidt-paris.com\/en\/wp-json\/wp\/v2\/product"}],"about":[{"href":"https:\/\/www.feidt-paris.com\/en\/wp-json\/wp\/v2\/types\/product"}],"wp:featuredmedia":[{"embeddable":true,"href":"https:\/\/www.feidt-paris.com\/en\/wp-json\/wp\/v2\/media\/36163"}],"wp:attachment":[{"href":"https:\/\/www.feidt-paris.com\/en\/wp-json\/wp\/v2\/media?parent=22314"}],"wp:term":[{"taxonomy":"product_brand","embeddable":true,"href":"https:\/\/www.feidt-paris.com\/en\/wp-json\/wp\/v2\/product_brand?post=22314"},{"taxonomy":"product_cat","embeddable":true,"href":"https:\/\/www.feidt-paris.com\/en\/wp-json\/wp\/v2\/product_cat?post=22314"},{"taxonomy":"product_tag","embeddable":true,"href":"https:\/\/www.feidt-paris.com\/en\/wp-json\/wp\/v2\/product_tag?post=22314"}],"curies":[{"name":"wp","href":"https:\/\/api.w.org\/{rel}","templated":true}]}}