{"id":22148,"date":"2020-03-30T12:11:04","date_gmt":"2020-03-30T12:11:04","guid":{"rendered":"https:\/\/feidt-paris.com\/?post_type=product&#038;p=22148"},"modified":"2025-10-07T12:27:06","modified_gmt":"2025-10-07T12:27:06","slug":"bague-etoile-constellation-feidt-paris","status":"publish","type":"product","link":"https:\/\/www.feidt-paris.com\/en\/product\/bague-etoile-constellation-feidt-paris\/","title":{"rendered":"Bague etoile"},"content":{"rendered":"","protected":false},"excerpt":{"rendered":"<p>La bague \u00e9toile est compos\u00e9e d\u2019or 9 carats et pav\u00e9 de 16 saphirs blancs.<\/p>\n<p>La largeur de cette bague est de 1,5 cm.<\/p>\n<p><strong><em>Votre taille n\u2019est pas propos\u00e9e ? N\u2019h\u00e9sitez pas \u00e0 contacter notre service clients \u00e0 l\u2019adresse suivante: contact@feidt-paris.com<\/em><\/strong><\/p>","protected":false},"featured_media":37216,"template":"","meta":[],"product_brand":[],"product_cat":[311,450],"product_tag":[],"class_list":{"0":"post-22148","1":"product","2":"type-product","3":"status-publish","4":"has-post-thumbnail","6":"product_cat-bagues","7":"product_cat-bagues-joncs","8":"pa_couleur-dor-jaune","9":"pa_taille-de-bague-256","10":"pa_taille-de-bague-264","11":"pa_taille-de-bague-265","12":"pa_taille-de-bague-266","13":"pa_type-de-bijoux-bagues","14":"pa_type-de-pierres-saphirs-blancs","15":"pa_type-dor-9-carats","17":"first","18":"instock","19":"taxable","20":"shipping-taxable","21":"purchasable","22":"product-type-variable"},"yoast_head":"<!-- This site is optimized with the Yoast SEO plugin v27.4 - https:\/\/yoast.com\/product\/yoast-seo-wordpress\/ -->\n<title>Bague etoile - Feidt<\/title>\n<meta name=\"robots\" content=\"index, follow, max-snippet:-1, max-image-preview:large, max-video-preview:-1\" \/>\n<link rel=\"canonical\" href=\"https:\/\/www.feidt-paris.com\/en\/product\/bague-etoile-constellation-feidt-paris\/\" \/>\n<meta property=\"og:locale\" content=\"en_US\" \/>\n<meta property=\"og:type\" content=\"article\" \/>\n<meta property=\"og:title\" content=\"Bague etoile - Feidt\" \/>\n<meta property=\"og:description\" content=\"La bague \u00e9toile est compos\u00e9e d\u2019or 9 carats et pav\u00e9 de 16 saphirs blancs.  La largeur de cette bague est de 1,5 cm.  Votre taille n\u2019est pas propos\u00e9e ? N\u2019h\u00e9sitez pas \u00e0 contacter notre service clients \u00e0 l\u2019adresse suivante: contact@feidt-paris.com\" \/>\n<meta property=\"og:url\" content=\"https:\/\/www.feidt-paris.com\/en\/product\/bague-etoile-constellation-feidt-paris\/\" \/>\n<meta property=\"og:site_name\" content=\"Feidt\" \/>\n<meta property=\"article:publisher\" content=\"https:\/\/fr-fr.facebook.com\/pages\/category\/Local-Business\/Feidt-Paris-179956148711302\/\" \/>\n<meta property=\"article:modified_time\" content=\"2025-10-07T12:27:06+00:00\" \/>\n<meta property=\"og:image\" content=\"https:\/\/www.feidt-paris.com\/wp-content\/uploads\/2020\/03\/Bague-etoile-CONS401-lisse-2.jpg\" \/>\n\t<meta property=\"og:image:width\" content=\"2048\" \/>\n\t<meta property=\"og:image:height\" content=\"2048\" \/>\n\t<meta property=\"og:image:type\" content=\"image\/jpeg\" \/>\n<meta name=\"twitter:label1\" content=\"Est. reading time\" \/>\n\t<meta name=\"twitter:data1\" content=\"1 minute\" \/>\n<script type=\"application\/ld+json\" class=\"yoast-schema-graph\">{\"@context\":\"https:\\\/\\\/schema.org\",\"@graph\":[{\"@type\":\"WebPage\",\"@id\":\"https:\\\/\\\/www.feidt-paris.com\\\/produit\\\/bague-etoile-constellation-feidt-paris\\\/\",\"url\":\"https:\\\/\\\/www.feidt-paris.com\\\/produit\\\/bague-etoile-constellation-feidt-paris\\\/\",\"name\":\"Bague etoile - Feidt\",\"isPartOf\":{\"@id\":\"https:\\\/\\\/www.feidt-paris.com\\\/#website\"},\"primaryImageOfPage\":{\"@id\":\"https:\\\/\\\/www.feidt-paris.com\\\/produit\\\/bague-etoile-constellation-feidt-paris\\\/#primaryimage\"},\"image\":{\"@id\":\"https:\\\/\\\/www.feidt-paris.com\\\/produit\\\/bague-etoile-constellation-feidt-paris\\\/#primaryimage\"},\"thumbnailUrl\":\"https:\\\/\\\/www.feidt-paris.com\\\/wp-content\\\/uploads\\\/2020\\\/03\\\/Bague-etoile-CONS401-lisse-2.jpg\",\"datePublished\":\"2020-03-30T12:11:04+00:00\",\"dateModified\":\"2025-10-07T12:27:06+00:00\",\"breadcrumb\":{\"@id\":\"https:\\\/\\\/www.feidt-paris.com\\\/produit\\\/bague-etoile-constellation-feidt-paris\\\/#breadcrumb\"},\"inLanguage\":\"en-US\",\"potentialAction\":[{\"@type\":\"ReadAction\",\"target\":[\"https:\\\/\\\/www.feidt-paris.com\\\/produit\\\/bague-etoile-constellation-feidt-paris\\\/\"]}]},{\"@type\":\"ImageObject\",\"inLanguage\":\"en-US\",\"@id\":\"https:\\\/\\\/www.feidt-paris.com\\\/produit\\\/bague-etoile-constellation-feidt-paris\\\/#primaryimage\",\"url\":\"https:\\\/\\\/www.feidt-paris.com\\\/wp-content\\\/uploads\\\/2020\\\/03\\\/Bague-etoile-CONS401-lisse-2.jpg\",\"contentUrl\":\"https:\\\/\\\/www.feidt-paris.com\\\/wp-content\\\/uploads\\\/2020\\\/03\\\/Bague-etoile-CONS401-lisse-2.jpg\",\"width\":2048,\"height\":2048},{\"@type\":\"BreadcrumbList\",\"@id\":\"https:\\\/\\\/www.feidt-paris.com\\\/produit\\\/bague-etoile-constellation-feidt-paris\\\/#breadcrumb\",\"itemListElement\":[{\"@type\":\"ListItem\",\"position\":1,\"name\":\"Accueil\",\"item\":\"https:\\\/\\\/www.feidt-paris.com\\\/\"},{\"@type\":\"ListItem\",\"position\":2,\"name\":\"Boutique\",\"item\":\"https:\\\/\\\/www.feidt-paris.com\\\/boutique\\\/\"},{\"@type\":\"ListItem\",\"position\":3,\"name\":\"Bague etoile\"}]},{\"@type\":\"WebSite\",\"@id\":\"https:\\\/\\\/www.feidt-paris.com\\\/#website\",\"url\":\"https:\\\/\\\/www.feidt-paris.com\\\/\",\"name\":\"Feidt\",\"description\":\"Boutique officielle\",\"potentialAction\":[{\"@type\":\"SearchAction\",\"target\":{\"@type\":\"EntryPoint\",\"urlTemplate\":\"https:\\\/\\\/www.feidt-paris.com\\\/?s={search_term_string}\"},\"query-input\":{\"@type\":\"PropertyValueSpecification\",\"valueRequired\":true,\"valueName\":\"search_term_string\"}}],\"inLanguage\":\"en-US\"}]}<\/script>\n<!-- \/ Yoast SEO plugin. -->","yoast_head_json":{"title":"Bague etoile - Feidt","robots":{"index":"index","follow":"follow","max-snippet":"max-snippet:-1","max-image-preview":"max-image-preview:large","max-video-preview":"max-video-preview:-1"},"canonical":"https:\/\/www.feidt-paris.com\/en\/product\/bague-etoile-constellation-feidt-paris\/","og_locale":"en_US","og_type":"article","og_title":"Bague etoile - Feidt","og_description":"La bague \u00e9toile est compos\u00e9e d\u2019or 9 carats et pav\u00e9 de 16 saphirs blancs.  La largeur de cette bague est de 1,5 cm.  Votre taille n\u2019est pas propos\u00e9e ? N\u2019h\u00e9sitez pas \u00e0 contacter notre service clients \u00e0 l\u2019adresse suivante: contact@feidt-paris.com","og_url":"https:\/\/www.feidt-paris.com\/en\/product\/bague-etoile-constellation-feidt-paris\/","og_site_name":"Feidt","article_publisher":"https:\/\/fr-fr.facebook.com\/pages\/category\/Local-Business\/Feidt-Paris-179956148711302\/","article_modified_time":"2025-10-07T12:27:06+00:00","og_image":[{"width":2048,"height":2048,"url":"https:\/\/www.feidt-paris.com\/wp-content\/uploads\/2020\/03\/Bague-etoile-CONS401-lisse-2.jpg","type":"image\/jpeg"}],"twitter_misc":{"Est. reading time":"1 minute"},"schema":{"@context":"https:\/\/schema.org","@graph":[{"@type":"WebPage","@id":"https:\/\/www.feidt-paris.com\/produit\/bague-etoile-constellation-feidt-paris\/","url":"https:\/\/www.feidt-paris.com\/produit\/bague-etoile-constellation-feidt-paris\/","name":"Bague etoile - Feidt","isPartOf":{"@id":"https:\/\/www.feidt-paris.com\/#website"},"primaryImageOfPage":{"@id":"https:\/\/www.feidt-paris.com\/produit\/bague-etoile-constellation-feidt-paris\/#primaryimage"},"image":{"@id":"https:\/\/www.feidt-paris.com\/produit\/bague-etoile-constellation-feidt-paris\/#primaryimage"},"thumbnailUrl":"https:\/\/www.feidt-paris.com\/wp-content\/uploads\/2020\/03\/Bague-etoile-CONS401-lisse-2.jpg","datePublished":"2020-03-30T12:11:04+00:00","dateModified":"2025-10-07T12:27:06+00:00","breadcrumb":{"@id":"https:\/\/www.feidt-paris.com\/produit\/bague-etoile-constellation-feidt-paris\/#breadcrumb"},"inLanguage":"en-US","potentialAction":[{"@type":"ReadAction","target":["https:\/\/www.feidt-paris.com\/produit\/bague-etoile-constellation-feidt-paris\/"]}]},{"@type":"ImageObject","inLanguage":"en-US","@id":"https:\/\/www.feidt-paris.com\/produit\/bague-etoile-constellation-feidt-paris\/#primaryimage","url":"https:\/\/www.feidt-paris.com\/wp-content\/uploads\/2020\/03\/Bague-etoile-CONS401-lisse-2.jpg","contentUrl":"https:\/\/www.feidt-paris.com\/wp-content\/uploads\/2020\/03\/Bague-etoile-CONS401-lisse-2.jpg","width":2048,"height":2048},{"@type":"BreadcrumbList","@id":"https:\/\/www.feidt-paris.com\/produit\/bague-etoile-constellation-feidt-paris\/#breadcrumb","itemListElement":[{"@type":"ListItem","position":1,"name":"Accueil","item":"https:\/\/www.feidt-paris.com\/"},{"@type":"ListItem","position":2,"name":"Boutique","item":"https:\/\/www.feidt-paris.com\/boutique\/"},{"@type":"ListItem","position":3,"name":"Bague etoile"}]},{"@type":"WebSite","@id":"https:\/\/www.feidt-paris.com\/#website","url":"https:\/\/www.feidt-paris.com\/","name":"Feidt","description":"Boutique officielle","potentialAction":[{"@type":"SearchAction","target":{"@type":"EntryPoint","urlTemplate":"https:\/\/www.feidt-paris.com\/?s={search_term_string}"},"query-input":{"@type":"PropertyValueSpecification","valueRequired":true,"valueName":"search_term_string"}}],"inLanguage":"en-US"}]}},"_links":{"self":[{"href":"https:\/\/www.feidt-paris.com\/en\/wp-json\/wp\/v2\/product\/22148","targetHints":{"allow":["GET"]}}],"collection":[{"href":"https:\/\/www.feidt-paris.com\/en\/wp-json\/wp\/v2\/product"}],"about":[{"href":"https:\/\/www.feidt-paris.com\/en\/wp-json\/wp\/v2\/types\/product"}],"wp:featuredmedia":[{"embeddable":true,"href":"https:\/\/www.feidt-paris.com\/en\/wp-json\/wp\/v2\/media\/37216"}],"wp:attachment":[{"href":"https:\/\/www.feidt-paris.com\/en\/wp-json\/wp\/v2\/media?parent=22148"}],"wp:term":[{"taxonomy":"product_brand","embeddable":true,"href":"https:\/\/www.feidt-paris.com\/en\/wp-json\/wp\/v2\/product_brand?post=22148"},{"taxonomy":"product_cat","embeddable":true,"href":"https:\/\/www.feidt-paris.com\/en\/wp-json\/wp\/v2\/product_cat?post=22148"},{"taxonomy":"product_tag","embeddable":true,"href":"https:\/\/www.feidt-paris.com\/en\/wp-json\/wp\/v2\/product_tag?post=22148"}],"curies":[{"name":"wp","href":"https:\/\/api.w.org\/{rel}","templated":true}]}}