{"id":19967,"date":"2019-09-25T10:13:26","date_gmt":"2019-09-25T10:13:26","guid":{"rendered":"https:\/\/feidt-paris.com\/?post_type=product&#038;p=19967"},"modified":"2025-03-27T10:36:35","modified_gmt":"2025-03-27T10:36:35","slug":"collier-mini-madone-feidt","status":"publish","type":"product","link":"https:\/\/www.feidt-paris.com\/en\/product\/collier-mini-madone-feidt\/","title":{"rendered":"Collier mini madone"},"content":{"rendered":"","protected":false},"excerpt":{"rendered":"<p>Le collier mini madone est compos\u00e9 d&rsquo;or 14 carats et serti de 19 saphirs gris, la m\u00e9daille est recouverte d&rsquo;\u00e9mail.<\/p>\n<p>La m\u00e9daille mini madone mesure 1 cm de diam\u00e8tre, elle est mont\u00e9e sur une cha\u00eene de 45 cm.<\/p>\n<p>&nbsp;<\/p>","protected":false},"featured_media":34029,"template":"","meta":[],"product_brand":[],"product_cat":[490,448],"product_tag":[],"class_list":{"0":"post-19967","1":"product","2":"type-product","3":"status-publish","4":"has-post-thumbnail","6":"product_cat-colliers","7":"product_cat-colliers-medailles","8":"pa_collection-medailles","9":"pa_couleur-dor-blanc","10":"pa_couleur-dor-jaune","11":"pa_type-de-bijoux-colliers","12":"pa_type-de-pierres-saphir-gris","13":"pa_type-dor-14-carats","15":"first","16":"instock","17":"taxable","18":"shipping-taxable","19":"purchasable","20":"product-type-variable"},"yoast_head":"<!-- This site is optimized with the Yoast SEO plugin v27.3 - https:\/\/yoast.com\/product\/yoast-seo-wordpress\/ -->\n<title>collier-madone-medaille-ronde-feidt-paris-petit modele<\/title>\n<meta name=\"description\" content=\"Le collier Madone fait parti de la collection m\u00e9daille de chez Feidt Paris. Il est compos\u00e9 d&#039;or 9 carats et de saphirs gris.\" \/>\n<meta name=\"robots\" content=\"index, follow, max-snippet:-1, max-image-preview:large, max-video-preview:-1\" \/>\n<link rel=\"canonical\" href=\"https:\/\/www.feidt-paris.com\/en\/product\/collier-mini-madone-feidt\/\" \/>\n<meta property=\"og:locale\" content=\"en_US\" \/>\n<meta property=\"og:type\" content=\"article\" \/>\n<meta property=\"og:title\" content=\"collier-madone-medaille-ronde-feidt-paris-petit modele\" \/>\n<meta property=\"og:description\" content=\"Le collier Madone fait parti de la collection m\u00e9daille de chez Feidt Paris. Il est compos\u00e9 d&#039;or 9 carats et de saphirs gris.\" \/>\n<meta property=\"og:url\" content=\"https:\/\/www.feidt-paris.com\/en\/product\/collier-mini-madone-feidt\/\" \/>\n<meta property=\"og:site_name\" content=\"Feidt\" \/>\n<meta property=\"article:publisher\" content=\"https:\/\/fr-fr.facebook.com\/pages\/category\/Local-Business\/Feidt-Paris-179956148711302\/\" \/>\n<meta property=\"article:modified_time\" content=\"2025-03-27T10:36:35+00:00\" \/>\n<meta property=\"og:image\" content=\"https:\/\/www.feidt-paris.com\/wp-content\/uploads\/2019\/09\/collier-baby-madone-print-1-scaled.jpg\" \/>\n\t<meta property=\"og:image:width\" content=\"2560\" \/>\n\t<meta property=\"og:image:height\" content=\"2560\" \/>\n\t<meta property=\"og:image:type\" content=\"image\/jpeg\" \/>\n<meta name=\"twitter:label1\" content=\"Est. reading time\" \/>\n\t<meta name=\"twitter:data1\" content=\"1 minute\" \/>\n<script type=\"application\/ld+json\" class=\"yoast-schema-graph\">{\"@context\":\"https:\\\/\\\/schema.org\",\"@graph\":[{\"@type\":\"WebPage\",\"@id\":\"https:\\\/\\\/www.feidt-paris.com\\\/produit\\\/collier-mini-madone-feidt\\\/\",\"url\":\"https:\\\/\\\/www.feidt-paris.com\\\/produit\\\/collier-mini-madone-feidt\\\/\",\"name\":\"collier-madone-medaille-ronde-feidt-paris-petit modele\",\"isPartOf\":{\"@id\":\"https:\\\/\\\/www.feidt-paris.com\\\/#website\"},\"primaryImageOfPage\":{\"@id\":\"https:\\\/\\\/www.feidt-paris.com\\\/produit\\\/collier-mini-madone-feidt\\\/#primaryimage\"},\"image\":{\"@id\":\"https:\\\/\\\/www.feidt-paris.com\\\/produit\\\/collier-mini-madone-feidt\\\/#primaryimage\"},\"thumbnailUrl\":\"https:\\\/\\\/www.feidt-paris.com\\\/wp-content\\\/uploads\\\/2019\\\/09\\\/collier-baby-madone-print-1-scaled.jpg\",\"datePublished\":\"2019-09-25T10:13:26+00:00\",\"dateModified\":\"2025-03-27T10:36:35+00:00\",\"description\":\"Le collier Madone fait parti de la collection m\u00e9daille de chez Feidt Paris. Il est compos\u00e9 d'or 9 carats et de saphirs gris.\",\"breadcrumb\":{\"@id\":\"https:\\\/\\\/www.feidt-paris.com\\\/produit\\\/collier-mini-madone-feidt\\\/#breadcrumb\"},\"inLanguage\":\"en-US\",\"potentialAction\":[{\"@type\":\"ReadAction\",\"target\":[\"https:\\\/\\\/www.feidt-paris.com\\\/produit\\\/collier-mini-madone-feidt\\\/\"]}]},{\"@type\":\"ImageObject\",\"inLanguage\":\"en-US\",\"@id\":\"https:\\\/\\\/www.feidt-paris.com\\\/produit\\\/collier-mini-madone-feidt\\\/#primaryimage\",\"url\":\"https:\\\/\\\/www.feidt-paris.com\\\/wp-content\\\/uploads\\\/2019\\\/09\\\/collier-baby-madone-print-1-scaled.jpg\",\"contentUrl\":\"https:\\\/\\\/www.feidt-paris.com\\\/wp-content\\\/uploads\\\/2019\\\/09\\\/collier-baby-madone-print-1-scaled.jpg\",\"width\":2560,\"height\":2560},{\"@type\":\"BreadcrumbList\",\"@id\":\"https:\\\/\\\/www.feidt-paris.com\\\/produit\\\/collier-mini-madone-feidt\\\/#breadcrumb\",\"itemListElement\":[{\"@type\":\"ListItem\",\"position\":1,\"name\":\"Accueil\",\"item\":\"https:\\\/\\\/www.feidt-paris.com\\\/\"},{\"@type\":\"ListItem\",\"position\":2,\"name\":\"Boutique\",\"item\":\"https:\\\/\\\/www.feidt-paris.com\\\/boutique\\\/\"},{\"@type\":\"ListItem\",\"position\":3,\"name\":\"Collier mini madone\"}]},{\"@type\":\"WebSite\",\"@id\":\"https:\\\/\\\/www.feidt-paris.com\\\/#website\",\"url\":\"https:\\\/\\\/www.feidt-paris.com\\\/\",\"name\":\"Feidt\",\"description\":\"Boutique officielle\",\"potentialAction\":[{\"@type\":\"SearchAction\",\"target\":{\"@type\":\"EntryPoint\",\"urlTemplate\":\"https:\\\/\\\/www.feidt-paris.com\\\/?s={search_term_string}\"},\"query-input\":{\"@type\":\"PropertyValueSpecification\",\"valueRequired\":true,\"valueName\":\"search_term_string\"}}],\"inLanguage\":\"en-US\"}]}<\/script>\n<!-- \/ Yoast SEO plugin. -->","yoast_head_json":{"title":"collier-madone-medaille-ronde-feidt-paris-petit modele","description":"Le collier Madone fait parti de la collection m\u00e9daille de chez Feidt Paris. Il est compos\u00e9 d'or 9 carats et de saphirs gris.","robots":{"index":"index","follow":"follow","max-snippet":"max-snippet:-1","max-image-preview":"max-image-preview:large","max-video-preview":"max-video-preview:-1"},"canonical":"https:\/\/www.feidt-paris.com\/en\/product\/collier-mini-madone-feidt\/","og_locale":"en_US","og_type":"article","og_title":"collier-madone-medaille-ronde-feidt-paris-petit modele","og_description":"Le collier Madone fait parti de la collection m\u00e9daille de chez Feidt Paris. Il est compos\u00e9 d'or 9 carats et de saphirs gris.","og_url":"https:\/\/www.feidt-paris.com\/en\/product\/collier-mini-madone-feidt\/","og_site_name":"Feidt","article_publisher":"https:\/\/fr-fr.facebook.com\/pages\/category\/Local-Business\/Feidt-Paris-179956148711302\/","article_modified_time":"2025-03-27T10:36:35+00:00","og_image":[{"width":2560,"height":2560,"url":"https:\/\/www.feidt-paris.com\/wp-content\/uploads\/2019\/09\/collier-baby-madone-print-1-scaled.jpg","type":"image\/jpeg"}],"twitter_misc":{"Est. reading time":"1 minute"},"schema":{"@context":"https:\/\/schema.org","@graph":[{"@type":"WebPage","@id":"https:\/\/www.feidt-paris.com\/produit\/collier-mini-madone-feidt\/","url":"https:\/\/www.feidt-paris.com\/produit\/collier-mini-madone-feidt\/","name":"collier-madone-medaille-ronde-feidt-paris-petit modele","isPartOf":{"@id":"https:\/\/www.feidt-paris.com\/#website"},"primaryImageOfPage":{"@id":"https:\/\/www.feidt-paris.com\/produit\/collier-mini-madone-feidt\/#primaryimage"},"image":{"@id":"https:\/\/www.feidt-paris.com\/produit\/collier-mini-madone-feidt\/#primaryimage"},"thumbnailUrl":"https:\/\/www.feidt-paris.com\/wp-content\/uploads\/2019\/09\/collier-baby-madone-print-1-scaled.jpg","datePublished":"2019-09-25T10:13:26+00:00","dateModified":"2025-03-27T10:36:35+00:00","description":"Le collier Madone fait parti de la collection m\u00e9daille de chez Feidt Paris. Il est compos\u00e9 d'or 9 carats et de saphirs gris.","breadcrumb":{"@id":"https:\/\/www.feidt-paris.com\/produit\/collier-mini-madone-feidt\/#breadcrumb"},"inLanguage":"en-US","potentialAction":[{"@type":"ReadAction","target":["https:\/\/www.feidt-paris.com\/produit\/collier-mini-madone-feidt\/"]}]},{"@type":"ImageObject","inLanguage":"en-US","@id":"https:\/\/www.feidt-paris.com\/produit\/collier-mini-madone-feidt\/#primaryimage","url":"https:\/\/www.feidt-paris.com\/wp-content\/uploads\/2019\/09\/collier-baby-madone-print-1-scaled.jpg","contentUrl":"https:\/\/www.feidt-paris.com\/wp-content\/uploads\/2019\/09\/collier-baby-madone-print-1-scaled.jpg","width":2560,"height":2560},{"@type":"BreadcrumbList","@id":"https:\/\/www.feidt-paris.com\/produit\/collier-mini-madone-feidt\/#breadcrumb","itemListElement":[{"@type":"ListItem","position":1,"name":"Accueil","item":"https:\/\/www.feidt-paris.com\/"},{"@type":"ListItem","position":2,"name":"Boutique","item":"https:\/\/www.feidt-paris.com\/boutique\/"},{"@type":"ListItem","position":3,"name":"Collier mini madone"}]},{"@type":"WebSite","@id":"https:\/\/www.feidt-paris.com\/#website","url":"https:\/\/www.feidt-paris.com\/","name":"Feidt","description":"Boutique officielle","potentialAction":[{"@type":"SearchAction","target":{"@type":"EntryPoint","urlTemplate":"https:\/\/www.feidt-paris.com\/?s={search_term_string}"},"query-input":{"@type":"PropertyValueSpecification","valueRequired":true,"valueName":"search_term_string"}}],"inLanguage":"en-US"}]}},"_links":{"self":[{"href":"https:\/\/www.feidt-paris.com\/en\/wp-json\/wp\/v2\/product\/19967","targetHints":{"allow":["GET"]}}],"collection":[{"href":"https:\/\/www.feidt-paris.com\/en\/wp-json\/wp\/v2\/product"}],"about":[{"href":"https:\/\/www.feidt-paris.com\/en\/wp-json\/wp\/v2\/types\/product"}],"wp:featuredmedia":[{"embeddable":true,"href":"https:\/\/www.feidt-paris.com\/en\/wp-json\/wp\/v2\/media\/34029"}],"wp:attachment":[{"href":"https:\/\/www.feidt-paris.com\/en\/wp-json\/wp\/v2\/media?parent=19967"}],"wp:term":[{"taxonomy":"product_brand","embeddable":true,"href":"https:\/\/www.feidt-paris.com\/en\/wp-json\/wp\/v2\/product_brand?post=19967"},{"taxonomy":"product_cat","embeddable":true,"href":"https:\/\/www.feidt-paris.com\/en\/wp-json\/wp\/v2\/product_cat?post=19967"},{"taxonomy":"product_tag","embeddable":true,"href":"https:\/\/www.feidt-paris.com\/en\/wp-json\/wp\/v2\/product_tag?post=19967"}],"curies":[{"name":"wp","href":"https:\/\/api.w.org\/{rel}","templated":true}]}}