{"id":19874,"date":"2019-09-24T12:26:45","date_gmt":"2019-09-24T12:26:45","guid":{"rendered":"https:\/\/feidt-paris.com\/?post_type=product&#038;p=19874"},"modified":"2025-01-27T14:19:53","modified_gmt":"2025-01-27T14:19:53","slug":"bague-mini-madone-feidt-paris","status":"publish","type":"product","link":"https:\/\/www.feidt-paris.com\/en\/product\/bague-mini-madone-feidt-paris\/","title":{"rendered":"Bague mini madone"},"content":{"rendered":"","protected":false},"excerpt":{"rendered":"<p>La bague mini madone est compos\u00e9e d&rsquo;or 14 carats et de 18 saphirs gris<\/p>\n<p>Elle mesure 1 cm de diam\u00e8tre, mont\u00e9e sur un jonc en or.<\/p>\n<p><strong><em>Votre taille n\u2019est pas propos\u00e9e ? N\u2019h\u00e9sitez pas \u00e0 contacter notre service clients \u00e0 l\u2019adresse suivante: contact@feidt-paris.com<\/em><\/strong><\/p>","protected":false},"featured_media":34351,"template":"","meta":[],"product_brand":[],"product_cat":[311,449],"product_tag":[],"class_list":{"0":"post-19874","1":"product","2":"type-product","3":"status-publish","4":"has-post-thumbnail","6":"product_cat-bagues","7":"product_cat-bague-medaille","8":"pa_collection-medailles","9":"pa_couleur-dor-blanc","10":"pa_couleur-dor-jaune","11":"pa_taille-de-bague-271","12":"pa_taille-de-bague-256","13":"pa_taille-de-bague-264","14":"pa_taille-de-bague-265","15":"pa_taille-de-bague-266","16":"pa_type-de-bijoux-bagues","17":"pa_type-de-pierres-saphir-gris","18":"pa_type-dor-14-carats","20":"first","21":"onbackorder","22":"taxable","23":"shipping-taxable","24":"purchasable","25":"product-type-variable"},"yoast_head":"<!-- This site is optimized with the Yoast SEO plugin v27.4 - https:\/\/yoast.com\/product\/yoast-seo-wordpress\/ -->\n<title>Bague mini madone - Feidt<\/title>\n<meta name=\"description\" content=\"La bague madone petit mod\u00e8le fait parti de la collection m\u00e9daille de chez Feidt Paris, elle est compos\u00e9e d&#039;or 9 carats et de saphirs gris.\" \/>\n<meta name=\"robots\" content=\"index, follow, max-snippet:-1, max-image-preview:large, max-video-preview:-1\" \/>\n<link rel=\"canonical\" href=\"https:\/\/www.feidt-paris.com\/en\/product\/bague-mini-madone-feidt-paris\/\" \/>\n<meta property=\"og:locale\" content=\"en_US\" \/>\n<meta property=\"og:type\" content=\"article\" \/>\n<meta property=\"og:title\" content=\"Bague mini madone - Feidt\" \/>\n<meta property=\"og:description\" content=\"La bague madone petit mod\u00e8le fait parti de la collection m\u00e9daille de chez Feidt Paris, elle est compos\u00e9e d&#039;or 9 carats et de saphirs gris.\" \/>\n<meta property=\"og:url\" content=\"https:\/\/www.feidt-paris.com\/en\/product\/bague-mini-madone-feidt-paris\/\" \/>\n<meta property=\"og:site_name\" content=\"Feidt\" \/>\n<meta property=\"article:publisher\" content=\"https:\/\/fr-fr.facebook.com\/pages\/category\/Local-Business\/Feidt-Paris-179956148711302\/\" \/>\n<meta property=\"article:modified_time\" content=\"2025-01-27T14:19:53+00:00\" \/>\n<meta property=\"og:image\" content=\"https:\/\/www.feidt-paris.com\/wp-content\/uploads\/2019\/09\/Bague-mini-madone.jpg\" \/>\n\t<meta property=\"og:image:width\" content=\"2048\" \/>\n\t<meta property=\"og:image:height\" content=\"2048\" \/>\n\t<meta property=\"og:image:type\" content=\"image\/jpeg\" \/>\n<meta name=\"twitter:label1\" content=\"Est. reading time\" \/>\n\t<meta name=\"twitter:data1\" content=\"1 minute\" \/>\n<script type=\"application\/ld+json\" class=\"yoast-schema-graph\">{\"@context\":\"https:\\\/\\\/schema.org\",\"@graph\":[{\"@type\":\"WebPage\",\"@id\":\"https:\\\/\\\/www.feidt-paris.com\\\/produit\\\/bague-mini-madone-feidt-paris\\\/\",\"url\":\"https:\\\/\\\/www.feidt-paris.com\\\/produit\\\/bague-mini-madone-feidt-paris\\\/\",\"name\":\"Bague mini madone - Feidt\",\"isPartOf\":{\"@id\":\"https:\\\/\\\/www.feidt-paris.com\\\/#website\"},\"primaryImageOfPage\":{\"@id\":\"https:\\\/\\\/www.feidt-paris.com\\\/produit\\\/bague-mini-madone-feidt-paris\\\/#primaryimage\"},\"image\":{\"@id\":\"https:\\\/\\\/www.feidt-paris.com\\\/produit\\\/bague-mini-madone-feidt-paris\\\/#primaryimage\"},\"thumbnailUrl\":\"https:\\\/\\\/www.feidt-paris.com\\\/wp-content\\\/uploads\\\/2019\\\/09\\\/Bague-mini-madone.jpg\",\"datePublished\":\"2019-09-24T12:26:45+00:00\",\"dateModified\":\"2025-01-27T14:19:53+00:00\",\"description\":\"La bague madone petit mod\u00e8le fait parti de la collection m\u00e9daille de chez Feidt Paris, elle est compos\u00e9e d'or 9 carats et de saphirs gris.\",\"breadcrumb\":{\"@id\":\"https:\\\/\\\/www.feidt-paris.com\\\/produit\\\/bague-mini-madone-feidt-paris\\\/#breadcrumb\"},\"inLanguage\":\"en-US\",\"potentialAction\":[{\"@type\":\"ReadAction\",\"target\":[\"https:\\\/\\\/www.feidt-paris.com\\\/produit\\\/bague-mini-madone-feidt-paris\\\/\"]}]},{\"@type\":\"ImageObject\",\"inLanguage\":\"en-US\",\"@id\":\"https:\\\/\\\/www.feidt-paris.com\\\/produit\\\/bague-mini-madone-feidt-paris\\\/#primaryimage\",\"url\":\"https:\\\/\\\/www.feidt-paris.com\\\/wp-content\\\/uploads\\\/2019\\\/09\\\/Bague-mini-madone.jpg\",\"contentUrl\":\"https:\\\/\\\/www.feidt-paris.com\\\/wp-content\\\/uploads\\\/2019\\\/09\\\/Bague-mini-madone.jpg\",\"width\":2048,\"height\":2048},{\"@type\":\"BreadcrumbList\",\"@id\":\"https:\\\/\\\/www.feidt-paris.com\\\/produit\\\/bague-mini-madone-feidt-paris\\\/#breadcrumb\",\"itemListElement\":[{\"@type\":\"ListItem\",\"position\":1,\"name\":\"Accueil\",\"item\":\"https:\\\/\\\/www.feidt-paris.com\\\/\"},{\"@type\":\"ListItem\",\"position\":2,\"name\":\"Boutique\",\"item\":\"https:\\\/\\\/www.feidt-paris.com\\\/boutique\\\/\"},{\"@type\":\"ListItem\",\"position\":3,\"name\":\"Bague mini madone\"}]},{\"@type\":\"WebSite\",\"@id\":\"https:\\\/\\\/www.feidt-paris.com\\\/#website\",\"url\":\"https:\\\/\\\/www.feidt-paris.com\\\/\",\"name\":\"Feidt\",\"description\":\"Boutique officielle\",\"potentialAction\":[{\"@type\":\"SearchAction\",\"target\":{\"@type\":\"EntryPoint\",\"urlTemplate\":\"https:\\\/\\\/www.feidt-paris.com\\\/?s={search_term_string}\"},\"query-input\":{\"@type\":\"PropertyValueSpecification\",\"valueRequired\":true,\"valueName\":\"search_term_string\"}}],\"inLanguage\":\"en-US\"}]}<\/script>\n<!-- \/ Yoast SEO plugin. -->","yoast_head_json":{"title":"Bague mini madone - Feidt","description":"La bague madone petit mod\u00e8le fait parti de la collection m\u00e9daille de chez Feidt Paris, elle est compos\u00e9e d'or 9 carats et de saphirs gris.","robots":{"index":"index","follow":"follow","max-snippet":"max-snippet:-1","max-image-preview":"max-image-preview:large","max-video-preview":"max-video-preview:-1"},"canonical":"https:\/\/www.feidt-paris.com\/en\/product\/bague-mini-madone-feidt-paris\/","og_locale":"en_US","og_type":"article","og_title":"Bague mini madone - Feidt","og_description":"La bague madone petit mod\u00e8le fait parti de la collection m\u00e9daille de chez Feidt Paris, elle est compos\u00e9e d'or 9 carats et de saphirs gris.","og_url":"https:\/\/www.feidt-paris.com\/en\/product\/bague-mini-madone-feidt-paris\/","og_site_name":"Feidt","article_publisher":"https:\/\/fr-fr.facebook.com\/pages\/category\/Local-Business\/Feidt-Paris-179956148711302\/","article_modified_time":"2025-01-27T14:19:53+00:00","og_image":[{"width":2048,"height":2048,"url":"https:\/\/www.feidt-paris.com\/wp-content\/uploads\/2019\/09\/Bague-mini-madone.jpg","type":"image\/jpeg"}],"twitter_misc":{"Est. reading time":"1 minute"},"schema":{"@context":"https:\/\/schema.org","@graph":[{"@type":"WebPage","@id":"https:\/\/www.feidt-paris.com\/produit\/bague-mini-madone-feidt-paris\/","url":"https:\/\/www.feidt-paris.com\/produit\/bague-mini-madone-feidt-paris\/","name":"Bague mini madone - Feidt","isPartOf":{"@id":"https:\/\/www.feidt-paris.com\/#website"},"primaryImageOfPage":{"@id":"https:\/\/www.feidt-paris.com\/produit\/bague-mini-madone-feidt-paris\/#primaryimage"},"image":{"@id":"https:\/\/www.feidt-paris.com\/produit\/bague-mini-madone-feidt-paris\/#primaryimage"},"thumbnailUrl":"https:\/\/www.feidt-paris.com\/wp-content\/uploads\/2019\/09\/Bague-mini-madone.jpg","datePublished":"2019-09-24T12:26:45+00:00","dateModified":"2025-01-27T14:19:53+00:00","description":"La bague madone petit mod\u00e8le fait parti de la collection m\u00e9daille de chez Feidt Paris, elle est compos\u00e9e d'or 9 carats et de saphirs gris.","breadcrumb":{"@id":"https:\/\/www.feidt-paris.com\/produit\/bague-mini-madone-feidt-paris\/#breadcrumb"},"inLanguage":"en-US","potentialAction":[{"@type":"ReadAction","target":["https:\/\/www.feidt-paris.com\/produit\/bague-mini-madone-feidt-paris\/"]}]},{"@type":"ImageObject","inLanguage":"en-US","@id":"https:\/\/www.feidt-paris.com\/produit\/bague-mini-madone-feidt-paris\/#primaryimage","url":"https:\/\/www.feidt-paris.com\/wp-content\/uploads\/2019\/09\/Bague-mini-madone.jpg","contentUrl":"https:\/\/www.feidt-paris.com\/wp-content\/uploads\/2019\/09\/Bague-mini-madone.jpg","width":2048,"height":2048},{"@type":"BreadcrumbList","@id":"https:\/\/www.feidt-paris.com\/produit\/bague-mini-madone-feidt-paris\/#breadcrumb","itemListElement":[{"@type":"ListItem","position":1,"name":"Accueil","item":"https:\/\/www.feidt-paris.com\/"},{"@type":"ListItem","position":2,"name":"Boutique","item":"https:\/\/www.feidt-paris.com\/boutique\/"},{"@type":"ListItem","position":3,"name":"Bague mini madone"}]},{"@type":"WebSite","@id":"https:\/\/www.feidt-paris.com\/#website","url":"https:\/\/www.feidt-paris.com\/","name":"Feidt","description":"Boutique officielle","potentialAction":[{"@type":"SearchAction","target":{"@type":"EntryPoint","urlTemplate":"https:\/\/www.feidt-paris.com\/?s={search_term_string}"},"query-input":{"@type":"PropertyValueSpecification","valueRequired":true,"valueName":"search_term_string"}}],"inLanguage":"en-US"}]}},"_links":{"self":[{"href":"https:\/\/www.feidt-paris.com\/en\/wp-json\/wp\/v2\/product\/19874","targetHints":{"allow":["GET"]}}],"collection":[{"href":"https:\/\/www.feidt-paris.com\/en\/wp-json\/wp\/v2\/product"}],"about":[{"href":"https:\/\/www.feidt-paris.com\/en\/wp-json\/wp\/v2\/types\/product"}],"wp:featuredmedia":[{"embeddable":true,"href":"https:\/\/www.feidt-paris.com\/en\/wp-json\/wp\/v2\/media\/34351"}],"wp:attachment":[{"href":"https:\/\/www.feidt-paris.com\/en\/wp-json\/wp\/v2\/media?parent=19874"}],"wp:term":[{"taxonomy":"product_brand","embeddable":true,"href":"https:\/\/www.feidt-paris.com\/en\/wp-json\/wp\/v2\/product_brand?post=19874"},{"taxonomy":"product_cat","embeddable":true,"href":"https:\/\/www.feidt-paris.com\/en\/wp-json\/wp\/v2\/product_cat?post=19874"},{"taxonomy":"product_tag","embeddable":true,"href":"https:\/\/www.feidt-paris.com\/en\/wp-json\/wp\/v2\/product_tag?post=19874"}],"curies":[{"name":"wp","href":"https:\/\/api.w.org\/{rel}","templated":true}]}}