{"id":19784,"date":"2019-09-24T09:26:47","date_gmt":"2019-09-24T09:26:47","guid":{"rendered":"https:\/\/feidt-paris.com\/?post_type=product&#038;p=19784"},"modified":"2025-05-27T07:56:11","modified_gmt":"2025-05-27T07:56:11","slug":"bracelet-soleil-feidt-paris","status":"publish","type":"product","link":"https:\/\/www.feidt-paris.com\/en\/product\/bracelet-soleil-feidt-paris\/","title":{"rendered":"Bracelet soleil"},"content":{"rendered":"","protected":false},"excerpt":{"rendered":"<p>Le bracelet soleil est compos\u00e9 d\u2019or 14 carats et d\u2019un saphir gris au centre.<\/p>\n<p>Le soleil est mont\u00e9 sur une cha\u00eene r\u00e9glable, ce qui lui permet d&rsquo;\u00eatre ajust\u00e9 \u00e0 3 tailles diff\u00e9rentes : 15.5 cm,16.5cm ou 17.5cm<\/p>","protected":false},"featured_media":19821,"template":"","meta":[],"product_brand":[],"product_cat":[310,455],"product_tag":[],"class_list":{"0":"post-19784","1":"product","2":"type-product","3":"status-publish","4":"has-post-thumbnail","6":"product_cat-bracelets","7":"product_cat-bracelets-chaines","8":"pa_couleur-dor-blanc","9":"pa_couleur-dor-jaune","10":"pa_type-de-bijoux-bracelets","11":"pa_type-de-pierres-saphir-gris","12":"pa_type-dor-14-carats","14":"first","15":"instock","16":"taxable","17":"shipping-taxable","18":"purchasable","19":"product-type-variable"},"yoast_head":"<!-- This site is optimized with the Yoast SEO plugin v27.4 - https:\/\/yoast.com\/product\/yoast-seo-wordpress\/ -->\n<title>Bracelet soleil - Feidt<\/title>\n<meta name=\"description\" content=\"Le bracelet soleil fait partie de la collection Ibiza de chez Feidt Paris. Il est compos\u00e9 d&#039;or 9 carats et d&#039;une pierre semi pr\u00e9cieuse.\" \/>\n<meta name=\"robots\" content=\"index, follow, max-snippet:-1, max-image-preview:large, max-video-preview:-1\" \/>\n<link rel=\"canonical\" href=\"https:\/\/www.feidt-paris.com\/en\/product\/bracelet-soleil-feidt-paris\/\" \/>\n<meta property=\"og:locale\" content=\"en_US\" \/>\n<meta property=\"og:type\" content=\"article\" \/>\n<meta property=\"og:title\" content=\"Bracelet soleil - Feidt\" \/>\n<meta property=\"og:description\" content=\"Le bracelet soleil fait partie de la collection Ibiza de chez Feidt Paris. Il est compos\u00e9 d&#039;or 9 carats et d&#039;une pierre semi pr\u00e9cieuse.\" \/>\n<meta property=\"og:url\" content=\"https:\/\/www.feidt-paris.com\/en\/product\/bracelet-soleil-feidt-paris\/\" \/>\n<meta property=\"og:site_name\" content=\"Feidt\" \/>\n<meta property=\"article:publisher\" content=\"https:\/\/fr-fr.facebook.com\/pages\/category\/Local-Business\/Feidt-Paris-179956148711302\/\" \/>\n<meta property=\"article:modified_time\" content=\"2025-05-27T07:56:11+00:00\" \/>\n<meta property=\"og:image\" content=\"https:\/\/www.feidt-paris.com\/wp-content\/uploads\/2019\/09\/YTnQJScU.jpeg\" \/>\n\t<meta property=\"og:image:width\" content=\"1000\" \/>\n\t<meta property=\"og:image:height\" content=\"984\" \/>\n\t<meta property=\"og:image:type\" content=\"image\/jpeg\" \/>\n<meta name=\"twitter:label1\" content=\"Est. reading time\" \/>\n\t<meta name=\"twitter:data1\" content=\"1 minute\" \/>\n<script type=\"application\/ld+json\" class=\"yoast-schema-graph\">{\"@context\":\"https:\\\/\\\/schema.org\",\"@graph\":[{\"@type\":\"WebPage\",\"@id\":\"https:\\\/\\\/www.feidt-paris.com\\\/produit\\\/bracelet-soleil-feidt-paris\\\/\",\"url\":\"https:\\\/\\\/www.feidt-paris.com\\\/produit\\\/bracelet-soleil-feidt-paris\\\/\",\"name\":\"Bracelet soleil - Feidt\",\"isPartOf\":{\"@id\":\"https:\\\/\\\/www.feidt-paris.com\\\/#website\"},\"primaryImageOfPage\":{\"@id\":\"https:\\\/\\\/www.feidt-paris.com\\\/produit\\\/bracelet-soleil-feidt-paris\\\/#primaryimage\"},\"image\":{\"@id\":\"https:\\\/\\\/www.feidt-paris.com\\\/produit\\\/bracelet-soleil-feidt-paris\\\/#primaryimage\"},\"thumbnailUrl\":\"https:\\\/\\\/www.feidt-paris.com\\\/wp-content\\\/uploads\\\/2019\\\/09\\\/YTnQJScU.jpeg\",\"datePublished\":\"2019-09-24T09:26:47+00:00\",\"dateModified\":\"2025-05-27T07:56:11+00:00\",\"description\":\"Le bracelet soleil fait partie de la collection Ibiza de chez Feidt Paris. Il est compos\u00e9 d'or 9 carats et d'une pierre semi pr\u00e9cieuse.\",\"breadcrumb\":{\"@id\":\"https:\\\/\\\/www.feidt-paris.com\\\/produit\\\/bracelet-soleil-feidt-paris\\\/#breadcrumb\"},\"inLanguage\":\"en-US\",\"potentialAction\":[{\"@type\":\"ReadAction\",\"target\":[\"https:\\\/\\\/www.feidt-paris.com\\\/produit\\\/bracelet-soleil-feidt-paris\\\/\"]}]},{\"@type\":\"ImageObject\",\"inLanguage\":\"en-US\",\"@id\":\"https:\\\/\\\/www.feidt-paris.com\\\/produit\\\/bracelet-soleil-feidt-paris\\\/#primaryimage\",\"url\":\"https:\\\/\\\/www.feidt-paris.com\\\/wp-content\\\/uploads\\\/2019\\\/09\\\/YTnQJScU.jpeg\",\"contentUrl\":\"https:\\\/\\\/www.feidt-paris.com\\\/wp-content\\\/uploads\\\/2019\\\/09\\\/YTnQJScU.jpeg\",\"width\":1000,\"height\":984,\"caption\":\"Le bracelet soleil est compos\u00e9 d\u2019or 9 carats et d\u2019une pierre semi-pr\u00e9cieuse en son milieu. Le soleil est mont\u00e9 sur une cha\u00eene r\u00e9glable, ce qui lui permet d'\u00eatre ajust\u00e9 \u00e0 3 tailles diff\u00e9rentes : 15.5 cm,16.5cm ou 17.5cm\"},{\"@type\":\"BreadcrumbList\",\"@id\":\"https:\\\/\\\/www.feidt-paris.com\\\/produit\\\/bracelet-soleil-feidt-paris\\\/#breadcrumb\",\"itemListElement\":[{\"@type\":\"ListItem\",\"position\":1,\"name\":\"Accueil\",\"item\":\"https:\\\/\\\/www.feidt-paris.com\\\/\"},{\"@type\":\"ListItem\",\"position\":2,\"name\":\"Boutique\",\"item\":\"https:\\\/\\\/www.feidt-paris.com\\\/boutique\\\/\"},{\"@type\":\"ListItem\",\"position\":3,\"name\":\"Bracelet soleil\"}]},{\"@type\":\"WebSite\",\"@id\":\"https:\\\/\\\/www.feidt-paris.com\\\/#website\",\"url\":\"https:\\\/\\\/www.feidt-paris.com\\\/\",\"name\":\"Feidt\",\"description\":\"Boutique officielle\",\"potentialAction\":[{\"@type\":\"SearchAction\",\"target\":{\"@type\":\"EntryPoint\",\"urlTemplate\":\"https:\\\/\\\/www.feidt-paris.com\\\/?s={search_term_string}\"},\"query-input\":{\"@type\":\"PropertyValueSpecification\",\"valueRequired\":true,\"valueName\":\"search_term_string\"}}],\"inLanguage\":\"en-US\"}]}<\/script>\n<!-- \/ Yoast SEO plugin. -->","yoast_head_json":{"title":"Bracelet soleil - Feidt","description":"Le bracelet soleil fait partie de la collection Ibiza de chez Feidt Paris. Il est compos\u00e9 d'or 9 carats et d'une pierre semi pr\u00e9cieuse.","robots":{"index":"index","follow":"follow","max-snippet":"max-snippet:-1","max-image-preview":"max-image-preview:large","max-video-preview":"max-video-preview:-1"},"canonical":"https:\/\/www.feidt-paris.com\/en\/product\/bracelet-soleil-feidt-paris\/","og_locale":"en_US","og_type":"article","og_title":"Bracelet soleil - Feidt","og_description":"Le bracelet soleil fait partie de la collection Ibiza de chez Feidt Paris. Il est compos\u00e9 d'or 9 carats et d'une pierre semi pr\u00e9cieuse.","og_url":"https:\/\/www.feidt-paris.com\/en\/product\/bracelet-soleil-feidt-paris\/","og_site_name":"Feidt","article_publisher":"https:\/\/fr-fr.facebook.com\/pages\/category\/Local-Business\/Feidt-Paris-179956148711302\/","article_modified_time":"2025-05-27T07:56:11+00:00","og_image":[{"width":1000,"height":984,"url":"https:\/\/www.feidt-paris.com\/wp-content\/uploads\/2019\/09\/YTnQJScU.jpeg","type":"image\/jpeg"}],"twitter_misc":{"Est. reading time":"1 minute"},"schema":{"@context":"https:\/\/schema.org","@graph":[{"@type":"WebPage","@id":"https:\/\/www.feidt-paris.com\/produit\/bracelet-soleil-feidt-paris\/","url":"https:\/\/www.feidt-paris.com\/produit\/bracelet-soleil-feidt-paris\/","name":"Bracelet soleil - Feidt","isPartOf":{"@id":"https:\/\/www.feidt-paris.com\/#website"},"primaryImageOfPage":{"@id":"https:\/\/www.feidt-paris.com\/produit\/bracelet-soleil-feidt-paris\/#primaryimage"},"image":{"@id":"https:\/\/www.feidt-paris.com\/produit\/bracelet-soleil-feidt-paris\/#primaryimage"},"thumbnailUrl":"https:\/\/www.feidt-paris.com\/wp-content\/uploads\/2019\/09\/YTnQJScU.jpeg","datePublished":"2019-09-24T09:26:47+00:00","dateModified":"2025-05-27T07:56:11+00:00","description":"Le bracelet soleil fait partie de la collection Ibiza de chez Feidt Paris. Il est compos\u00e9 d'or 9 carats et d'une pierre semi pr\u00e9cieuse.","breadcrumb":{"@id":"https:\/\/www.feidt-paris.com\/produit\/bracelet-soleil-feidt-paris\/#breadcrumb"},"inLanguage":"en-US","potentialAction":[{"@type":"ReadAction","target":["https:\/\/www.feidt-paris.com\/produit\/bracelet-soleil-feidt-paris\/"]}]},{"@type":"ImageObject","inLanguage":"en-US","@id":"https:\/\/www.feidt-paris.com\/produit\/bracelet-soleil-feidt-paris\/#primaryimage","url":"https:\/\/www.feidt-paris.com\/wp-content\/uploads\/2019\/09\/YTnQJScU.jpeg","contentUrl":"https:\/\/www.feidt-paris.com\/wp-content\/uploads\/2019\/09\/YTnQJScU.jpeg","width":1000,"height":984,"caption":"Le bracelet soleil est compos\u00e9 d\u2019or 9 carats et d\u2019une pierre semi-pr\u00e9cieuse en son milieu. Le soleil est mont\u00e9 sur une cha\u00eene r\u00e9glable, ce qui lui permet d'\u00eatre ajust\u00e9 \u00e0 3 tailles diff\u00e9rentes : 15.5 cm,16.5cm ou 17.5cm"},{"@type":"BreadcrumbList","@id":"https:\/\/www.feidt-paris.com\/produit\/bracelet-soleil-feidt-paris\/#breadcrumb","itemListElement":[{"@type":"ListItem","position":1,"name":"Accueil","item":"https:\/\/www.feidt-paris.com\/"},{"@type":"ListItem","position":2,"name":"Boutique","item":"https:\/\/www.feidt-paris.com\/boutique\/"},{"@type":"ListItem","position":3,"name":"Bracelet soleil"}]},{"@type":"WebSite","@id":"https:\/\/www.feidt-paris.com\/#website","url":"https:\/\/www.feidt-paris.com\/","name":"Feidt","description":"Boutique officielle","potentialAction":[{"@type":"SearchAction","target":{"@type":"EntryPoint","urlTemplate":"https:\/\/www.feidt-paris.com\/?s={search_term_string}"},"query-input":{"@type":"PropertyValueSpecification","valueRequired":true,"valueName":"search_term_string"}}],"inLanguage":"en-US"}]}},"_links":{"self":[{"href":"https:\/\/www.feidt-paris.com\/en\/wp-json\/wp\/v2\/product\/19784","targetHints":{"allow":["GET"]}}],"collection":[{"href":"https:\/\/www.feidt-paris.com\/en\/wp-json\/wp\/v2\/product"}],"about":[{"href":"https:\/\/www.feidt-paris.com\/en\/wp-json\/wp\/v2\/types\/product"}],"wp:featuredmedia":[{"embeddable":true,"href":"https:\/\/www.feidt-paris.com\/en\/wp-json\/wp\/v2\/media\/19821"}],"wp:attachment":[{"href":"https:\/\/www.feidt-paris.com\/en\/wp-json\/wp\/v2\/media?parent=19784"}],"wp:term":[{"taxonomy":"product_brand","embeddable":true,"href":"https:\/\/www.feidt-paris.com\/en\/wp-json\/wp\/v2\/product_brand?post=19784"},{"taxonomy":"product_cat","embeddable":true,"href":"https:\/\/www.feidt-paris.com\/en\/wp-json\/wp\/v2\/product_cat?post=19784"},{"taxonomy":"product_tag","embeddable":true,"href":"https:\/\/www.feidt-paris.com\/en\/wp-json\/wp\/v2\/product_tag?post=19784"}],"curies":[{"name":"wp","href":"https:\/\/api.w.org\/{rel}","templated":true}]}}