{"id":144,"date":"2017-08-17T12:26:00","date_gmt":"2017-08-17T12:26:00","guid":{"rendered":"https:\/\/feidt-paris.com\/?product=collier-madone-ovale"},"modified":"2025-05-23T16:03:35","modified_gmt":"2025-05-23T16:03:35","slug":"collier-madone","status":"publish","type":"product","link":"https:\/\/www.feidt-paris.com\/en\/product\/collier-madone\/","title":{"rendered":"Collier madone"},"content":{"rendered":"","protected":false},"excerpt":{"rendered":"<p>Le collier m\u00e9daille Madone est compos\u00e9 d\u2019or 14 carats et serti de 34 saphirs gris.<\/p>\n<p>La m\u00e9daille Madone mesure 1.5 cm de largeur par 2 cm de hauteur, elle est mont\u00e9e sur une cha\u00eene de 55 cm.<\/p>\n<p>&nbsp;<\/p>","protected":false},"featured_media":34030,"template":"","meta":[],"product_brand":[],"product_cat":[490,448],"product_tag":[],"class_list":{"0":"post-144","1":"product","2":"type-product","3":"status-publish","4":"has-post-thumbnail","6":"product_cat-colliers","7":"product_cat-colliers-medailles","8":"pa_couleur-dor-blanc","9":"pa_couleur-dor-jaune","10":"pa_taille-de-chaine-55-cm","11":"pa_type-de-bijoux-colliers","12":"pa_type-de-pierres-saphir-gris","13":"pa_type-dor-14-carats","15":"first","16":"instock","17":"taxable","18":"shipping-taxable","19":"purchasable","20":"product-type-variable"},"yoast_head":"<!-- This site is optimized with the Yoast SEO plugin v27.3 - https:\/\/yoast.com\/product\/yoast-seo-wordpress\/ -->\n<title>Collier madone - Feidt<\/title>\n<meta name=\"robots\" content=\"index, follow, max-snippet:-1, max-image-preview:large, max-video-preview:-1\" \/>\n<link rel=\"canonical\" href=\"https:\/\/www.feidt-paris.com\/en\/product\/collier-madone\/\" \/>\n<meta property=\"og:locale\" content=\"en_US\" \/>\n<meta property=\"og:type\" content=\"article\" \/>\n<meta property=\"og:title\" content=\"Collier madone - Feidt\" \/>\n<meta property=\"og:description\" content=\"Le collier m\u00e9daille Madone est compos\u00e9 d\u2019or 14 carats et serti de 34 saphirs gris.  La m\u00e9daille Madone mesure 1.5 cm de largeur par 2 cm de hauteur, elle est mont\u00e9e sur une cha\u00eene de 55 cm.  &nbsp;\" \/>\n<meta property=\"og:url\" content=\"https:\/\/www.feidt-paris.com\/en\/product\/collier-madone\/\" \/>\n<meta property=\"og:site_name\" content=\"Feidt\" \/>\n<meta property=\"article:publisher\" content=\"https:\/\/fr-fr.facebook.com\/pages\/category\/Local-Business\/Feidt-Paris-179956148711302\/\" \/>\n<meta property=\"article:modified_time\" content=\"2025-05-23T16:03:35+00:00\" \/>\n<meta property=\"og:image\" content=\"https:\/\/www.feidt-paris.com\/wp-content\/uploads\/2017\/08\/collier-MADONE-OVALE-WEB.jpg\" \/>\n\t<meta property=\"og:image:width\" content=\"1315\" \/>\n\t<meta property=\"og:image:height\" content=\"1315\" \/>\n\t<meta property=\"og:image:type\" content=\"image\/jpeg\" \/>\n<meta name=\"twitter:label1\" content=\"Est. reading time\" \/>\n\t<meta name=\"twitter:data1\" content=\"1 minute\" \/>\n<script type=\"application\/ld+json\" class=\"yoast-schema-graph\">{\"@context\":\"https:\\\/\\\/schema.org\",\"@graph\":[{\"@type\":\"WebPage\",\"@id\":\"https:\\\/\\\/www.feidt-paris.com\\\/produit\\\/collier-madone\\\/\",\"url\":\"https:\\\/\\\/www.feidt-paris.com\\\/produit\\\/collier-madone\\\/\",\"name\":\"Collier madone - Feidt\",\"isPartOf\":{\"@id\":\"https:\\\/\\\/www.feidt-paris.com\\\/#website\"},\"primaryImageOfPage\":{\"@id\":\"https:\\\/\\\/www.feidt-paris.com\\\/produit\\\/collier-madone\\\/#primaryimage\"},\"image\":{\"@id\":\"https:\\\/\\\/www.feidt-paris.com\\\/produit\\\/collier-madone\\\/#primaryimage\"},\"thumbnailUrl\":\"https:\\\/\\\/www.feidt-paris.com\\\/wp-content\\\/uploads\\\/2017\\\/08\\\/collier-MADONE-OVALE-WEB.jpg\",\"datePublished\":\"2017-08-17T12:26:00+00:00\",\"dateModified\":\"2025-05-23T16:03:35+00:00\",\"breadcrumb\":{\"@id\":\"https:\\\/\\\/www.feidt-paris.com\\\/produit\\\/collier-madone\\\/#breadcrumb\"},\"inLanguage\":\"en-US\",\"potentialAction\":[{\"@type\":\"ReadAction\",\"target\":[\"https:\\\/\\\/www.feidt-paris.com\\\/produit\\\/collier-madone\\\/\"]}]},{\"@type\":\"ImageObject\",\"inLanguage\":\"en-US\",\"@id\":\"https:\\\/\\\/www.feidt-paris.com\\\/produit\\\/collier-madone\\\/#primaryimage\",\"url\":\"https:\\\/\\\/www.feidt-paris.com\\\/wp-content\\\/uploads\\\/2017\\\/08\\\/collier-MADONE-OVALE-WEB.jpg\",\"contentUrl\":\"https:\\\/\\\/www.feidt-paris.com\\\/wp-content\\\/uploads\\\/2017\\\/08\\\/collier-MADONE-OVALE-WEB.jpg\",\"width\":1315,\"height\":1315},{\"@type\":\"BreadcrumbList\",\"@id\":\"https:\\\/\\\/www.feidt-paris.com\\\/produit\\\/collier-madone\\\/#breadcrumb\",\"itemListElement\":[{\"@type\":\"ListItem\",\"position\":1,\"name\":\"Accueil\",\"item\":\"https:\\\/\\\/www.feidt-paris.com\\\/\"},{\"@type\":\"ListItem\",\"position\":2,\"name\":\"Boutique\",\"item\":\"https:\\\/\\\/www.feidt-paris.com\\\/boutique\\\/\"},{\"@type\":\"ListItem\",\"position\":3,\"name\":\"Collier madone\"}]},{\"@type\":\"WebSite\",\"@id\":\"https:\\\/\\\/www.feidt-paris.com\\\/#website\",\"url\":\"https:\\\/\\\/www.feidt-paris.com\\\/\",\"name\":\"Feidt\",\"description\":\"Boutique officielle\",\"potentialAction\":[{\"@type\":\"SearchAction\",\"target\":{\"@type\":\"EntryPoint\",\"urlTemplate\":\"https:\\\/\\\/www.feidt-paris.com\\\/?s={search_term_string}\"},\"query-input\":{\"@type\":\"PropertyValueSpecification\",\"valueRequired\":true,\"valueName\":\"search_term_string\"}}],\"inLanguage\":\"en-US\"}]}<\/script>\n<!-- \/ Yoast SEO plugin. -->","yoast_head_json":{"title":"Collier madone - Feidt","robots":{"index":"index","follow":"follow","max-snippet":"max-snippet:-1","max-image-preview":"max-image-preview:large","max-video-preview":"max-video-preview:-1"},"canonical":"https:\/\/www.feidt-paris.com\/en\/product\/collier-madone\/","og_locale":"en_US","og_type":"article","og_title":"Collier madone - Feidt","og_description":"Le collier m\u00e9daille Madone est compos\u00e9 d\u2019or 14 carats et serti de 34 saphirs gris.  La m\u00e9daille Madone mesure 1.5 cm de largeur par 2 cm de hauteur, elle est mont\u00e9e sur une cha\u00eene de 55 cm.  &nbsp;","og_url":"https:\/\/www.feidt-paris.com\/en\/product\/collier-madone\/","og_site_name":"Feidt","article_publisher":"https:\/\/fr-fr.facebook.com\/pages\/category\/Local-Business\/Feidt-Paris-179956148711302\/","article_modified_time":"2025-05-23T16:03:35+00:00","og_image":[{"width":1315,"height":1315,"url":"https:\/\/www.feidt-paris.com\/wp-content\/uploads\/2017\/08\/collier-MADONE-OVALE-WEB.jpg","type":"image\/jpeg"}],"twitter_misc":{"Est. reading time":"1 minute"},"schema":{"@context":"https:\/\/schema.org","@graph":[{"@type":"WebPage","@id":"https:\/\/www.feidt-paris.com\/produit\/collier-madone\/","url":"https:\/\/www.feidt-paris.com\/produit\/collier-madone\/","name":"Collier madone - Feidt","isPartOf":{"@id":"https:\/\/www.feidt-paris.com\/#website"},"primaryImageOfPage":{"@id":"https:\/\/www.feidt-paris.com\/produit\/collier-madone\/#primaryimage"},"image":{"@id":"https:\/\/www.feidt-paris.com\/produit\/collier-madone\/#primaryimage"},"thumbnailUrl":"https:\/\/www.feidt-paris.com\/wp-content\/uploads\/2017\/08\/collier-MADONE-OVALE-WEB.jpg","datePublished":"2017-08-17T12:26:00+00:00","dateModified":"2025-05-23T16:03:35+00:00","breadcrumb":{"@id":"https:\/\/www.feidt-paris.com\/produit\/collier-madone\/#breadcrumb"},"inLanguage":"en-US","potentialAction":[{"@type":"ReadAction","target":["https:\/\/www.feidt-paris.com\/produit\/collier-madone\/"]}]},{"@type":"ImageObject","inLanguage":"en-US","@id":"https:\/\/www.feidt-paris.com\/produit\/collier-madone\/#primaryimage","url":"https:\/\/www.feidt-paris.com\/wp-content\/uploads\/2017\/08\/collier-MADONE-OVALE-WEB.jpg","contentUrl":"https:\/\/www.feidt-paris.com\/wp-content\/uploads\/2017\/08\/collier-MADONE-OVALE-WEB.jpg","width":1315,"height":1315},{"@type":"BreadcrumbList","@id":"https:\/\/www.feidt-paris.com\/produit\/collier-madone\/#breadcrumb","itemListElement":[{"@type":"ListItem","position":1,"name":"Accueil","item":"https:\/\/www.feidt-paris.com\/"},{"@type":"ListItem","position":2,"name":"Boutique","item":"https:\/\/www.feidt-paris.com\/boutique\/"},{"@type":"ListItem","position":3,"name":"Collier madone"}]},{"@type":"WebSite","@id":"https:\/\/www.feidt-paris.com\/#website","url":"https:\/\/www.feidt-paris.com\/","name":"Feidt","description":"Boutique officielle","potentialAction":[{"@type":"SearchAction","target":{"@type":"EntryPoint","urlTemplate":"https:\/\/www.feidt-paris.com\/?s={search_term_string}"},"query-input":{"@type":"PropertyValueSpecification","valueRequired":true,"valueName":"search_term_string"}}],"inLanguage":"en-US"}]}},"_links":{"self":[{"href":"https:\/\/www.feidt-paris.com\/en\/wp-json\/wp\/v2\/product\/144","targetHints":{"allow":["GET"]}}],"collection":[{"href":"https:\/\/www.feidt-paris.com\/en\/wp-json\/wp\/v2\/product"}],"about":[{"href":"https:\/\/www.feidt-paris.com\/en\/wp-json\/wp\/v2\/types\/product"}],"wp:featuredmedia":[{"embeddable":true,"href":"https:\/\/www.feidt-paris.com\/en\/wp-json\/wp\/v2\/media\/34030"}],"wp:attachment":[{"href":"https:\/\/www.feidt-paris.com\/en\/wp-json\/wp\/v2\/media?parent=144"}],"wp:term":[{"taxonomy":"product_brand","embeddable":true,"href":"https:\/\/www.feidt-paris.com\/en\/wp-json\/wp\/v2\/product_brand?post=144"},{"taxonomy":"product_cat","embeddable":true,"href":"https:\/\/www.feidt-paris.com\/en\/wp-json\/wp\/v2\/product_cat?post=144"},{"taxonomy":"product_tag","embeddable":true,"href":"https:\/\/www.feidt-paris.com\/en\/wp-json\/wp\/v2\/product_tag?post=144"}],"curies":[{"name":"wp","href":"https:\/\/api.w.org\/{rel}","templated":true}]}}