{"id":13315,"date":"2018-11-06T12:17:44","date_gmt":"2018-11-06T12:17:44","guid":{"rendered":"https:\/\/feidt-paris.com\/?product=bague-soleil-martelee-ibiza"},"modified":"2025-08-28T09:17:08","modified_gmt":"2025-08-28T09:17:08","slug":"bague-soleil-martelee-feidt-paris","status":"publish","type":"product","link":"https:\/\/www.feidt-paris.com\/en\/product\/bague-soleil-martelee-feidt-paris\/","title":{"rendered":"Bague soleil"},"content":{"rendered":"","protected":false},"excerpt":{"rendered":"<p>La bague soleil, d&rsquo;une largeur de 0.8cm est compos\u00e9e d\u2019or 9 carats et de saphirs blancs dans chaque soleil.<\/p>\n<p><strong><em>Votre taille n\u2019est pas propos\u00e9e ? N\u2019h\u00e9sitez pas \u00e0 contacter notre service clients \u00e0 l\u2019adresse suivante: contact@feidt-paris.com<\/em><\/strong><\/p>","protected":false},"featured_media":37522,"template":"","meta":[],"product_brand":[],"product_cat":[311,450],"product_tag":[],"class_list":{"0":"post-13315","1":"product","2":"type-product","3":"status-publish","4":"has-post-thumbnail","6":"product_cat-bagues","7":"product_cat-bagues-joncs","8":"pa_couleur-dor-blanc","9":"pa_couleur-dor-jaune","10":"pa_couleur-dor-noir","11":"pa_taille-de-bague-256","12":"pa_taille-de-bague-264","13":"pa_taille-de-bague-265","14":"pa_taille-de-bague-266","15":"pa_taille-de-bague-257","16":"pa_type-de-bijoux-bagues","17":"pa_type-de-pierres-saphirs-blancs","18":"pa_type-dor-9-carats","20":"first","21":"instock","22":"taxable","23":"shipping-taxable","24":"purchasable","25":"product-type-variable"},"yoast_head":"<!-- This site is optimized with the Yoast SEO plugin v27.4 - https:\/\/yoast.com\/product\/yoast-seo-wordpress\/ -->\n<title>Bague soleil - Feidt<\/title>\n<meta name=\"robots\" content=\"index, follow, max-snippet:-1, max-image-preview:large, max-video-preview:-1\" \/>\n<link rel=\"canonical\" href=\"https:\/\/www.feidt-paris.com\/en\/product\/bague-soleil-martelee-feidt-paris\/\" \/>\n<meta property=\"og:locale\" content=\"en_US\" \/>\n<meta property=\"og:type\" content=\"article\" \/>\n<meta property=\"og:title\" content=\"Bague soleil - Feidt\" \/>\n<meta property=\"og:description\" content=\"La bague soleil, d&#039;une largeur de 0.8cm est compos\u00e9e d\u2019or 9 carats et de saphirs blancs dans chaque soleil.  Votre taille n\u2019est pas propos\u00e9e ? N\u2019h\u00e9sitez pas \u00e0 contacter notre service clients \u00e0 l\u2019adresse suivante: contact@feidt-paris.com\" \/>\n<meta property=\"og:url\" content=\"https:\/\/www.feidt-paris.com\/en\/product\/bague-soleil-martelee-feidt-paris\/\" \/>\n<meta property=\"og:site_name\" content=\"Feidt\" \/>\n<meta property=\"article:publisher\" content=\"https:\/\/fr-fr.facebook.com\/pages\/category\/Local-Business\/Feidt-Paris-179956148711302\/\" \/>\n<meta property=\"article:modified_time\" content=\"2025-08-28T09:17:08+00:00\" \/>\n<meta property=\"og:image\" content=\"https:\/\/www.feidt-paris.com\/wp-content\/uploads\/2018\/11\/Bague-multisoleils-IBIZ410J.jpg\" \/>\n\t<meta property=\"og:image:width\" content=\"2048\" \/>\n\t<meta property=\"og:image:height\" content=\"2048\" \/>\n\t<meta property=\"og:image:type\" content=\"image\/jpeg\" \/>\n<meta name=\"twitter:label1\" content=\"Est. reading time\" \/>\n\t<meta name=\"twitter:data1\" content=\"1 minute\" \/>\n<script type=\"application\/ld+json\" class=\"yoast-schema-graph\">{\"@context\":\"https:\\\/\\\/schema.org\",\"@graph\":[{\"@type\":\"WebPage\",\"@id\":\"https:\\\/\\\/www.feidt-paris.com\\\/produit\\\/bague-soleil-martelee-feidt-paris\\\/\",\"url\":\"https:\\\/\\\/www.feidt-paris.com\\\/produit\\\/bague-soleil-martelee-feidt-paris\\\/\",\"name\":\"Bague soleil - Feidt\",\"isPartOf\":{\"@id\":\"https:\\\/\\\/www.feidt-paris.com\\\/#website\"},\"primaryImageOfPage\":{\"@id\":\"https:\\\/\\\/www.feidt-paris.com\\\/produit\\\/bague-soleil-martelee-feidt-paris\\\/#primaryimage\"},\"image\":{\"@id\":\"https:\\\/\\\/www.feidt-paris.com\\\/produit\\\/bague-soleil-martelee-feidt-paris\\\/#primaryimage\"},\"thumbnailUrl\":\"https:\\\/\\\/www.feidt-paris.com\\\/wp-content\\\/uploads\\\/2018\\\/11\\\/Bague-multisoleils-IBIZ410J.jpg\",\"datePublished\":\"2018-11-06T12:17:44+00:00\",\"dateModified\":\"2025-08-28T09:17:08+00:00\",\"breadcrumb\":{\"@id\":\"https:\\\/\\\/www.feidt-paris.com\\\/produit\\\/bague-soleil-martelee-feidt-paris\\\/#breadcrumb\"},\"inLanguage\":\"en-US\",\"potentialAction\":[{\"@type\":\"ReadAction\",\"target\":[\"https:\\\/\\\/www.feidt-paris.com\\\/produit\\\/bague-soleil-martelee-feidt-paris\\\/\"]}]},{\"@type\":\"ImageObject\",\"inLanguage\":\"en-US\",\"@id\":\"https:\\\/\\\/www.feidt-paris.com\\\/produit\\\/bague-soleil-martelee-feidt-paris\\\/#primaryimage\",\"url\":\"https:\\\/\\\/www.feidt-paris.com\\\/wp-content\\\/uploads\\\/2018\\\/11\\\/Bague-multisoleils-IBIZ410J.jpg\",\"contentUrl\":\"https:\\\/\\\/www.feidt-paris.com\\\/wp-content\\\/uploads\\\/2018\\\/11\\\/Bague-multisoleils-IBIZ410J.jpg\",\"width\":2048,\"height\":2048},{\"@type\":\"BreadcrumbList\",\"@id\":\"https:\\\/\\\/www.feidt-paris.com\\\/produit\\\/bague-soleil-martelee-feidt-paris\\\/#breadcrumb\",\"itemListElement\":[{\"@type\":\"ListItem\",\"position\":1,\"name\":\"Accueil\",\"item\":\"https:\\\/\\\/www.feidt-paris.com\\\/\"},{\"@type\":\"ListItem\",\"position\":2,\"name\":\"Boutique\",\"item\":\"https:\\\/\\\/www.feidt-paris.com\\\/boutique\\\/\"},{\"@type\":\"ListItem\",\"position\":3,\"name\":\"Bague soleil\"}]},{\"@type\":\"WebSite\",\"@id\":\"https:\\\/\\\/www.feidt-paris.com\\\/#website\",\"url\":\"https:\\\/\\\/www.feidt-paris.com\\\/\",\"name\":\"Feidt\",\"description\":\"Boutique officielle\",\"potentialAction\":[{\"@type\":\"SearchAction\",\"target\":{\"@type\":\"EntryPoint\",\"urlTemplate\":\"https:\\\/\\\/www.feidt-paris.com\\\/?s={search_term_string}\"},\"query-input\":{\"@type\":\"PropertyValueSpecification\",\"valueRequired\":true,\"valueName\":\"search_term_string\"}}],\"inLanguage\":\"en-US\"}]}<\/script>\n<!-- \/ Yoast SEO plugin. -->","yoast_head_json":{"title":"Bague soleil - Feidt","robots":{"index":"index","follow":"follow","max-snippet":"max-snippet:-1","max-image-preview":"max-image-preview:large","max-video-preview":"max-video-preview:-1"},"canonical":"https:\/\/www.feidt-paris.com\/en\/product\/bague-soleil-martelee-feidt-paris\/","og_locale":"en_US","og_type":"article","og_title":"Bague soleil - Feidt","og_description":"La bague soleil, d'une largeur de 0.8cm est compos\u00e9e d\u2019or 9 carats et de saphirs blancs dans chaque soleil.  Votre taille n\u2019est pas propos\u00e9e ? N\u2019h\u00e9sitez pas \u00e0 contacter notre service clients \u00e0 l\u2019adresse suivante: contact@feidt-paris.com","og_url":"https:\/\/www.feidt-paris.com\/en\/product\/bague-soleil-martelee-feidt-paris\/","og_site_name":"Feidt","article_publisher":"https:\/\/fr-fr.facebook.com\/pages\/category\/Local-Business\/Feidt-Paris-179956148711302\/","article_modified_time":"2025-08-28T09:17:08+00:00","og_image":[{"width":2048,"height":2048,"url":"https:\/\/www.feidt-paris.com\/wp-content\/uploads\/2018\/11\/Bague-multisoleils-IBIZ410J.jpg","type":"image\/jpeg"}],"twitter_misc":{"Est. reading time":"1 minute"},"schema":{"@context":"https:\/\/schema.org","@graph":[{"@type":"WebPage","@id":"https:\/\/www.feidt-paris.com\/produit\/bague-soleil-martelee-feidt-paris\/","url":"https:\/\/www.feidt-paris.com\/produit\/bague-soleil-martelee-feidt-paris\/","name":"Bague soleil - Feidt","isPartOf":{"@id":"https:\/\/www.feidt-paris.com\/#website"},"primaryImageOfPage":{"@id":"https:\/\/www.feidt-paris.com\/produit\/bague-soleil-martelee-feidt-paris\/#primaryimage"},"image":{"@id":"https:\/\/www.feidt-paris.com\/produit\/bague-soleil-martelee-feidt-paris\/#primaryimage"},"thumbnailUrl":"https:\/\/www.feidt-paris.com\/wp-content\/uploads\/2018\/11\/Bague-multisoleils-IBIZ410J.jpg","datePublished":"2018-11-06T12:17:44+00:00","dateModified":"2025-08-28T09:17:08+00:00","breadcrumb":{"@id":"https:\/\/www.feidt-paris.com\/produit\/bague-soleil-martelee-feidt-paris\/#breadcrumb"},"inLanguage":"en-US","potentialAction":[{"@type":"ReadAction","target":["https:\/\/www.feidt-paris.com\/produit\/bague-soleil-martelee-feidt-paris\/"]}]},{"@type":"ImageObject","inLanguage":"en-US","@id":"https:\/\/www.feidt-paris.com\/produit\/bague-soleil-martelee-feidt-paris\/#primaryimage","url":"https:\/\/www.feidt-paris.com\/wp-content\/uploads\/2018\/11\/Bague-multisoleils-IBIZ410J.jpg","contentUrl":"https:\/\/www.feidt-paris.com\/wp-content\/uploads\/2018\/11\/Bague-multisoleils-IBIZ410J.jpg","width":2048,"height":2048},{"@type":"BreadcrumbList","@id":"https:\/\/www.feidt-paris.com\/produit\/bague-soleil-martelee-feidt-paris\/#breadcrumb","itemListElement":[{"@type":"ListItem","position":1,"name":"Accueil","item":"https:\/\/www.feidt-paris.com\/"},{"@type":"ListItem","position":2,"name":"Boutique","item":"https:\/\/www.feidt-paris.com\/boutique\/"},{"@type":"ListItem","position":3,"name":"Bague soleil"}]},{"@type":"WebSite","@id":"https:\/\/www.feidt-paris.com\/#website","url":"https:\/\/www.feidt-paris.com\/","name":"Feidt","description":"Boutique officielle","potentialAction":[{"@type":"SearchAction","target":{"@type":"EntryPoint","urlTemplate":"https:\/\/www.feidt-paris.com\/?s={search_term_string}"},"query-input":{"@type":"PropertyValueSpecification","valueRequired":true,"valueName":"search_term_string"}}],"inLanguage":"en-US"}]}},"_links":{"self":[{"href":"https:\/\/www.feidt-paris.com\/en\/wp-json\/wp\/v2\/product\/13315","targetHints":{"allow":["GET"]}}],"collection":[{"href":"https:\/\/www.feidt-paris.com\/en\/wp-json\/wp\/v2\/product"}],"about":[{"href":"https:\/\/www.feidt-paris.com\/en\/wp-json\/wp\/v2\/types\/product"}],"wp:featuredmedia":[{"embeddable":true,"href":"https:\/\/www.feidt-paris.com\/en\/wp-json\/wp\/v2\/media\/37522"}],"wp:attachment":[{"href":"https:\/\/www.feidt-paris.com\/en\/wp-json\/wp\/v2\/media?parent=13315"}],"wp:term":[{"taxonomy":"product_brand","embeddable":true,"href":"https:\/\/www.feidt-paris.com\/en\/wp-json\/wp\/v2\/product_brand?post=13315"},{"taxonomy":"product_cat","embeddable":true,"href":"https:\/\/www.feidt-paris.com\/en\/wp-json\/wp\/v2\/product_cat?post=13315"},{"taxonomy":"product_tag","embeddable":true,"href":"https:\/\/www.feidt-paris.com\/en\/wp-json\/wp\/v2\/product_tag?post=13315"}],"curies":[{"name":"wp","href":"https:\/\/api.w.org\/{rel}","templated":true}]}}