{"id":38412,"date":"2026-02-06T10:40:00","date_gmt":"2026-02-06T10:40:00","guid":{"rendered":"https:\/\/www.feidt-paris.com\/?page_id=38412"},"modified":"2026-02-06T10:40:00","modified_gmt":"2026-02-06T10:40:00","slug":"cookie-policy","status":"publish","type":"page","link":"https:\/\/www.feidt-paris.com\/en\/cookie-policy\/","title":{"rendered":"Cookie Policy"},"content":{"rendered":"<h2 data-start=\"372\" data-end=\"402\">1. Qu\u2019est-ce qu\u2019un cookie ?<\/h2>\n<p data-start=\"404\" data-end=\"542\">Un cookie est un petit fichier texte d\u00e9pos\u00e9 sur votre appareil (ordinateur, smartphone, tablette) lorsque vous visitez un site internet.<\/p>\n<p data-start=\"544\" data-end=\"580\">Les cookies permettent notamment :<\/p>\n<ul data-start=\"581\" data-end=\"796\">\n<li data-start=\"581\" data-end=\"625\">\n<p data-start=\"583\" data-end=\"625\">d\u2019assurer le bon fonctionnement du site,<\/p>\n<\/li>\n<li data-start=\"626\" data-end=\"673\">\n<p data-start=\"628\" data-end=\"673\">d\u2019am\u00e9liorer votre exp\u00e9rience de navigation,<\/p>\n<\/li>\n<li data-start=\"674\" data-end=\"711\">\n<p data-start=\"676\" data-end=\"711\">d\u2019analyser l\u2019utilisation du site,<\/p>\n<\/li>\n<li data-start=\"712\" data-end=\"796\">\n<p data-start=\"714\" data-end=\"796\">et, si vous y consentez, de proposer des contenus adapt\u00e9s \u00e0 vos centres d\u2019int\u00e9r\u00eat.<\/p>\n<\/li>\n<\/ul>\n<hr data-start=\"798\" data-end=\"801\" \/>\n<h2 data-start=\"803\" data-end=\"846\">2. Pourquoi utilisons-nous des cookies ?<\/h2>\n<p data-start=\"848\" data-end=\"888\">Feidt Paris utilise des cookies pour :<\/p>\n<ul data-start=\"890\" data-end=\"1184\">\n<li data-start=\"890\" data-end=\"964\">\n<p data-start=\"892\" data-end=\"964\">faire fonctionner correctement le site (navigation, panier, paiement),<\/p>\n<\/li>\n<li data-start=\"965\" data-end=\"1026\">\n<p data-start=\"967\" data-end=\"1026\">mesurer l\u2019audience et am\u00e9liorer les performances du site,<\/p>\n<\/li>\n<li data-start=\"1027\" data-end=\"1069\">\n<p data-start=\"1029\" data-end=\"1069\">comprendre votre parcours utilisateur,<\/p>\n<\/li>\n<li data-start=\"1070\" data-end=\"1115\">\n<p data-start=\"1072\" data-end=\"1115\">optimiser votre exp\u00e9rience de navigation,<\/p>\n<\/li>\n<li data-start=\"1116\" data-end=\"1184\">\n<p data-start=\"1118\" data-end=\"1184\">et, avec votre accord, diffuser des contenus marketing pertinents.<\/p>\n<\/li>\n<\/ul>\n<hr data-start=\"1186\" data-end=\"1189\" \/>\n<h2 data-start=\"1191\" data-end=\"1243\">3. Les types de cookies utilis\u00e9s sur notre site<\/h2>\n<h3 data-start=\"1245\" data-end=\"1297\">Cookies strictement n\u00e9cessaires (obligatoires)<\/h3>\n<p data-start=\"1298\" data-end=\"1358\">Ces cookies sont indispensables au fonctionnement du site.<\/p>\n<p data-start=\"1360\" data-end=\"1388\">Ils permettent notamment :<\/p>\n<ul data-start=\"1389\" data-end=\"1523\">\n<li data-start=\"1389\" data-end=\"1419\">\n<p data-start=\"1391\" data-end=\"1419\">la navigation sur le site,<\/p>\n<\/li>\n<li data-start=\"1420\" data-end=\"1448\">\n<p data-start=\"1422\" data-end=\"1448\">l\u2019utilisation du panier,<\/p>\n<\/li>\n<li data-start=\"1449\" data-end=\"1483\">\n<p data-start=\"1451\" data-end=\"1483\">la s\u00e9curisation des paiements,<\/p>\n<\/li>\n<li data-start=\"1484\" data-end=\"1523\">\n<p data-start=\"1486\" data-end=\"1523\">la connexion \u00e0 votre compte client.<\/p>\n<\/li>\n<\/ul>\n<p data-start=\"1525\" data-end=\"1575\">Ces cookies ne n\u00e9cessitent pas votre consentement.<\/p>\n<hr data-start=\"1577\" data-end=\"1580\" \/>\n<h3 data-start=\"1582\" data-end=\"1631\">Cookies de mesure d\u2019audience (statistiques)<\/h3>\n<p data-start=\"1632\" data-end=\"1672\">Ces cookies nous aident \u00e0 comprendre :<\/p>\n<ul data-start=\"1673\" data-end=\"1784\">\n<li data-start=\"1673\" data-end=\"1700\">\n<p data-start=\"1675\" data-end=\"1700\">le nombre de visiteurs,<\/p>\n<\/li>\n<li data-start=\"1701\" data-end=\"1726\">\n<p data-start=\"1703\" data-end=\"1726\">les pages consult\u00e9es,<\/p>\n<\/li>\n<li data-start=\"1727\" data-end=\"1752\">\n<p data-start=\"1729\" data-end=\"1752\">la dur\u00e9e des visites,<\/p>\n<\/li>\n<li data-start=\"1753\" data-end=\"1784\">\n<p data-start=\"1755\" data-end=\"1784\">et le parcours sur le site.<\/p>\n<\/li>\n<\/ul>\n<p data-start=\"1786\" data-end=\"1831\">Ils ne sont d\u00e9pos\u00e9s que si vous les acceptez.<\/p>\n<hr data-start=\"1833\" data-end=\"1836\" \/>\n<h3 data-start=\"1838\" data-end=\"1878\">Cookies marketing et publicitaires<\/h3>\n<p data-start=\"1879\" data-end=\"1905\">Ces cookies permettent :<\/p>\n<ul data-start=\"1906\" data-end=\"2067\">\n<li data-start=\"1906\" data-end=\"1975\">\n<p data-start=\"1908\" data-end=\"1975\">de vous proposer des publicit\u00e9s adapt\u00e9es \u00e0 vos centres d\u2019int\u00e9r\u00eat,<\/p>\n<\/li>\n<li data-start=\"1976\" data-end=\"2021\">\n<p data-start=\"1978\" data-end=\"2021\">de mesurer l\u2019efficacit\u00e9 de nos campagnes,<\/p>\n<\/li>\n<li data-start=\"2022\" data-end=\"2067\">\n<p data-start=\"2024\" data-end=\"2067\">et d\u2019afficher des contenus personnalis\u00e9s.<\/p>\n<\/li>\n<\/ul>\n<p data-start=\"2069\" data-end=\"2137\">Ils ne sont d\u00e9pos\u00e9s que si vous donnez votre consentement explicite.<\/p>\n<hr data-start=\"2139\" data-end=\"2142\" \/>\n<h3 data-start=\"2144\" data-end=\"2170\">Cookies fonctionnels<\/h3>\n<p data-start=\"2171\" data-end=\"2247\">Ces cookies permettent certaines fonctionnalit\u00e9s non essentielles, comme :<\/p>\n<ul data-start=\"2248\" data-end=\"2371\">\n<li data-start=\"2248\" data-end=\"2276\">\n<p data-start=\"2250\" data-end=\"2276\">l\u2019int\u00e9gration de vid\u00e9os,<\/p>\n<\/li>\n<li data-start=\"2277\" data-end=\"2316\">\n<p data-start=\"2279\" data-end=\"2316\">le partage sur les r\u00e9seaux sociaux,<\/p>\n<\/li>\n<li data-start=\"2317\" data-end=\"2371\">\n<p data-start=\"2319\" data-end=\"2371\">ou certaines fonctionnalit\u00e9s interactives du site.<\/p>\n<\/li>\n<\/ul>\n<p data-start=\"2373\" data-end=\"2418\">Ils sont optionnels et soumis \u00e0 votre accord.<\/p>\n<hr data-start=\"2420\" data-end=\"2423\" \/>\n<h2 data-start=\"2425\" data-end=\"2459\">4. Liste des cookies utilis\u00e9s<\/h2>\n<p data-start=\"2460\" data-end=\"2591\">La liste d\u00e9taill\u00e9e des cookies utilis\u00e9s sur le site est accessible via le module <strong data-start=\"2541\" data-end=\"2570\">\u00ab G\u00e9rer les pr\u00e9f\u00e9rences \u00bb<\/strong> pr\u00e9sent sur le site.<\/p>\n<hr data-start=\"2593\" data-end=\"2596\" \/>\n<h2 data-start=\"2598\" data-end=\"2648\">5. Comment g\u00e9rer vos pr\u00e9f\u00e9rences de cookies ?<\/h2>\n<p data-start=\"2650\" data-end=\"2696\">Vous pouvez \u00e0 tout moment modifier vos choix :<\/p>\n<h3 data-start=\"2698\" data-end=\"2727\">Sur le site Feidt Paris<\/h3>\n<p data-start=\"2728\" data-end=\"2829\">Cliquez sur <strong data-start=\"2740\" data-end=\"2765\">\u00ab G\u00e9rer les cookies \u00bb<\/strong> ou <strong data-start=\"2769\" data-end=\"2798\">\u00ab G\u00e9rer mes pr\u00e9f\u00e9rences \u00bb<\/strong> affich\u00e9 en bas de votre \u00e9cran.<\/p>\n<hr data-start=\"2831\" data-end=\"2834\" \/>\n<h3 data-start=\"2836\" data-end=\"2862\">Via votre navigateur<\/h3>\n<p data-start=\"2863\" data-end=\"3002\">Vous pouvez \u00e9galement bloquer ou supprimer les cookies directement dans les param\u00e8tres de votre navigateur (Chrome, Safari, Firefox, Edge).<\/p>\n<hr data-start=\"3004\" data-end=\"3007\" \/>\n<h2 data-start=\"3009\" data-end=\"3050\">6. Dur\u00e9e de conservation des cookies<\/h2>\n<p data-start=\"3051\" data-end=\"3162\">Les cookies sont conserv\u00e9s pour une dur\u00e9e maximale de <strong data-start=\"3105\" data-end=\"3116\">13 mois<\/strong>, conform\u00e9ment aux recommandations de la CNIL.<\/p>\n<hr data-start=\"3164\" data-end=\"3167\" \/>\n<h2 data-start=\"3169\" data-end=\"3184\">7. Contact<\/h2>\n<p data-start=\"3185\" data-end=\"3287\">Pour toute question relative aux cookies ou \u00e0 vos donn\u00e9es personnelles, vous pouvez nous contacter :<\/p>\n<p data-start=\"3289\" data-end=\"3342\">&#x1f4e7; <a class=\"decorated-link cursor-pointer\" rel=\"noopener\" data-start=\"3292\" data-end=\"3315\">contact@feidt-paris.com<\/a><br data-start=\"3315\" data-end=\"3318\" \/>&#x1f30d; <a class=\"decorated-link cursor-pointer\" target=\"_new\" rel=\"noopener\" data-start=\"3321\" data-end=\"3340\">www.feidt-paris.com<\/a><\/p>","protected":false},"excerpt":{"rendered":"<p>1. Qu\u2019est-ce qu\u2019un cookie ? Un cookie est un petit fichier texte d\u00e9pos\u00e9 sur votre appareil (ordinateur, smartphone, tablette) lorsque vous visitez un site internet. Les cookies permettent notamment :&#8230;<\/p>","protected":false},"author":1,"featured_media":0,"parent":0,"menu_order":0,"comment_status":"closed","ping_status":"closed","template":"","meta":{"footnotes":""},"class_list":["post-38412","page","type-page","status-publish"],"yoast_head":"<!-- This site is optimized with the Yoast SEO plugin v27.4 - https:\/\/yoast.com\/product\/yoast-seo-wordpress\/ -->\n<title>Cookie Policy - Feidt<\/title>\n<meta name=\"robots\" content=\"index, follow, max-snippet:-1, max-image-preview:large, max-video-preview:-1\" \/>\n<link rel=\"canonical\" href=\"https:\/\/www.feidt-paris.com\/en\/cookie-policy\/\" \/>\n<meta property=\"og:locale\" content=\"en_US\" \/>\n<meta property=\"og:type\" content=\"article\" \/>\n<meta property=\"og:title\" content=\"Cookie Policy - Feidt\" \/>\n<meta property=\"og:description\" content=\"1. Qu\u2019est-ce qu\u2019un cookie ? Un cookie est un petit fichier texte d\u00e9pos\u00e9 sur votre appareil (ordinateur, smartphone, tablette) lorsque vous visitez un site internet. Les cookies permettent notamment :...\" \/>\n<meta property=\"og:url\" content=\"https:\/\/www.feidt-paris.com\/en\/cookie-policy\/\" \/>\n<meta property=\"og:site_name\" content=\"Feidt\" \/>\n<meta property=\"article:publisher\" content=\"https:\/\/fr-fr.facebook.com\/pages\/category\/Local-Business\/Feidt-Paris-179956148711302\/\" \/>\n<meta property=\"og:image\" content=\"https:\/\/www.feidt-paris.com\/wp-content\/uploads\/2019\/03\/trans1601237_696053910434854_2088527842_n-1-e1551450522900.png\" \/>\n\t<meta property=\"og:image:width\" content=\"450\" \/>\n\t<meta property=\"og:image:height\" content=\"142\" \/>\n\t<meta property=\"og:image:type\" content=\"image\/png\" \/>\n<meta name=\"twitter:label1\" content=\"Est. reading time\" \/>\n\t<meta name=\"twitter:data1\" content=\"2 minutes\" \/>\n<script type=\"application\/ld+json\" class=\"yoast-schema-graph\">{\"@context\":\"https:\\\/\\\/schema.org\",\"@graph\":[{\"@type\":\"WebPage\",\"@id\":\"https:\\\/\\\/www.feidt-paris.com\\\/cookie-policy\\\/\",\"url\":\"https:\\\/\\\/www.feidt-paris.com\\\/cookie-policy\\\/\",\"name\":\"Cookie Policy - Feidt\",\"isPartOf\":{\"@id\":\"https:\\\/\\\/www.feidt-paris.com\\\/#website\"},\"datePublished\":\"2026-02-06T10:40:00+00:00\",\"breadcrumb\":{\"@id\":\"https:\\\/\\\/www.feidt-paris.com\\\/cookie-policy\\\/#breadcrumb\"},\"inLanguage\":\"en-US\",\"potentialAction\":[{\"@type\":\"ReadAction\",\"target\":[\"https:\\\/\\\/www.feidt-paris.com\\\/cookie-policy\\\/\"]}]},{\"@type\":\"BreadcrumbList\",\"@id\":\"https:\\\/\\\/www.feidt-paris.com\\\/cookie-policy\\\/#breadcrumb\",\"itemListElement\":[{\"@type\":\"ListItem\",\"position\":1,\"name\":\"Accueil\",\"item\":\"https:\\\/\\\/www.feidt-paris.com\\\/\"},{\"@type\":\"ListItem\",\"position\":2,\"name\":\"Cookie Policy\"}]},{\"@type\":\"WebSite\",\"@id\":\"https:\\\/\\\/www.feidt-paris.com\\\/#website\",\"url\":\"https:\\\/\\\/www.feidt-paris.com\\\/\",\"name\":\"Feidt\",\"description\":\"Boutique officielle\",\"potentialAction\":[{\"@type\":\"SearchAction\",\"target\":{\"@type\":\"EntryPoint\",\"urlTemplate\":\"https:\\\/\\\/www.feidt-paris.com\\\/?s={search_term_string}\"},\"query-input\":{\"@type\":\"PropertyValueSpecification\",\"valueRequired\":true,\"valueName\":\"search_term_string\"}}],\"inLanguage\":\"en-US\"}]}<\/script>\n<!-- \/ Yoast SEO plugin. -->","yoast_head_json":{"title":"Cookie Policy - Feidt","robots":{"index":"index","follow":"follow","max-snippet":"max-snippet:-1","max-image-preview":"max-image-preview:large","max-video-preview":"max-video-preview:-1"},"canonical":"https:\/\/www.feidt-paris.com\/en\/cookie-policy\/","og_locale":"en_US","og_type":"article","og_title":"Cookie Policy - Feidt","og_description":"1. Qu\u2019est-ce qu\u2019un cookie ? Un cookie est un petit fichier texte d\u00e9pos\u00e9 sur votre appareil (ordinateur, smartphone, tablette) lorsque vous visitez un site internet. Les cookies permettent notamment :...","og_url":"https:\/\/www.feidt-paris.com\/en\/cookie-policy\/","og_site_name":"Feidt","article_publisher":"https:\/\/fr-fr.facebook.com\/pages\/category\/Local-Business\/Feidt-Paris-179956148711302\/","og_image":[{"width":450,"height":142,"url":"https:\/\/www.feidt-paris.com\/wp-content\/uploads\/2019\/03\/trans1601237_696053910434854_2088527842_n-1-e1551450522900.png","type":"image\/png"}],"twitter_misc":{"Est. reading time":"2 minutes"},"schema":{"@context":"https:\/\/schema.org","@graph":[{"@type":"WebPage","@id":"https:\/\/www.feidt-paris.com\/cookie-policy\/","url":"https:\/\/www.feidt-paris.com\/cookie-policy\/","name":"Cookie Policy - Feidt","isPartOf":{"@id":"https:\/\/www.feidt-paris.com\/#website"},"datePublished":"2026-02-06T10:40:00+00:00","breadcrumb":{"@id":"https:\/\/www.feidt-paris.com\/cookie-policy\/#breadcrumb"},"inLanguage":"en-US","potentialAction":[{"@type":"ReadAction","target":["https:\/\/www.feidt-paris.com\/cookie-policy\/"]}]},{"@type":"BreadcrumbList","@id":"https:\/\/www.feidt-paris.com\/cookie-policy\/#breadcrumb","itemListElement":[{"@type":"ListItem","position":1,"name":"Accueil","item":"https:\/\/www.feidt-paris.com\/"},{"@type":"ListItem","position":2,"name":"Cookie Policy"}]},{"@type":"WebSite","@id":"https:\/\/www.feidt-paris.com\/#website","url":"https:\/\/www.feidt-paris.com\/","name":"Feidt","description":"Boutique officielle","potentialAction":[{"@type":"SearchAction","target":{"@type":"EntryPoint","urlTemplate":"https:\/\/www.feidt-paris.com\/?s={search_term_string}"},"query-input":{"@type":"PropertyValueSpecification","valueRequired":true,"valueName":"search_term_string"}}],"inLanguage":"en-US"}]}},"_links":{"self":[{"href":"https:\/\/www.feidt-paris.com\/en\/wp-json\/wp\/v2\/pages\/38412","targetHints":{"allow":["GET"]}}],"collection":[{"href":"https:\/\/www.feidt-paris.com\/en\/wp-json\/wp\/v2\/pages"}],"about":[{"href":"https:\/\/www.feidt-paris.com\/en\/wp-json\/wp\/v2\/types\/page"}],"author":[{"embeddable":true,"href":"https:\/\/www.feidt-paris.com\/en\/wp-json\/wp\/v2\/users\/1"}],"replies":[{"embeddable":true,"href":"https:\/\/www.feidt-paris.com\/en\/wp-json\/wp\/v2\/comments?post=38412"}],"version-history":[{"count":1,"href":"https:\/\/www.feidt-paris.com\/en\/wp-json\/wp\/v2\/pages\/38412\/revisions"}],"predecessor-version":[{"id":38413,"href":"https:\/\/www.feidt-paris.com\/en\/wp-json\/wp\/v2\/pages\/38412\/revisions\/38413"}],"wp:attachment":[{"href":"https:\/\/www.feidt-paris.com\/en\/wp-json\/wp\/v2\/media?parent=38412"}],"curies":[{"name":"wp","href":"https:\/\/api.w.org\/{rel}","templated":true}]}}