{"id":37454,"date":"2025-06-03T13:26:24","date_gmt":"2025-06-03T13:26:24","guid":{"rendered":"https:\/\/www.feidt-paris.com\/?page_id=37454"},"modified":"2025-09-29T10:04:41","modified_gmt":"2025-09-29T10:04:41","slug":"livraison","status":"publish","type":"page","link":"https:\/\/www.feidt-paris.com\/en\/livraison\/","title":{"rendered":"Livraison et retour"},"content":{"rendered":"<div id=\"fws_69e765080f7b8\"  data-column-margin=\"default\" data-midnight=\"dark\" data-top-percent=\"4%\" data-bottom-percent=\"2%\"  class=\"wpb_row vc_row-fluid vc_row vc_row-o-full-height vc_row-o-columns-middle vc_row-o-equal-height vc_row-flex  right_padding_8pct left_padding_8pct\"  style=\"padding-top: calc(100vw * 0.04); padding-bottom: calc(100vw * 0.02); \"><div class=\"row-bg-wrap\" data-bg-animation=\"none\" data-bg-overlay=\"false\"><div class=\"inner-wrap\"><div class=\"row-bg viewport-desktop\"  style=\"\"><\/div><\/div><\/div><div class=\"row_col_wrap_12 col span_12 dark left\">\n\t<div  class=\"vc_col-sm-12 wpb_column column_container vc_column_container col no-extra-padding inherit_tablet inherit_phone\"  data-padding-pos=\"all\" data-has-bg-color=\"false\" data-bg-color=\"\" data-bg-opacity=\"1\" data-animation=\"\" data-delay=\"0\" >\n\t\t<div class=\"vc_column-inner\" >\n\t\t\t<div class=\"wpb_wrapper\">\n\t\t\t\t<div class=\"nectar-highlighted-text\" data-style=\"full_text\" data-exp=\"default\" data-using-custom-color=\"false\" data-animation-delay=\"false\" data-color=\"\" data-color-gradient=\"\" style=\"\">\n<h2>Livraison et retour<\/h2>\n<\/div>\n<div class=\"wpb_text_column wpb_content_element\" >\n\t<div class=\"wpb_wrapper\">\n\t\t<p><strong>Livraison :<\/strong><\/p>\n<ul>\n<li>Les commandes sont exp\u00e9di\u00e9es via DHL, en France comme \u00e0 l\u2019international.<\/li>\n<li>Exp\u00e9dition sous\u00a0 \u00e0 1 \u00e0 2 jours ouvr\u00e9s si le produit est disponible.<\/li>\n<li>Les produits disponibles sur commande n\u00e9cessitent 4 semaines de fabrication, puis 1 \u00e0 2 jours pour la livraison via DHL<\/li>\n<li>Le produit command\u00e9 est livr\u00e9 \u00e0 l\u2019adresse figurant sur le bon de commande de l\u2019acheteur. Cette adresse peut diff\u00e9rer de l\u2019adresse de facturation..<\/li>\n<li>La livraison est offerte \u00e0 partir de 500\u202f\u20ac d\u2019achat pour la France, et 800\u202f\u20ac pour l\u2019international (hors exceptions \u2013 voir article 4 des CGV).<\/li>\n<\/ul>\n<p><strong>R\u00e9ception :<\/strong><\/p>\n<ul>\n<li>\u00c0 r\u00e9ception, l\u2019acheteur doit v\u00e9rifier l\u2019\u00e9tat du colis et des articles.<\/li>\n<li>En cas d\u2019article manquant ou d\u2019erreur, merci de nous contacter par e-mail dans les 48h suivant la r\u00e9ception : <strong>contact@feidt-paris.com<\/strong><\/li>\n<\/ul>\n<p><strong>Retours &amp; R\u00e9tractation :<\/strong><\/p>\n<ul>\n<li>Vous disposez d\u2019un d\u00e9lai l\u00e9gal de 14 jours ouvr\u00e9s pour changer d\u2019avis.<\/li>\n<li>La demande de retour doit \u00eatre envoy\u00e9e par mail \u00e0 <strong>contact@feidt-paris.com<\/strong> avant l\u2019expiration du d\u00e9lai. La marche \u00e0 suivre vous sera alors communiqu\u00e9e par notre Service Apr\u00e8s-Vente.<\/li>\n<li>Par mesure d\u2019hygi\u00e8ne, les boucles d\u2019oreilles ne sont ni reprises ni \u00e9chang\u00e9es.<\/li>\n<li>Les produits retourn\u00e9s doivent \u00eatre neufs, non port\u00e9s, non lav\u00e9s, dans leur emballage d\u2019origine accompagn\u00e9s des items associ\u00e9s (chamoisine, sacs, certificats, \u00e9crins et pochons), accompagn\u00e9s de la facture.<\/li>\n<li>Les frais de retour sont \u00e0 la charge du client, qui est responsable de l\u2019envoi (recommand\u00e9 avec suivi\/ accus\u00e9 de r\u00e9ception).<\/li>\n<li>Si le retour est conforme, le remboursement est effectu\u00e9 sous 14 jours.<\/li>\n<li>Produits remis\u00e9s :\u00a0 Conform\u00e9ment \u00e0 nos conditions g\u00e9n\u00e9rales de vente, tout produit ayant fait l\u2019objet d\u2019une remise ou d\u2019une r\u00e9duction promotionnelle ne peut donner lieu \u00e0 un remboursement.<br \/>\nCes produits peuvent uniquement \u00eatre \u00e9chang\u00e9s contre un autre article de valeur \u00e9quivalente ou donner lieu \u00e0 l\u2019\u00e9mission d\u2019un avoir, sous r\u00e9serve qu\u2019ils soient retourn\u00e9s en parfait \u00e9tat et dans leur emballage d\u2019origine.<\/li>\n<li>Les commandes personnalis\u00e9es (hors options propos\u00e9es sur le site) ne peuvent \u00eatre rembours\u00e9es.<\/li>\n<li>En cas d\u2019erreur de notre part ou de produit d\u00e9fectueux, les frais de retour seront rembours\u00e9s.<\/li>\n<\/ul>\n<p><strong>Service client :<\/strong><\/p>\n<ul>\n<li>Par e-mail : <strong>contact@feidt-paris.com<\/strong><\/li>\n<li>Par t\u00e9l\u00e9phone : +33 (0)1 42 21 40 99 (du lundi au vendredi, de 10h \u00e0 17h)<\/li>\n<\/ul>\n\t<\/div>\n<\/div>\n\n\n\n\n\t\t\t<\/div> \n\t\t<\/div>\n\t<\/div> \n<\/div><\/div>","protected":false},"excerpt":{"rendered":"Livraison et retour Livraison : Les commandes sont exp\u00e9di\u00e9es via DHL, en France comme \u00e0 l\u2019international. Exp\u00e9dition sous\u00a0 \u00e0 1 \u00e0 2 jours ouvr\u00e9s si le produit est disponible. Les...","protected":false},"author":1,"featured_media":0,"parent":0,"menu_order":0,"comment_status":"closed","ping_status":"closed","template":"","meta":{"footnotes":""},"class_list":["post-37454","page","type-page","status-publish"],"yoast_head":"<!-- This site is optimized with the Yoast SEO plugin v27.4 - https:\/\/yoast.com\/product\/yoast-seo-wordpress\/ -->\n<title>Livraison et retour - Feidt<\/title>\n<meta name=\"robots\" content=\"noindex, nofollow\" \/>\n<meta property=\"og:locale\" content=\"en_US\" \/>\n<meta property=\"og:type\" content=\"article\" \/>\n<meta property=\"og:title\" content=\"Livraison et retour - Feidt\" \/>\n<meta property=\"og:url\" content=\"https:\/\/www.feidt-paris.com\/en\/livraison\/\" \/>\n<meta property=\"og:site_name\" content=\"Feidt\" \/>\n<meta property=\"article:publisher\" content=\"https:\/\/fr-fr.facebook.com\/pages\/category\/Local-Business\/Feidt-Paris-179956148711302\/\" \/>\n<meta property=\"article:modified_time\" content=\"2025-09-29T10:04:41+00:00\" \/>\n<meta property=\"og:image\" content=\"https:\/\/www.feidt-paris.com\/wp-content\/uploads\/2019\/03\/trans1601237_696053910434854_2088527842_n-1-e1551450522900.png\" \/>\n\t<meta property=\"og:image:width\" content=\"450\" \/>\n\t<meta property=\"og:image:height\" content=\"142\" \/>\n\t<meta property=\"og:image:type\" content=\"image\/png\" \/>\n<meta name=\"twitter:label1\" content=\"Est. reading time\" \/>\n\t<meta name=\"twitter:data1\" content=\"3 minutes\" \/>\n<script type=\"application\/ld+json\" class=\"yoast-schema-graph\">{\"@context\":\"https:\\\/\\\/schema.org\",\"@graph\":[{\"@type\":\"WebPage\",\"@id\":\"https:\\\/\\\/www.feidt-paris.com\\\/livraison\\\/\",\"url\":\"https:\\\/\\\/www.feidt-paris.com\\\/livraison\\\/\",\"name\":\"Livraison et retour - Feidt\",\"isPartOf\":{\"@id\":\"https:\\\/\\\/www.feidt-paris.com\\\/#website\"},\"datePublished\":\"2025-06-03T13:26:24+00:00\",\"dateModified\":\"2025-09-29T10:04:41+00:00\",\"breadcrumb\":{\"@id\":\"https:\\\/\\\/www.feidt-paris.com\\\/livraison\\\/#breadcrumb\"},\"inLanguage\":\"en-US\",\"potentialAction\":[{\"@type\":\"ReadAction\",\"target\":[\"https:\\\/\\\/www.feidt-paris.com\\\/livraison\\\/\"]}]},{\"@type\":\"BreadcrumbList\",\"@id\":\"https:\\\/\\\/www.feidt-paris.com\\\/livraison\\\/#breadcrumb\",\"itemListElement\":[{\"@type\":\"ListItem\",\"position\":1,\"name\":\"Accueil\",\"item\":\"https:\\\/\\\/www.feidt-paris.com\\\/\"},{\"@type\":\"ListItem\",\"position\":2,\"name\":\"Livraison et retour\"}]},{\"@type\":\"WebSite\",\"@id\":\"https:\\\/\\\/www.feidt-paris.com\\\/#website\",\"url\":\"https:\\\/\\\/www.feidt-paris.com\\\/\",\"name\":\"Feidt\",\"description\":\"Boutique officielle\",\"potentialAction\":[{\"@type\":\"SearchAction\",\"target\":{\"@type\":\"EntryPoint\",\"urlTemplate\":\"https:\\\/\\\/www.feidt-paris.com\\\/?s={search_term_string}\"},\"query-input\":{\"@type\":\"PropertyValueSpecification\",\"valueRequired\":true,\"valueName\":\"search_term_string\"}}],\"inLanguage\":\"en-US\"}]}<\/script>\n<!-- \/ Yoast SEO plugin. -->","yoast_head_json":{"title":"Livraison et retour - Feidt","robots":{"index":"noindex","follow":"nofollow"},"og_locale":"en_US","og_type":"article","og_title":"Livraison et retour - Feidt","og_url":"https:\/\/www.feidt-paris.com\/en\/livraison\/","og_site_name":"Feidt","article_publisher":"https:\/\/fr-fr.facebook.com\/pages\/category\/Local-Business\/Feidt-Paris-179956148711302\/","article_modified_time":"2025-09-29T10:04:41+00:00","og_image":[{"width":450,"height":142,"url":"https:\/\/www.feidt-paris.com\/wp-content\/uploads\/2019\/03\/trans1601237_696053910434854_2088527842_n-1-e1551450522900.png","type":"image\/png"}],"twitter_misc":{"Est. reading time":"3 minutes"},"schema":{"@context":"https:\/\/schema.org","@graph":[{"@type":"WebPage","@id":"https:\/\/www.feidt-paris.com\/livraison\/","url":"https:\/\/www.feidt-paris.com\/livraison\/","name":"Livraison et retour - Feidt","isPartOf":{"@id":"https:\/\/www.feidt-paris.com\/#website"},"datePublished":"2025-06-03T13:26:24+00:00","dateModified":"2025-09-29T10:04:41+00:00","breadcrumb":{"@id":"https:\/\/www.feidt-paris.com\/livraison\/#breadcrumb"},"inLanguage":"en-US","potentialAction":[{"@type":"ReadAction","target":["https:\/\/www.feidt-paris.com\/livraison\/"]}]},{"@type":"BreadcrumbList","@id":"https:\/\/www.feidt-paris.com\/livraison\/#breadcrumb","itemListElement":[{"@type":"ListItem","position":1,"name":"Accueil","item":"https:\/\/www.feidt-paris.com\/"},{"@type":"ListItem","position":2,"name":"Livraison et retour"}]},{"@type":"WebSite","@id":"https:\/\/www.feidt-paris.com\/#website","url":"https:\/\/www.feidt-paris.com\/","name":"Feidt","description":"Boutique officielle","potentialAction":[{"@type":"SearchAction","target":{"@type":"EntryPoint","urlTemplate":"https:\/\/www.feidt-paris.com\/?s={search_term_string}"},"query-input":{"@type":"PropertyValueSpecification","valueRequired":true,"valueName":"search_term_string"}}],"inLanguage":"en-US"}]}},"_links":{"self":[{"href":"https:\/\/www.feidt-paris.com\/en\/wp-json\/wp\/v2\/pages\/37454","targetHints":{"allow":["GET"]}}],"collection":[{"href":"https:\/\/www.feidt-paris.com\/en\/wp-json\/wp\/v2\/pages"}],"about":[{"href":"https:\/\/www.feidt-paris.com\/en\/wp-json\/wp\/v2\/types\/page"}],"author":[{"embeddable":true,"href":"https:\/\/www.feidt-paris.com\/en\/wp-json\/wp\/v2\/users\/1"}],"replies":[{"embeddable":true,"href":"https:\/\/www.feidt-paris.com\/en\/wp-json\/wp\/v2\/comments?post=37454"}],"version-history":[{"count":7,"href":"https:\/\/www.feidt-paris.com\/en\/wp-json\/wp\/v2\/pages\/37454\/revisions"}],"predecessor-version":[{"id":37754,"href":"https:\/\/www.feidt-paris.com\/en\/wp-json\/wp\/v2\/pages\/37454\/revisions\/37754"}],"wp:attachment":[{"href":"https:\/\/www.feidt-paris.com\/en\/wp-json\/wp\/v2\/media?parent=37454"}],"curies":[{"name":"wp","href":"https:\/\/api.w.org\/{rel}","templated":true}]}}