{"id":37449,"date":"2025-06-03T13:23:05","date_gmt":"2025-06-03T13:23:05","guid":{"rendered":"https:\/\/www.feidt-paris.com\/?page_id=37449"},"modified":"2025-06-20T14:40:55","modified_gmt":"2025-06-20T14:40:55","slug":"conseils-entretien","status":"publish","type":"page","link":"https:\/\/www.feidt-paris.com\/en\/conseils-entretien\/","title":{"rendered":"Conseils d&rsquo;entretien"},"content":{"rendered":"<div id=\"fws_69eb94a2f065b\"  data-column-margin=\"default\" data-midnight=\"dark\" data-top-percent=\"4%\" data-bottom-percent=\"2%\"  class=\"wpb_row vc_row-fluid vc_row vc_row-o-full-height vc_row-o-columns-middle vc_row-o-equal-height vc_row-flex  right_padding_8pct left_padding_8pct\"  style=\"padding-top: calc(100vw * 0.04); padding-bottom: calc(100vw * 0.02); \"><div class=\"row-bg-wrap\" data-bg-animation=\"none\" data-bg-overlay=\"false\"><div class=\"inner-wrap\"><div class=\"row-bg viewport-desktop\"  style=\"\"><\/div><\/div><\/div><div class=\"row_col_wrap_12 col span_12 dark left\">\n\t<div  class=\"vc_col-sm-12 wpb_column column_container vc_column_container col no-extra-padding inherit_tablet inherit_phone\"  data-padding-pos=\"all\" data-has-bg-color=\"false\" data-bg-color=\"\" data-bg-opacity=\"1\" data-animation=\"\" data-delay=\"0\" >\n\t\t<div class=\"vc_column-inner\" >\n\t\t\t<div class=\"wpb_wrapper\">\n\t\t\t\t<div class=\"nectar-highlighted-text\" data-style=\"full_text\" data-exp=\"default\" data-using-custom-color=\"false\" data-animation-delay=\"false\" data-color=\"\" data-color-gradient=\"\" style=\"\">\n<h2>Conseils d&rsquo;entretien<\/h2>\n<\/div>\n<div class=\"wpb_text_column wpb_content_element\" >\n\t<div class=\"wpb_wrapper\">\n\t\t<p>Chez FEIDT PARIS, nos cr\u00e9ations sont con\u00e7ues pour traverser le temps, mais comme tout objet pr\u00e9cieux, elles demandent attention et d\u00e9licatesse au quotidien pour pr\u00e9server leur \u00e9clat.<\/p>\n<h4>Porter vos bijoux avec soin<\/h4>\n<p>Afin de conserver la beaut\u00e9 et la brillance de vos bijoux en or 18 ou 14 carats, sertis de diamants ou de saphirs blancs, nous vous recommandons :<\/p>\n<ul>\n<li>D\u2019\u00e9viter de les porter lors d\u2019activit\u00e9s physiques ou manuelles (sport, cuisine, jardinage\u2026), qui pourraient provoquer des chocs, des rayures ou une usure pr\u00e9matur\u00e9e.<\/li>\n<li>De ne pas exposer vos bijoux \u00e0 des produits chimiques (cosm\u00e9tiques, parfums, produits m\u00e9nagers) qui pourraient alt\u00e9rer la surface de l\u2019or ou ternir l\u2019\u00e9clat des pierres.<\/li>\n<li>\n<p dir=\"auto\">D\u2019\u00e9viter les immersions \u00a0dans l\u2019eau mer, piscine, er douche<\/p>\n<\/li>\n<\/ul>\n<h4>Nettoyage<\/h4>\n<p dir=\"auto\">Un nettoyage doux et r\u00e9gulier permet de raviver la lumi\u00e8re de l\u2019or et des pierres :<\/p>\n<ul>\n<li>Pour un nettoyage plus en profondeur : plongez votre bijou dans un bol d\u2019eau ti\u00e8de additionn\u00e9e d\u2019un savon doux au pH neutre. Brossez d\u00e9licatement avec une brosse souple (type brosse \u00e0 dents tr\u00e8s douce), rincez \u00e0 l\u2019eau claire, puis s\u00e9chez avec un chiffon propre.<\/li>\n<li>\u00c9vitez les produits abrasifs ou les nettoyants chimiques qui pourraient d\u00e9t\u00e9riorer les mat\u00e9riaux nobles.<\/li>\n<\/ul>\n<h4>Rangement<\/h4>\n<p>Rangez vos bijoux FEIDT PARIS s\u00e9par\u00e9ment, dans leur \u00e9crin d\u2019origine ou dans une pochette en tissu doux, afin d\u2019\u00e9viter les frottements, les rayures ou les n\u0153uds, notamment pour les cha\u00eenes fines.<\/p>\n<h4>Contr\u00f4le et entretien<\/h4>\n<p>Nous vous conseillons de faire v\u00e9rifier vos bijoux r\u00e9guli\u00e8rement, en particulier les sertis, afin de vous assurer que les pierres sont toujours bien en place. Une inspection annuelle chez un bijoutier de confiance permet \u00e9galement de nettoyer vos pi\u00e8ces en profondeur et de leur redonner tout leur \u00e9clat.<\/p>\n<p>M\u00eame si le diamant est la pierre la plus dure, il n\u2019est pas \u00e0 l\u2019abri d\u2019un \u00e9clat en cas de choc.<\/p>\n<p>Traitez vos bijoux avec autant de douceur que d\u2019amour.<\/p>\n\t<\/div>\n<\/div>\n\n\n\n\n\t\t\t<\/div> \n\t\t<\/div>\n\t<\/div> \n<\/div><\/div>","protected":false},"excerpt":{"rendered":"Conseils d'entretien Chez FEIDT PARIS, nos cr\u00e9ations sont con\u00e7ues pour traverser le temps, mais comme tout objet pr\u00e9cieux, elles demandent attention et d\u00e9licatesse au quotidien pour pr\u00e9server leur \u00e9clat. Porter...","protected":false},"author":1,"featured_media":0,"parent":0,"menu_order":0,"comment_status":"closed","ping_status":"closed","template":"","meta":{"footnotes":""},"class_list":["post-37449","page","type-page","status-publish"],"yoast_head":"<!-- This site is optimized with the Yoast SEO plugin v27.4 - https:\/\/yoast.com\/product\/yoast-seo-wordpress\/ -->\n<title>Conseils d&#039;entretien - Feidt<\/title>\n<meta name=\"robots\" content=\"noindex, nofollow\" \/>\n<meta property=\"og:locale\" content=\"en_US\" \/>\n<meta property=\"og:type\" content=\"article\" \/>\n<meta property=\"og:title\" content=\"Conseils d&#039;entretien - Feidt\" \/>\n<meta property=\"og:url\" content=\"https:\/\/www.feidt-paris.com\/en\/conseils-entretien\/\" \/>\n<meta property=\"og:site_name\" content=\"Feidt\" \/>\n<meta property=\"article:publisher\" content=\"https:\/\/fr-fr.facebook.com\/pages\/category\/Local-Business\/Feidt-Paris-179956148711302\/\" \/>\n<meta property=\"article:modified_time\" content=\"2025-06-20T14:40:55+00:00\" \/>\n<meta property=\"og:image\" content=\"https:\/\/www.feidt-paris.com\/wp-content\/uploads\/2019\/03\/trans1601237_696053910434854_2088527842_n-1-e1551450522900.png\" \/>\n\t<meta property=\"og:image:width\" content=\"450\" \/>\n\t<meta property=\"og:image:height\" content=\"142\" \/>\n\t<meta property=\"og:image:type\" content=\"image\/png\" \/>\n<meta name=\"twitter:label1\" content=\"Est. reading time\" \/>\n\t<meta name=\"twitter:data1\" content=\"2 minutes\" \/>\n<script type=\"application\/ld+json\" class=\"yoast-schema-graph\">{\"@context\":\"https:\\\/\\\/schema.org\",\"@graph\":[{\"@type\":\"WebPage\",\"@id\":\"https:\\\/\\\/www.feidt-paris.com\\\/conseils-entretien\\\/\",\"url\":\"https:\\\/\\\/www.feidt-paris.com\\\/conseils-entretien\\\/\",\"name\":\"Conseils d'entretien - Feidt\",\"isPartOf\":{\"@id\":\"https:\\\/\\\/www.feidt-paris.com\\\/#website\"},\"datePublished\":\"2025-06-03T13:23:05+00:00\",\"dateModified\":\"2025-06-20T14:40:55+00:00\",\"breadcrumb\":{\"@id\":\"https:\\\/\\\/www.feidt-paris.com\\\/conseils-entretien\\\/#breadcrumb\"},\"inLanguage\":\"en-US\",\"potentialAction\":[{\"@type\":\"ReadAction\",\"target\":[\"https:\\\/\\\/www.feidt-paris.com\\\/conseils-entretien\\\/\"]}]},{\"@type\":\"BreadcrumbList\",\"@id\":\"https:\\\/\\\/www.feidt-paris.com\\\/conseils-entretien\\\/#breadcrumb\",\"itemListElement\":[{\"@type\":\"ListItem\",\"position\":1,\"name\":\"Accueil\",\"item\":\"https:\\\/\\\/www.feidt-paris.com\\\/\"},{\"@type\":\"ListItem\",\"position\":2,\"name\":\"Conseils d&#8217;entretien\"}]},{\"@type\":\"WebSite\",\"@id\":\"https:\\\/\\\/www.feidt-paris.com\\\/#website\",\"url\":\"https:\\\/\\\/www.feidt-paris.com\\\/\",\"name\":\"Feidt\",\"description\":\"Boutique officielle\",\"potentialAction\":[{\"@type\":\"SearchAction\",\"target\":{\"@type\":\"EntryPoint\",\"urlTemplate\":\"https:\\\/\\\/www.feidt-paris.com\\\/?s={search_term_string}\"},\"query-input\":{\"@type\":\"PropertyValueSpecification\",\"valueRequired\":true,\"valueName\":\"search_term_string\"}}],\"inLanguage\":\"en-US\"}]}<\/script>\n<!-- \/ Yoast SEO plugin. -->","yoast_head_json":{"title":"Conseils d'entretien - Feidt","robots":{"index":"noindex","follow":"nofollow"},"og_locale":"en_US","og_type":"article","og_title":"Conseils d'entretien - Feidt","og_url":"https:\/\/www.feidt-paris.com\/en\/conseils-entretien\/","og_site_name":"Feidt","article_publisher":"https:\/\/fr-fr.facebook.com\/pages\/category\/Local-Business\/Feidt-Paris-179956148711302\/","article_modified_time":"2025-06-20T14:40:55+00:00","og_image":[{"width":450,"height":142,"url":"https:\/\/www.feidt-paris.com\/wp-content\/uploads\/2019\/03\/trans1601237_696053910434854_2088527842_n-1-e1551450522900.png","type":"image\/png"}],"twitter_misc":{"Est. reading time":"2 minutes"},"schema":{"@context":"https:\/\/schema.org","@graph":[{"@type":"WebPage","@id":"https:\/\/www.feidt-paris.com\/conseils-entretien\/","url":"https:\/\/www.feidt-paris.com\/conseils-entretien\/","name":"Conseils d'entretien - Feidt","isPartOf":{"@id":"https:\/\/www.feidt-paris.com\/#website"},"datePublished":"2025-06-03T13:23:05+00:00","dateModified":"2025-06-20T14:40:55+00:00","breadcrumb":{"@id":"https:\/\/www.feidt-paris.com\/conseils-entretien\/#breadcrumb"},"inLanguage":"en-US","potentialAction":[{"@type":"ReadAction","target":["https:\/\/www.feidt-paris.com\/conseils-entretien\/"]}]},{"@type":"BreadcrumbList","@id":"https:\/\/www.feidt-paris.com\/conseils-entretien\/#breadcrumb","itemListElement":[{"@type":"ListItem","position":1,"name":"Accueil","item":"https:\/\/www.feidt-paris.com\/"},{"@type":"ListItem","position":2,"name":"Conseils d&#8217;entretien"}]},{"@type":"WebSite","@id":"https:\/\/www.feidt-paris.com\/#website","url":"https:\/\/www.feidt-paris.com\/","name":"Feidt","description":"Boutique officielle","potentialAction":[{"@type":"SearchAction","target":{"@type":"EntryPoint","urlTemplate":"https:\/\/www.feidt-paris.com\/?s={search_term_string}"},"query-input":{"@type":"PropertyValueSpecification","valueRequired":true,"valueName":"search_term_string"}}],"inLanguage":"en-US"}]}},"_links":{"self":[{"href":"https:\/\/www.feidt-paris.com\/en\/wp-json\/wp\/v2\/pages\/37449","targetHints":{"allow":["GET"]}}],"collection":[{"href":"https:\/\/www.feidt-paris.com\/en\/wp-json\/wp\/v2\/pages"}],"about":[{"href":"https:\/\/www.feidt-paris.com\/en\/wp-json\/wp\/v2\/types\/page"}],"author":[{"embeddable":true,"href":"https:\/\/www.feidt-paris.com\/en\/wp-json\/wp\/v2\/users\/1"}],"replies":[{"embeddable":true,"href":"https:\/\/www.feidt-paris.com\/en\/wp-json\/wp\/v2\/comments?post=37449"}],"version-history":[{"count":4,"href":"https:\/\/www.feidt-paris.com\/en\/wp-json\/wp\/v2\/pages\/37449\/revisions"}],"predecessor-version":[{"id":37541,"href":"https:\/\/www.feidt-paris.com\/en\/wp-json\/wp\/v2\/pages\/37449\/revisions\/37541"}],"wp:attachment":[{"href":"https:\/\/www.feidt-paris.com\/en\/wp-json\/wp\/v2\/media?parent=37449"}],"curies":[{"name":"wp","href":"https:\/\/api.w.org\/{rel}","templated":true}]}}