{"id":34180,"date":"2022-07-26T13:20:45","date_gmt":"2022-07-26T13:20:45","guid":{"rendered":"https:\/\/www.feidt-paris.com\/?page_id=34180"},"modified":"2025-06-05T10:11:41","modified_gmt":"2025-06-05T10:11:41","slug":"service-apres-vente","status":"publish","type":"page","link":"https:\/\/www.feidt-paris.com\/en\/service-apres-vente\/","title":{"rendered":"Service apr\u00e8s vente"},"content":{"rendered":"<div id=\"fws_69ddf70737b1e\"  data-column-margin=\"default\" data-midnight=\"dark\" data-top-percent=\"4%\" data-bottom-percent=\"2%\"  class=\"wpb_row vc_row-fluid vc_row vc_row-o-full-height vc_row-o-columns-middle vc_row-o-equal-height vc_row-flex  right_padding_8pct left_padding_8pct\"  style=\"padding-top: calc(100vw * 0.04); padding-bottom: calc(100vw * 0.02); \"><div class=\"row-bg-wrap\" data-bg-animation=\"none\" data-bg-overlay=\"false\"><div class=\"inner-wrap\"><div class=\"row-bg viewport-desktop\"  style=\"\"><\/div><\/div><\/div><div class=\"row_col_wrap_12 col span_12 dark left\">\n\t<div  class=\"vc_col-sm-12 wpb_column column_container vc_column_container col no-extra-padding inherit_tablet inherit_phone\"  data-padding-pos=\"all\" data-has-bg-color=\"false\" data-bg-color=\"\" data-bg-opacity=\"1\" data-animation=\"\" data-delay=\"0\" >\n\t\t<div class=\"vc_column-inner\" >\n\t\t\t<div class=\"wpb_wrapper\">\n\t\t\t\t<div class=\"nectar-highlighted-text\" data-style=\"full_text\" data-exp=\"default\" data-using-custom-color=\"false\" data-animation-delay=\"false\" data-color=\"\" data-color-gradient=\"\" style=\"\">\n<h2>Service Apr\u00e8s Vente<\/h2>\n<\/div>\n<div class=\"wpb_text_column wpb_content_element\" >\n\t<div class=\"wpb_wrapper\">\n\t\t<p style=\"text-align: justify;\">Nos bijoux sont garantis 1 an \u00e0 compter de la date d\u2019achat, sur pr\u00e9sentation de la facture d\u2019achat ou du certificat d\u2019authenticit\u00e9.<\/p>\n<p style=\"text-align: justify;\">Les garanties FEIDT Paris couvrent uniquement un d\u00e9faut de fabrication.<\/p>\n<p style=\"text-align: justify;\">Tout dommage r\u00e9sultant d\u2019une mauvaise utilisation ne pourra \u00eatre pris en charge par la marque.<br \/>\nDans ce cas, une expertise sera faite par nos ateliers et donnera lieu \u00e0 un devis \u00e0 r\u00e9gler par le client.<\/p>\n<p style=\"text-align: justify;\"><strong>Notre garantie s\u2019applique dans le cadre d\u2019une utilisation normale.<\/strong><\/p>\n<p style=\"text-align: justify;\">La garantie n&rsquo;inclut pas le vieillissement, l\u2019usure et l\u2019alt\u00e9ration due \u00e0 l\u2019usage d\u2019un parfum, ainsi que la d\u00e9t\u00e9rioration, la casse ou la perte r\u00e9sultant d\u2019une utilisation impropre, un d\u00e9faut d\u2019entretien ou l\u2019intervention d\u2019un tiers.<\/p>\n<p style=\"text-align: justify;\">Afin de nous faire part d\u2019un probl\u00e8me concernant l\u2019un de nos bijoux, un formulaire de retour SAV est disponible dans l\u2019onglet \u00ab <strong>Contact<\/strong> \u00bb. Le client peut \u00e9galement envoyer un email \u00e0 l\u2019adresse<strong> <a href=\"mailto:contact@feidt-paris.com\">contact@feidt-paris.com <\/a><\/strong> avec la photo du bijou endommag\u00e9 accompagn\u00e9e de la facture et d\u2019une annotation sur la fa\u00e7on dont celui-ci a \u00e9t\u00e9 endommag\u00e9.<br \/>\nNous vous confirmerons ou non le renvoi du produit, la nature de sa prise en charge et vous indiquerons la marche \u00e0 suivre.<\/p>\n<p style=\"text-align: justify;\">Le retour du bijou s\u2019effectue aux frais du client. Il est donc conseill\u00e9 de proc\u00e9der par voie recommand\u00e9e.<\/p>\n<p>Veuillez emballer ad\u00e9quatement votre produit avec tout le soin requis, en tenant compte de sa valeur. Tout dommage, destruction ou perte r\u00e9sultant d\u2019un emballage inad\u00e9quat rel\u00e8vera de votre seule responsabilit\u00e9.<\/p>\n<p>FEIDT Paris d\u00e9cline toute responsabilit\u00e9 pour toute perte ou vol de votre produit pendant le transport, relevant de votre seule responsabilit\u00e9.<\/p>\n<p style=\"text-align: justify;\">Les d\u00e9lais de r\u00e9parations au sein de nos ateliers sont de <strong>4 \u00e0 6 semaines<\/strong>.<\/p>\n\t<\/div>\n<\/div>\n\n\n\n\n\t\t\t<\/div> \n\t\t<\/div>\n\t<\/div> \n<\/div><\/div>","protected":false},"excerpt":{"rendered":"Service Apr\u00e8s Vente Nos bijoux sont garantis 1 an \u00e0 compter de la date d\u2019achat, sur pr\u00e9sentation de la facture d\u2019achat ou du certificat d\u2019authenticit\u00e9. Les garanties FEIDT Paris couvrent...","protected":false},"author":699,"featured_media":0,"parent":0,"menu_order":0,"comment_status":"closed","ping_status":"closed","template":"","meta":{"footnotes":""},"class_list":["post-34180","page","type-page","status-publish"],"yoast_head":"<!-- This site is optimized with the Yoast SEO plugin v27.3 - https:\/\/yoast.com\/product\/yoast-seo-wordpress\/ -->\n<title>Service apr\u00e8s vente - Feidt<\/title>\n<meta name=\"robots\" content=\"index, follow, max-snippet:-1, max-image-preview:large, max-video-preview:-1\" \/>\n<link rel=\"canonical\" href=\"https:\/\/www.feidt-paris.com\/en\/service-apres-vente\/\" \/>\n<meta property=\"og:locale\" content=\"en_US\" \/>\n<meta property=\"og:type\" content=\"article\" \/>\n<meta property=\"og:title\" content=\"Service apr\u00e8s vente - Feidt\" \/>\n<meta property=\"og:url\" content=\"https:\/\/www.feidt-paris.com\/en\/service-apres-vente\/\" \/>\n<meta property=\"og:site_name\" content=\"Feidt\" \/>\n<meta property=\"article:publisher\" content=\"https:\/\/fr-fr.facebook.com\/pages\/category\/Local-Business\/Feidt-Paris-179956148711302\/\" \/>\n<meta property=\"article:modified_time\" content=\"2025-06-05T10:11:41+00:00\" \/>\n<meta property=\"og:image\" content=\"https:\/\/www.feidt-paris.com\/wp-content\/uploads\/2019\/03\/trans1601237_696053910434854_2088527842_n-1-e1551450522900.png\" \/>\n\t<meta property=\"og:image:width\" content=\"450\" \/>\n\t<meta property=\"og:image:height\" content=\"142\" \/>\n\t<meta property=\"og:image:type\" content=\"image\/png\" \/>\n<meta name=\"twitter:label1\" content=\"Est. reading time\" \/>\n\t<meta name=\"twitter:data1\" content=\"2 minutes\" \/>\n<script type=\"application\/ld+json\" class=\"yoast-schema-graph\">{\"@context\":\"https:\\\/\\\/schema.org\",\"@graph\":[{\"@type\":\"WebPage\",\"@id\":\"https:\\\/\\\/www.feidt-paris.com\\\/service-apres-vente\\\/\",\"url\":\"https:\\\/\\\/www.feidt-paris.com\\\/service-apres-vente\\\/\",\"name\":\"Service apr\u00e8s vente - Feidt\",\"isPartOf\":{\"@id\":\"https:\\\/\\\/www.feidt-paris.com\\\/#website\"},\"datePublished\":\"2022-07-26T13:20:45+00:00\",\"dateModified\":\"2025-06-05T10:11:41+00:00\",\"breadcrumb\":{\"@id\":\"https:\\\/\\\/www.feidt-paris.com\\\/service-apres-vente\\\/#breadcrumb\"},\"inLanguage\":\"en-US\",\"potentialAction\":[{\"@type\":\"ReadAction\",\"target\":[\"https:\\\/\\\/www.feidt-paris.com\\\/service-apres-vente\\\/\"]}]},{\"@type\":\"BreadcrumbList\",\"@id\":\"https:\\\/\\\/www.feidt-paris.com\\\/service-apres-vente\\\/#breadcrumb\",\"itemListElement\":[{\"@type\":\"ListItem\",\"position\":1,\"name\":\"Accueil\",\"item\":\"https:\\\/\\\/www.feidt-paris.com\\\/\"},{\"@type\":\"ListItem\",\"position\":2,\"name\":\"Service apr\u00e8s vente\"}]},{\"@type\":\"WebSite\",\"@id\":\"https:\\\/\\\/www.feidt-paris.com\\\/#website\",\"url\":\"https:\\\/\\\/www.feidt-paris.com\\\/\",\"name\":\"Feidt\",\"description\":\"Boutique officielle\",\"potentialAction\":[{\"@type\":\"SearchAction\",\"target\":{\"@type\":\"EntryPoint\",\"urlTemplate\":\"https:\\\/\\\/www.feidt-paris.com\\\/?s={search_term_string}\"},\"query-input\":{\"@type\":\"PropertyValueSpecification\",\"valueRequired\":true,\"valueName\":\"search_term_string\"}}],\"inLanguage\":\"en-US\"}]}<\/script>\n<!-- \/ Yoast SEO plugin. -->","yoast_head_json":{"title":"Service apr\u00e8s vente - Feidt","robots":{"index":"index","follow":"follow","max-snippet":"max-snippet:-1","max-image-preview":"max-image-preview:large","max-video-preview":"max-video-preview:-1"},"canonical":"https:\/\/www.feidt-paris.com\/en\/service-apres-vente\/","og_locale":"en_US","og_type":"article","og_title":"Service apr\u00e8s vente - Feidt","og_url":"https:\/\/www.feidt-paris.com\/en\/service-apres-vente\/","og_site_name":"Feidt","article_publisher":"https:\/\/fr-fr.facebook.com\/pages\/category\/Local-Business\/Feidt-Paris-179956148711302\/","article_modified_time":"2025-06-05T10:11:41+00:00","og_image":[{"width":450,"height":142,"url":"https:\/\/www.feidt-paris.com\/wp-content\/uploads\/2019\/03\/trans1601237_696053910434854_2088527842_n-1-e1551450522900.png","type":"image\/png"}],"twitter_misc":{"Est. reading time":"2 minutes"},"schema":{"@context":"https:\/\/schema.org","@graph":[{"@type":"WebPage","@id":"https:\/\/www.feidt-paris.com\/service-apres-vente\/","url":"https:\/\/www.feidt-paris.com\/service-apres-vente\/","name":"Service apr\u00e8s vente - Feidt","isPartOf":{"@id":"https:\/\/www.feidt-paris.com\/#website"},"datePublished":"2022-07-26T13:20:45+00:00","dateModified":"2025-06-05T10:11:41+00:00","breadcrumb":{"@id":"https:\/\/www.feidt-paris.com\/service-apres-vente\/#breadcrumb"},"inLanguage":"en-US","potentialAction":[{"@type":"ReadAction","target":["https:\/\/www.feidt-paris.com\/service-apres-vente\/"]}]},{"@type":"BreadcrumbList","@id":"https:\/\/www.feidt-paris.com\/service-apres-vente\/#breadcrumb","itemListElement":[{"@type":"ListItem","position":1,"name":"Accueil","item":"https:\/\/www.feidt-paris.com\/"},{"@type":"ListItem","position":2,"name":"Service apr\u00e8s vente"}]},{"@type":"WebSite","@id":"https:\/\/www.feidt-paris.com\/#website","url":"https:\/\/www.feidt-paris.com\/","name":"Feidt","description":"Boutique officielle","potentialAction":[{"@type":"SearchAction","target":{"@type":"EntryPoint","urlTemplate":"https:\/\/www.feidt-paris.com\/?s={search_term_string}"},"query-input":{"@type":"PropertyValueSpecification","valueRequired":true,"valueName":"search_term_string"}}],"inLanguage":"en-US"}]}},"_links":{"self":[{"href":"https:\/\/www.feidt-paris.com\/en\/wp-json\/wp\/v2\/pages\/34180","targetHints":{"allow":["GET"]}}],"collection":[{"href":"https:\/\/www.feidt-paris.com\/en\/wp-json\/wp\/v2\/pages"}],"about":[{"href":"https:\/\/www.feidt-paris.com\/en\/wp-json\/wp\/v2\/types\/page"}],"author":[{"embeddable":true,"href":"https:\/\/www.feidt-paris.com\/en\/wp-json\/wp\/v2\/users\/699"}],"replies":[{"embeddable":true,"href":"https:\/\/www.feidt-paris.com\/en\/wp-json\/wp\/v2\/comments?post=34180"}],"version-history":[{"count":10,"href":"https:\/\/www.feidt-paris.com\/en\/wp-json\/wp\/v2\/pages\/34180\/revisions"}],"predecessor-version":[{"id":37484,"href":"https:\/\/www.feidt-paris.com\/en\/wp-json\/wp\/v2\/pages\/34180\/revisions\/37484"}],"wp:attachment":[{"href":"https:\/\/www.feidt-paris.com\/en\/wp-json\/wp\/v2\/media?parent=34180"}],"curies":[{"name":"wp","href":"https:\/\/api.w.org\/{rel}","templated":true}]}}