{"id":17388,"date":"2019-03-20T09:58:43","date_gmt":"2019-03-20T09:58:43","guid":{"rendered":"https:\/\/feidt-paris.com\/?page_id=17388"},"modified":"2022-06-14T09:19:12","modified_gmt":"2022-06-14T09:19:12","slug":"contact","status":"publish","type":"page","link":"https:\/\/www.feidt-paris.com\/en\/contact\/","title":{"rendered":"Contact"},"content":{"rendered":"\n\t\t<div id=\"fws_69f3e3bc77d77\"  data-column-margin=\"default\" data-midnight=\"dark\" data-top-percent=\"5%\" data-bottom-percent=\"5%\"  class=\"wpb_row vc_row-fluid vc_row vc_row-o-equal-height vc_row-flex  right_padding_8pct left_padding_8pct\"  style=\"padding-top: calc(100vw * 0.05); padding-bottom: calc(100vw * 0.05); \"><div class=\"row-bg-wrap\" data-bg-animation=\"none\" data-bg-overlay=\"false\"><div class=\"inner-wrap\"><div class=\"row-bg viewport-desktop\"  style=\"\"><\/div><\/div><\/div><div class=\"row_col_wrap_12 col span_12 dark left\">\n\t<div  class=\"vc_col-sm-12 wpb_column column_container vc_column_container col no-extra-padding inherit_tablet inherit_phone \"  data-padding-pos=\"all\" data-has-bg-color=\"false\" data-bg-color=\"\" data-bg-opacity=\"1\" data-animation=\"\" data-delay=\"0\" >\n\t\t<div class=\"vc_column-inner\" >\n\t\t\t<div class=\"wpb_wrapper\">\n\t\t\t\t\n<div class=\"wpb_text_column wpb_content_element \" >\n\t<div class=\"wpb_wrapper\">\n\t\t<h2>CONTACT<\/h2>\n<p>&nbsp;<\/p>\n<p>Merci de compl\u00e9ter les informations ci-dessous, nous vous r\u00e9pondrons dans les meilleurs d\u00e9lais.<\/p>\n\t<\/div>\n<\/div>\n\n\n\n<div id=\"fws_69f3e3bc7b48c\" data-midnight=\"\" data-column-margin=\"default\" class=\"wpb_row vc_row-fluid vc_row inner_row\"  style=\"\"><div class=\"row-bg-wrap\"> <div class=\"row-bg\" ><\/div> <\/div><div class=\"row_col_wrap_12_inner col span_12  left\">\n\t<div  class=\"vc_col-sm-12 wpb_column column_container vc_column_container col child_column no-extra-padding inherit_tablet inherit_phone \"   data-padding-pos=\"all\" data-has-bg-color=\"false\" data-bg-color=\"\" data-bg-opacity=\"1\" data-animation=\"\" data-delay=\"0\" >\n\t\t<div class=\"vc_column-inner\" >\n\t\t<div class=\"wpb_wrapper\">\n\t\t\t<div class=\"wpforms-container wpforms-container-full wpf-center\" id=\"wpforms-29530\"><form id=\"wpforms-form-29530\" class=\"wpforms-validate wpforms-form\" data-formid=\"29530\" method=\"post\" enctype=\"multipart\/form-data\" action=\"\/en\/wp-json\/wp\/v2\/pages\/17388\" data-token=\"71da046f6d572b063d3937686d7232fd\" data-token-time=\"1777591228\"><noscript class=\"wpforms-error-noscript\">Please enable JavaScript in your browser to complete this form.<\/noscript><div class=\"wpforms-field-container\"><div id=\"wpforms-29530-field_1-container\" class=\"wpforms-field wpforms-field-select wpforms-conditional-trigger wpforms-field-select-style-classic\" data-field-id=\"1\"><label class=\"wpforms-field-label\" for=\"wpforms-29530-field_1\">Votre demande concerne <span class=\"wpforms-required-label\">*<\/span><\/label><select id=\"wpforms-29530-field_1\" class=\"wpforms-field-medium wpforms-field-required\" name=\"wpforms[fields][1]\" required=\"required\"><option value=\"Question produits \/ Commande en cours\"  class=\"choice-2 depth-1\"  >Question produits \/ Commande en cours<\/option><option value=\"Un retour SAV\"  class=\"choice-1 depth-1\"  >Un retour SAV<\/option><option value=\"Un probl\u00e8me sur le site Web\"  class=\"choice-3 depth-1\"  >Un probl\u00e8me sur le site Web<\/option><\/select><\/div><div id=\"wpforms-29530-field_15-container\" class=\"wpforms-field wpforms-field-select wpforms-conditional-field wpforms-conditional-show wpforms-conditional-trigger wpforms-field-select-style-classic\" data-field-id=\"15\" style=\"display:none;\"><label class=\"wpforms-field-label\" for=\"wpforms-29530-field_15\">Veuillez choisir une option <span class=\"wpforms-required-label\">*<\/span><\/label><select id=\"wpforms-29530-field_15\" class=\"wpforms-field-medium wpforms-field-required\" name=\"wpforms[fields][15]\" required=\"required\"><option value=\"Question sur nos produits\"  class=\"choice-2 depth-1\"  >Question sur nos produits<\/option><option value=\"Commande en cours\"  class=\"choice-1 depth-1\"  >Commande en cours<\/option><\/select><\/div><div id=\"wpforms-29530-field_2-container\" class=\"wpforms-field wpforms-field-name\" data-field-id=\"2\"><label class=\"wpforms-field-label\" for=\"wpforms-29530-field_2\">Nom <span class=\"wpforms-required-label\">*<\/span><\/label><input type=\"text\" id=\"wpforms-29530-field_2\" class=\"wpforms-field-medium wpforms-field-required\" name=\"wpforms[fields][2]\" required><\/div><div id=\"wpforms-29530-field_7-container\" class=\"wpforms-field wpforms-field-email\" data-field-id=\"7\"><label class=\"wpforms-field-label\" for=\"wpforms-29530-field_7\">E-mail <span class=\"wpforms-required-label\">*<\/span><\/label><input type=\"email\" id=\"wpforms-29530-field_7\" class=\"wpforms-field-medium wpforms-field-required\" name=\"wpforms[fields][7]\" spellcheck=\"false\" required><\/div><div id=\"wpforms-29530-field_5-container\" class=\"wpforms-field wpforms-field-phone\" data-field-id=\"5\"><label class=\"wpforms-field-label\" for=\"wpforms-29530-field_5\">T\u00e9l\u00e9phone<\/label><input type=\"tel\" id=\"wpforms-29530-field_5\" class=\"wpforms-field-medium wpforms-smart-phone-field\" data-rule-smart-phone-field=\"true\" name=\"wpforms[fields][5]\" aria-label=\"T\u00e9l\u00e9phone\" ><\/div><div id=\"wpforms-29530-field_16-container\" class=\"wpforms-field wpforms-field-text wpforms-conditional-field wpforms-conditional-show\" data-field-id=\"16\" style=\"display:none;\"><label class=\"wpforms-field-label\" for=\"wpforms-29530-field_16\">Num\u00e9ro de commande <span class=\"wpforms-required-label\">*<\/span><\/label><input type=\"text\" id=\"wpforms-29530-field_16\" class=\"wpforms-field-medium wpforms-field-required\" name=\"wpforms[fields][16]\" required><\/div><div id=\"wpforms-29530-field_10-container\" class=\"wpforms-field wpforms-field-date-time wpforms-conditional-field wpforms-conditional-show\" data-field-id=\"10\" style=\"display:none;\"><label class=\"wpforms-field-label\" for=\"wpforms-29530-field_10\">Date d&#039;achat <span class=\"wpforms-required-label\">*<\/span><\/label><div class=\"wpforms-datepicker-wrap\"><input type=\"text\" id=\"wpforms-29530-field_10\" class=\"wpforms-field-date-time-date wpforms-datepicker wpforms-field-required wpforms-field-medium\" data-date-format=\"m\/d\/Y\" data-disable-past-dates=\"0\" data-input=\"true\" name=\"wpforms[fields][10][date]\" required><a title=\"Clear Date\" data-clear role=\"button\" tabindex=\"0\" class=\"wpforms-datepicker-clear\" aria-label=\"Clear Date\" style=\"display:none;\"><\/a><\/div><\/div><div id=\"wpforms-29530-field_4-container\" class=\"wpforms-field wpforms-field-textarea\" data-field-id=\"4\"><label class=\"wpforms-field-label\" for=\"wpforms-29530-field_4\">Votre message <span class=\"wpforms-required-label\">*<\/span><\/label><textarea id=\"wpforms-29530-field_4\" class=\"wpforms-field-medium wpforms-field-required\" name=\"wpforms[fields][4]\" required><\/textarea><\/div><\/div><!-- .wpforms-field-container --><div class=\"wpforms-recaptcha-container wpforms-is-recaptcha wpforms-is-recaptcha-type-v3\" ><input type=\"hidden\" name=\"wpforms[recaptcha]\" value=\"\"><\/div><div class=\"wpforms-submit-container\" ><input type=\"hidden\" name=\"wpforms[id]\" value=\"29530\"><input type=\"hidden\" name=\"page_title\" value=\"\"><input type=\"hidden\" name=\"page_url\" value=\"https:\/\/www.feidt-paris.com\/en\/wp-json\/wp\/v2\/pages\/17388\"><input type=\"hidden\" name=\"url_referer\" value=\"\"><button type=\"submit\" name=\"wpforms[submit]\" id=\"wpforms-submit-29530\" class=\"wpforms-submit\" data-alt-text=\"Votre demande est en cours de traitement\" data-submit-text=\"ENVOYER\" aria-live=\"assertive\" value=\"wpforms-submit\">ENVOYER<\/button><\/div><\/form><\/div>  <!-- .wpforms-container -->\n\t\t<\/div> \n\t<\/div>\n\t<\/div> \n<\/div><\/div>\n\t\t\t<\/div> \n\t\t<\/div>\n\t<\/div> \n<\/div><\/div>\n","protected":false},"excerpt":{"rendered":"CONTACT &nbsp; Merci de compl\u00e9ter les informations ci-dessous, nous vous r\u00e9pondrons dans les meilleurs d\u00e9lais. Please enable JavaScript in your browser to complete this form.Votre demande concerne *Question produits \/...","protected":false},"author":1,"featured_media":0,"parent":0,"menu_order":0,"comment_status":"closed","ping_status":"closed","template":"","meta":{"footnotes":""},"class_list":["post-17388","page","type-page","status-publish"],"yoast_head":"<!-- This site is optimized with the Yoast SEO plugin v27.5 - https:\/\/yoast.com\/product\/yoast-seo-wordpress\/ -->\n<title>Contact - Feidt<\/title>\n<meta name=\"robots\" content=\"index, follow, max-snippet:-1, max-image-preview:large, max-video-preview:-1\" \/>\n<link rel=\"canonical\" href=\"https:\/\/www.feidt-paris.com\/en\/contact\/\" \/>\n<meta property=\"og:locale\" content=\"en_US\" \/>\n<meta property=\"og:type\" content=\"article\" \/>\n<meta property=\"og:title\" content=\"Contact - Feidt\" \/>\n<meta property=\"og:url\" content=\"https:\/\/www.feidt-paris.com\/en\/contact\/\" \/>\n<meta property=\"og:site_name\" content=\"Feidt\" \/>\n<meta property=\"article:publisher\" content=\"https:\/\/fr-fr.facebook.com\/pages\/category\/Local-Business\/Feidt-Paris-179956148711302\/\" \/>\n<meta property=\"article:modified_time\" content=\"2022-06-14T09:19:12+00:00\" \/>\n<meta property=\"og:image\" content=\"https:\/\/www.feidt-paris.com\/wp-content\/uploads\/2019\/03\/trans1601237_696053910434854_2088527842_n-1-e1551450522900.png\" \/>\n\t<meta property=\"og:image:width\" content=\"450\" \/>\n\t<meta property=\"og:image:height\" content=\"142\" \/>\n\t<meta property=\"og:image:type\" content=\"image\/png\" \/>\n<meta name=\"twitter:label1\" content=\"Est. reading time\" \/>\n\t<meta name=\"twitter:data1\" content=\"2 minutes\" \/>\n<script type=\"application\/ld+json\" class=\"yoast-schema-graph\">{\"@context\":\"https:\\\/\\\/schema.org\",\"@graph\":[{\"@type\":\"WebPage\",\"@id\":\"https:\\\/\\\/www.feidt-paris.com\\\/contact\\\/\",\"url\":\"https:\\\/\\\/www.feidt-paris.com\\\/contact\\\/\",\"name\":\"Contact - Feidt\",\"isPartOf\":{\"@id\":\"https:\\\/\\\/www.feidt-paris.com\\\/#website\"},\"datePublished\":\"2019-03-20T09:58:43+00:00\",\"dateModified\":\"2022-06-14T09:19:12+00:00\",\"breadcrumb\":{\"@id\":\"https:\\\/\\\/www.feidt-paris.com\\\/contact\\\/#breadcrumb\"},\"inLanguage\":\"en-US\",\"potentialAction\":[{\"@type\":\"ReadAction\",\"target\":[\"https:\\\/\\\/www.feidt-paris.com\\\/contact\\\/\"]}]},{\"@type\":\"BreadcrumbList\",\"@id\":\"https:\\\/\\\/www.feidt-paris.com\\\/contact\\\/#breadcrumb\",\"itemListElement\":[{\"@type\":\"ListItem\",\"position\":1,\"name\":\"Accueil\",\"item\":\"https:\\\/\\\/www.feidt-paris.com\\\/\"},{\"@type\":\"ListItem\",\"position\":2,\"name\":\"Contact\"}]},{\"@type\":\"WebSite\",\"@id\":\"https:\\\/\\\/www.feidt-paris.com\\\/#website\",\"url\":\"https:\\\/\\\/www.feidt-paris.com\\\/\",\"name\":\"Feidt\",\"description\":\"Boutique officielle\",\"potentialAction\":[{\"@type\":\"SearchAction\",\"target\":{\"@type\":\"EntryPoint\",\"urlTemplate\":\"https:\\\/\\\/www.feidt-paris.com\\\/?s={search_term_string}\"},\"query-input\":{\"@type\":\"PropertyValueSpecification\",\"valueRequired\":true,\"valueName\":\"search_term_string\"}}],\"inLanguage\":\"en-US\"}]}<\/script>\n<!-- \/ Yoast SEO plugin. -->","yoast_head_json":{"title":"Contact - Feidt","robots":{"index":"index","follow":"follow","max-snippet":"max-snippet:-1","max-image-preview":"max-image-preview:large","max-video-preview":"max-video-preview:-1"},"canonical":"https:\/\/www.feidt-paris.com\/en\/contact\/","og_locale":"en_US","og_type":"article","og_title":"Contact - Feidt","og_url":"https:\/\/www.feidt-paris.com\/en\/contact\/","og_site_name":"Feidt","article_publisher":"https:\/\/fr-fr.facebook.com\/pages\/category\/Local-Business\/Feidt-Paris-179956148711302\/","article_modified_time":"2022-06-14T09:19:12+00:00","og_image":[{"width":450,"height":142,"url":"https:\/\/www.feidt-paris.com\/wp-content\/uploads\/2019\/03\/trans1601237_696053910434854_2088527842_n-1-e1551450522900.png","type":"image\/png"}],"twitter_misc":{"Est. reading time":"2 minutes"},"schema":{"@context":"https:\/\/schema.org","@graph":[{"@type":"WebPage","@id":"https:\/\/www.feidt-paris.com\/contact\/","url":"https:\/\/www.feidt-paris.com\/contact\/","name":"Contact - Feidt","isPartOf":{"@id":"https:\/\/www.feidt-paris.com\/#website"},"datePublished":"2019-03-20T09:58:43+00:00","dateModified":"2022-06-14T09:19:12+00:00","breadcrumb":{"@id":"https:\/\/www.feidt-paris.com\/contact\/#breadcrumb"},"inLanguage":"en-US","potentialAction":[{"@type":"ReadAction","target":["https:\/\/www.feidt-paris.com\/contact\/"]}]},{"@type":"BreadcrumbList","@id":"https:\/\/www.feidt-paris.com\/contact\/#breadcrumb","itemListElement":[{"@type":"ListItem","position":1,"name":"Accueil","item":"https:\/\/www.feidt-paris.com\/"},{"@type":"ListItem","position":2,"name":"Contact"}]},{"@type":"WebSite","@id":"https:\/\/www.feidt-paris.com\/#website","url":"https:\/\/www.feidt-paris.com\/","name":"Feidt","description":"Boutique officielle","potentialAction":[{"@type":"SearchAction","target":{"@type":"EntryPoint","urlTemplate":"https:\/\/www.feidt-paris.com\/?s={search_term_string}"},"query-input":{"@type":"PropertyValueSpecification","valueRequired":true,"valueName":"search_term_string"}}],"inLanguage":"en-US"}]}},"_links":{"self":[{"href":"https:\/\/www.feidt-paris.com\/en\/wp-json\/wp\/v2\/pages\/17388","targetHints":{"allow":["GET"]}}],"collection":[{"href":"https:\/\/www.feidt-paris.com\/en\/wp-json\/wp\/v2\/pages"}],"about":[{"href":"https:\/\/www.feidt-paris.com\/en\/wp-json\/wp\/v2\/types\/page"}],"author":[{"embeddable":true,"href":"https:\/\/www.feidt-paris.com\/en\/wp-json\/wp\/v2\/users\/1"}],"replies":[{"embeddable":true,"href":"https:\/\/www.feidt-paris.com\/en\/wp-json\/wp\/v2\/comments?post=17388"}],"version-history":[{"count":24,"href":"https:\/\/www.feidt-paris.com\/en\/wp-json\/wp\/v2\/pages\/17388\/revisions"}],"predecessor-version":[{"id":33677,"href":"https:\/\/www.feidt-paris.com\/en\/wp-json\/wp\/v2\/pages\/17388\/revisions\/33677"}],"wp:attachment":[{"href":"https:\/\/www.feidt-paris.com\/en\/wp-json\/wp\/v2\/media?parent=17388"}],"curies":[{"name":"wp","href":"https:\/\/api.w.org\/{rel}","templated":true}]}}